{"id":6319,"date":"2018-05-22T12:55:58","date_gmt":"2018-05-22T10:55:58","guid":{"rendered":"http:\/\/ksiegarnia-akademicka.pl\/index.php\/product\/pracownia-ekonomiczna-czesc-iii-kadry-i-place-i-obsluga-programow-gratyfikant-i-platnik\/"},"modified":"2024-12-14T13:25:53","modified_gmt":"2024-12-14T12:25:53","slug":"pracownia-ekonomiczna-czesc-iii-kadry-i-place-i-obsluga-programow-gratyfikant-i-platnik","status":"publish","type":"product","link":"http:\/\/ksiegarnia-akademicka.pl\/index.php\/product\/pracownia-ekonomiczna-czesc-iii-kadry-i-place-i-obsluga-programow-gratyfikant-i-platnik\/","title":{"rendered":"PRACOWNIA EKONOMICZNA. CZ\u0118\u015a\u0106 III. KADRY I P\u0141ACE I OBS\u0141UGA PROGRAM\u00d3W: GRATYFIKANT I P\u0141ATNIK"},"content":{"rendered":"<p>Bo\u017cena Padurek<br \/>\nEwa Janiszewska-\u015awiderska<\/p>\n<p>Podr\u0119cznik z zakresu kadr i p\u0142ac, obs\u0142ugi programu kadrowo-p\u0142acowego Gratyfikant GT i rozlicze\u0144 z ZUS P\u0142atnik jest przeznaczony dla s\u0142uchaczy o\u015brodk\u00f3w kursowych oraz uczni\u00f3w szk\u00f3\u0142 ekonomicznych o r\u00f3\u017cnych profilach.<\/p>\n<p>W opracowaniu przedstawiono zagadnienia zwi\u0105zane z nawi\u0105zywaniem stosunku pracy i zawieraniem um\u00f3w cywilnoprawnych, zasad obliczania wynagrodzenia za czas przepracowany i za czas niewykonywania pracy, sporz\u0105dzania dokumentacji zwi\u0105zanej z przebiegiem pracy pracownik\u00f3w i wyp\u0142at\u0105 wynagrodze\u0144. Zawarto w nim r\u00f3wnie\u017c obliczenia niezb\u0119dnych podatk\u00f3w i obci\u0105\u017ce\u0144 wobec Zak\u0142adu Ubezpiecze\u0144 Spo\u0142ecznych naliczanych od wynagrodze\u0144 pracownik\u00f3w. Autorki zaprezentowa\u0142y r\u00f3wnie\u017c deklaracje rozliczeniowe z tytu\u0142u ubezpiecze\u0144 spo\u0142ecznych i zdrowotnych oraz deklaracje dotycz\u0105ce podatku dochodowego od os\u00f3b fizycznych.<\/p>\n<p>Ponadto publikacja zawiera om\u00f3wione zagadnienia dotycz\u0105ce oceny efektywno\u015bci wykorzystania czynnika pracy ludzkiej i wynagrodze\u0144 (np. wska\u017anik wzrostu wynagrodze\u0144, pracoch\u0142onno\u015b\u0107, nominalne wykorzystanie czasu pracy, efektywno\u015b\u0107 wynagrodze\u0144 itd. ) oraz trzy przyk\u0142adowe zadania do cz\u0119\u015bci praktycznej egzaminu zawodowego potwierdzaj\u0105cego kwalifikacj\u0119 A.35 rozwi\u0105zane technik\u0105 komputerow\u0105 z wykorzystaniem program\u00f3w Gratyfikant Gt i P\u0142atnik.<\/p>\n<p>Publikacja zosta\u0142a opracowana zgodnie z now\u0105 podstaw\u0105 programow\u0105 dla zawodu technik ekonomista dla kszta\u0142cenia w zakresie kwalifikacji A.35 (Planowanie i prowadzenie dzia\u0142alno\u015bci w organizacji) i stanowi materia\u0142 pomocniczy, wspomagaj\u0105cy edukacj\u0119-zgodnie z Rozporz\u0105dzeniem Ministra Edukacji Narodowej z dnia 21 czerwca 2012 roku w sprawie dopuszczania do u\u017cytku w szkole program\u00f3w wychowania przedszkolnego i program\u00f3w nauczania oraz dopuszczania do u\u017cytku szkolne podr\u0119cznik\u00f3w (Dz.U. 2012 poz. 752) nie podlega zatwierdzeniu na podstawie art.27.<\/p>\n","protected":false},"excerpt":{"rendered":"<p>Bo\u017cena Padurek Ewa Janiszewska-\u015awiderska Podr\u0119cznik z zakresu kadr i p\u0142ac, [&hellip;]<\/p>\n","protected":false},"featured_media":7714,"template":"","meta":[],"product_brand":[],"product_cat":[23],"product_tag":[4879,5045,1496],"class_list":{"0":"post-6319","1":"product","2":"type-product","3":"status-publish","4":"has-post-thumbnail","6":"product_cat-rachunkowosc","7":"product_tag-kadry-i-place","8":"product_tag-pracownia-ekonomiczna","9":"product_tag-rachunkowosc","11":"first","12":"outofstock","13":"sale","14":"shipping-taxable","15":"purchasable","16":"product-type-simple"},"_links":{"self":[{"href":"http:\/\/ksiegarnia-akademicka.pl\/index.php\/wp-json\/wp\/v2\/product\/6319","targetHints":{"allow":["GET"]}}],"collection":[{"href":"http:\/\/ksiegarnia-akademicka.pl\/index.php\/wp-json\/wp\/v2\/product"}],"about":[{"href":"http:\/\/ksiegarnia-akademicka.pl\/index.php\/wp-json\/wp\/v2\/types\/product"}],"wp:featuredmedia":[{"embeddable":true,"href":"http:\/\/ksiegarnia-akademicka.pl\/index.php\/wp-json\/wp\/v2\/media\/7714"}],"wp:attachment":[{"href":"http:\/\/ksiegarnia-akademicka.pl\/index.php\/wp-json\/wp\/v2\/media?parent=6319"}],"wp:term":[{"taxonomy":"product_brand","embeddable":true,"href":"http:\/\/ksiegarnia-akademicka.pl\/index.php\/wp-json\/wp\/v2\/product_brand?post=6319"},{"taxonomy":"product_cat","embeddable":true,"href":"http:\/\/ksiegarnia-akademicka.pl\/index.php\/wp-json\/wp\/v2\/product_cat?post=6319"},{"taxonomy":"product_tag","embeddable":true,"href":"http:\/\/ksiegarnia-akademicka.pl\/index.php\/wp-json\/wp\/v2\/product_tag?post=6319"}],"curies":[{"name":"wp","href":"https:\/\/api.w.org\/{rel}","templated":true}]}}