{"id":6318,"date":"2018-05-22T12:55:58","date_gmt":"2018-05-22T10:55:58","guid":{"rendered":"http:\/\/ksiegarnia-akademicka.pl\/index.php\/product\/pracownia-ekonomiczna-czesc-ii-rozliczenia-podatkowe-i-obsluga-programow-rachmistrz-i-mikrogratyfikant-kwalifikacja-a-35\/"},"modified":"2024-12-14T13:25:40","modified_gmt":"2024-12-14T12:25:40","slug":"pracownia-ekonomiczna-czesc-ii-rozliczenia-podatkowe-i-obsluga-programow-rachmistrz-i-mikrogratyfikant-kwalifikacja-a-35","status":"publish","type":"product","link":"http:\/\/ksiegarnia-akademicka.pl\/index.php\/product\/pracownia-ekonomiczna-czesc-ii-rozliczenia-podatkowe-i-obsluga-programow-rachmistrz-i-mikrogratyfikant-kwalifikacja-a-35\/","title":{"rendered":"PRACOWNIA EKONOMICZNA. CZ\u0118\u015a\u0106 II. ROZLICZENIA PODATKOWE, OBS\u0141UGA PROGRAM\u00d3W: FINANSOWO-KSI\u0118GOWEGO RACHMISTRZ GT I KADROWO-P\u0141ACOWEGO MIKROGRATYFIKANT GT KWALIFIKACJA AU.35"},"content":{"rendered":"<p>Bo\u017cena Padurek<br \/>\nMa\u0142gorzata Szpleter<br \/>\nPodr\u0119cznik z zakresu rozlicze\u0144 podatkowych i obs\u0142ugi programu finansowo &#8211; ksi\u0119gowego Rachmistrz GT i kadrowo -p\u0142acowego Microgratyfikant GT jest przeznaczony dla uczestnik\u00f3w o\u015brodk\u00f3w kursowych, uczni\u00f3w i s\u0142uchaczy szk\u00f3\u0142 ekonomicznych o r\u00f3\u017cnych profilach.<\/p>\n<p>W opracowaniu przedstawiono klasyfikacj\u0119 podatk\u00f3w oraz om\u00f3wiono podatki bezpo\u015brednie i po\u015brednie. Om\u00f3wiono formy opodatkowania i ewidencji dzia\u0142alno\u015bci gospodarczej w ma\u0142ych przedsi\u0119biorstwach. Wyja\u015bniono zasady opodatkowania w formie karty podatkowej, na zasadach og\u00f3lnych wed\u0142ug skali podatkowej, podatkiem liniowym i przy rycza\u0142cie ewidencjonowanym. Przedstawiono ewidencj\u0119 dokument\u00f3w w ksi\u0119dze przychod\u00f3w oraz w podatkowej ksi\u0119dze przychod\u00f3w i rozchod\u00f3w w programie Rachmistrz GT. W programie mikroGratyfikant wyja\u015bniono zasady sporz\u0105dzania dokumentacji osobowej i p\u0142acowej pracownik\u00f3w.<\/p>\n<p>Om\u00f3wiono rejestry zakup\u00f3w i sprzeda\u017cy VAT, deklaracj\u0119 VAT-7, ewidencj\u0119 wyposa\u017cenia, \u015brodk\u00f3w trwa\u0142ych oraz inne urz\u0105dzenia uzupe\u0142niaj\u0105ce prowadzone przy opodatkowaniu os\u00f3b fizycznych i prawnych. Przedstawiono schemat obliczenia podatku dochodowego od os\u00f3b fizycznych i prawnych. Ponadto publikacja zawiera dwa przyk\u0142adowe zadania do cz\u0119\u015bci praktycznej egzaminu zawodowego i jeden przyk\u0142adowy arkusz egzaminacyjny zawieraj\u0105cy zadania testowe do cz\u0119\u015bci pisemnej egzaminu zawodowego potwierdzaj\u0105cego kwalifikacj\u0119 A.35.<\/p>\n<p>Publikacja zosta\u0142a opracowana zgodnie z now\u0105 podstaw\u0105 programow\u0105 dla zawodu technik ekonomista dla kszta\u0142cenia w zakresie kwalifikacji A.35 (Planowanie i prowadzenie dzia\u0142alno\u015bci w organizacji) i stanowi materia\u0142 pomocniczy, wspomagaj\u0105cy edukacj\u0119-zgodnie z Rozporz\u0105dzeniem Ministra Edukacji Narodowej z dnia 21 czerwca 2012 roku w sprawie dopuszczania do u\u017cytku w szkole program\u00f3w wychowania przedszkolnego i program\u00f3w nauczania oraz dopuszczania do u\u017cytku szkolne podr\u0119cznik\u00f3w (Dz.U. 2012 poz. 752) nie podlega zatwierdzeniu na podstawie art.27.<\/p>\n","protected":false},"excerpt":{"rendered":"<p>Bo\u017cena Padurek Ma\u0142gorzata Szpleter Podr\u0119cznik z zakresu rozlicze\u0144 podatkowych i [&hellip;]<\/p>\n","protected":false},"featured_media":7712,"template":"","meta":[],"product_brand":[],"product_cat":[23],"product_tag":[7546,1496,7545],"class_list":{"0":"post-6318","1":"product","2":"type-product","3":"status-publish","4":"has-post-thumbnail","6":"product_cat-rachunkowosc","7":"product_tag-programy-finansowe","8":"product_tag-rachunkowosc","9":"product_tag-rozliczenia-podatkowe","11":"first","12":"outofstock","13":"sale","14":"shipping-taxable","15":"purchasable","16":"product-type-simple"},"_links":{"self":[{"href":"http:\/\/ksiegarnia-akademicka.pl\/index.php\/wp-json\/wp\/v2\/product\/6318","targetHints":{"allow":["GET"]}}],"collection":[{"href":"http:\/\/ksiegarnia-akademicka.pl\/index.php\/wp-json\/wp\/v2\/product"}],"about":[{"href":"http:\/\/ksiegarnia-akademicka.pl\/index.php\/wp-json\/wp\/v2\/types\/product"}],"wp:featuredmedia":[{"embeddable":true,"href":"http:\/\/ksiegarnia-akademicka.pl\/index.php\/wp-json\/wp\/v2\/media\/7712"}],"wp:attachment":[{"href":"http:\/\/ksiegarnia-akademicka.pl\/index.php\/wp-json\/wp\/v2\/media?parent=6318"}],"wp:term":[{"taxonomy":"product_brand","embeddable":true,"href":"http:\/\/ksiegarnia-akademicka.pl\/index.php\/wp-json\/wp\/v2\/product_brand?post=6318"},{"taxonomy":"product_cat","embeddable":true,"href":"http:\/\/ksiegarnia-akademicka.pl\/index.php\/wp-json\/wp\/v2\/product_cat?post=6318"},{"taxonomy":"product_tag","embeddable":true,"href":"http:\/\/ksiegarnia-akademicka.pl\/index.php\/wp-json\/wp\/v2\/product_tag?post=6318"}],"curies":[{"name":"wp","href":"https:\/\/api.w.org\/{rel}","templated":true}]}}