{"id":6228,"date":"2018-05-22T12:55:42","date_gmt":"2018-05-22T10:55:42","guid":{"rendered":"http:\/\/ksiegarnia-akademicka.pl\/index.php\/product\/nadzorowanie-obslugi-pojazdow-samochodowych-podrecznik-do-nauki-zawodu-technik-pojazdow-samochodowych-m-42-2-szkola-ponadgimnazjalna\/"},"modified":"2018-05-22T12:55:42","modified_gmt":"2018-05-22T10:55:42","slug":"nadzorowanie-obslugi-pojazdow-samochodowych-podrecznik-do-nauki-zawodu-technik-pojazdow-samochodowych-m-42-2-szkola-ponadgimnazjalna","status":"publish","type":"product","link":"http:\/\/ksiegarnia-akademicka.pl\/index.php\/product\/nadzorowanie-obslugi-pojazdow-samochodowych-podrecznik-do-nauki-zawodu-technik-pojazdow-samochodowych-m-42-2-szkola-ponadgimnazjalna\/","title":{"rendered":"Nadzorowanie obs\u0142ugi pojazd\u00f3w samochodowych Podr\u0119cznik do nauki zawodu technik pojazd\u00f3w samochodowych M.42.2 Szko\u0142a ponadgimnazjalna"},"content":{"rendered":"","protected":false},"excerpt":{"rendered":"","protected":false},"featured_media":0,"template":"","meta":[],"product_brand":[],"product_cat":[16],"product_tag":[347,1853,7081],"class_list":{"0":"post-6228","1":"product","2":"type-product","3":"status-publish","5":"product_cat-ksiegarnia-akademicka-radom","6":"product_tag-podrecznik","7":"product_tag-pojazdy-samochodowe","8":"product_tag-technik-pojazdow-samochodowych","10":"first","11":"instock","12":"shipping-taxable","13":"purchasable","14":"product-type-simple"},"_links":{"self":[{"href":"http:\/\/ksiegarnia-akademicka.pl\/index.php\/wp-json\/wp\/v2\/product\/6228","targetHints":{"allow":["GET"]}}],"collection":[{"href":"http:\/\/ksiegarnia-akademicka.pl\/index.php\/wp-json\/wp\/v2\/product"}],"about":[{"href":"http:\/\/ksiegarnia-akademicka.pl\/index.php\/wp-json\/wp\/v2\/types\/product"}],"wp:attachment":[{"href":"http:\/\/ksiegarnia-akademicka.pl\/index.php\/wp-json\/wp\/v2\/media?parent=6228"}],"wp:term":[{"taxonomy":"product_brand","embeddable":true,"href":"http:\/\/ksiegarnia-akademicka.pl\/index.php\/wp-json\/wp\/v2\/product_brand?post=6228"},{"taxonomy":"product_cat","embeddable":true,"href":"http:\/\/ksiegarnia-akademicka.pl\/index.php\/wp-json\/wp\/v2\/product_cat?post=6228"},{"taxonomy":"product_tag","embeddable":true,"href":"http:\/\/ksiegarnia-akademicka.pl\/index.php\/wp-json\/wp\/v2\/product_tag?post=6228"}],"curies":[{"name":"wp","href":"https:\/\/api.w.org\/{rel}","templated":true}]}}