{"id":6204,"date":"2018-05-22T12:55:38","date_gmt":"2018-05-22T10:55:38","guid":{"rendered":"http:\/\/ksiegarnia-akademicka.pl\/index.php\/product\/o-zasadach-obliczania-odszkodowan-oraz-o-komisjach-odszkodowawczych-czyli-zalozenia-do-realizacji-postanowien-ustawowych-w-zakresie-nacjonalizacji-przemyslu-w-polsce\/"},"modified":"2018-05-22T12:55:38","modified_gmt":"2018-05-22T10:55:38","slug":"o-zasadach-obliczania-odszkodowan-oraz-o-komisjach-odszkodowawczych-czyli-zalozenia-do-realizacji-postanowien-ustawowych-w-zakresie-nacjonalizacji-przemyslu-w-polsce","status":"publish","type":"product","link":"http:\/\/ksiegarnia-akademicka.pl\/index.php\/product\/o-zasadach-obliczania-odszkodowan-oraz-o-komisjach-odszkodowawczych-czyli-zalozenia-do-realizacji-postanowien-ustawowych-w-zakresie-nacjonalizacji-przemyslu-w-polsce\/","title":{"rendered":"O zasadach obliczania odszkodowa\u0144 oraz o komisjach odszkodowawczych, czyli za\u0142o\u017cenia do realizacji postanowie\u0144 ustawowych w zakresie nacjonalizacji przemys\u0142u w Polsce"},"content":{"rendered":"","protected":false},"excerpt":{"rendered":"","protected":false},"featured_media":0,"template":"","meta":[],"product_brand":[],"product_cat":[16],"product_tag":[7078,5662,7063,615,709],"class_list":{"0":"post-6204","1":"product","2":"type-product","3":"status-publish","5":"product_cat-ksiegarnia-akademicka-radom","6":"product_tag-historia-ekonomii-i-gospodarki-ekonomisci-przedsiebiorcy","7":"product_tag-historia-polski-1945-1989","8":"product_tag-panstwo-wladza-partie-polityczne","9":"product_tag-prawo-cywilne","10":"product_tag-prawo-gospodarcze-i-handlowe","12":"first","13":"instock","14":"shipping-taxable","15":"purchasable","16":"product-type-simple"},"_links":{"self":[{"href":"http:\/\/ksiegarnia-akademicka.pl\/index.php\/wp-json\/wp\/v2\/product\/6204","targetHints":{"allow":["GET"]}}],"collection":[{"href":"http:\/\/ksiegarnia-akademicka.pl\/index.php\/wp-json\/wp\/v2\/product"}],"about":[{"href":"http:\/\/ksiegarnia-akademicka.pl\/index.php\/wp-json\/wp\/v2\/types\/product"}],"wp:attachment":[{"href":"http:\/\/ksiegarnia-akademicka.pl\/index.php\/wp-json\/wp\/v2\/media?parent=6204"}],"wp:term":[{"taxonomy":"product_brand","embeddable":true,"href":"http:\/\/ksiegarnia-akademicka.pl\/index.php\/wp-json\/wp\/v2\/product_brand?post=6204"},{"taxonomy":"product_cat","embeddable":true,"href":"http:\/\/ksiegarnia-akademicka.pl\/index.php\/wp-json\/wp\/v2\/product_cat?post=6204"},{"taxonomy":"product_tag","embeddable":true,"href":"http:\/\/ksiegarnia-akademicka.pl\/index.php\/wp-json\/wp\/v2\/product_tag?post=6204"}],"curies":[{"name":"wp","href":"https:\/\/api.w.org\/{rel}","templated":true}]}}