{"id":609,"date":"2018-05-22T12:41:47","date_gmt":"2018-05-22T10:41:47","guid":{"rendered":"http:\/\/ksiegarnia-akademicka.pl\/index.php\/product\/prawo-cywilne-zarys-czesci-ogolnej\/"},"modified":"2023-01-16T10:10:08","modified_gmt":"2023-01-16T09:10:08","slug":"prawo-cywilne-zarys-czesci-ogolnej","status":"publish","type":"product","link":"http:\/\/ksiegarnia-akademicka.pl\/index.php\/product\/prawo-cywilne-zarys-czesci-ogolnej\/","title":{"rendered":"Prawo cywilne Zarys cz\u0119\u015bci og\u00f3lnej"},"content":{"rendered":"<p>Nale\u017cy do serii:<br \/>\nSERIA AKADEMICKA<br \/>\nAutor:<br \/>\nJerzy Ignatowicz<br \/>\nKrzysztof Stefaniuk<br \/>\nAleksander Wolter<br \/>\nWydawca: Wolters Kluwer<br \/>\nOprawa: Mi\u0119kka<br \/>\nLiczba stron: 512<br \/>\nWydanie: 4<br \/>\nRok wydania: 2020<br \/>\nJ\u0119zyk wydania: polski<\/p>\n<p>Podr\u0119cznik jest kontynuacj\u0105 dzie\u0142a pi\u00f3ra Aleksandra Woltera, aktualizowanego pocz\u0105tkowo przez Jerzego Ignatowicza i Krzysztofa Stefaniuka, a obecnie tylko przez tego ostatniego. Kolejne (czwarte) wydanie podr\u0119cznika uwzgl\u0119dnia zmiany Kodeksu cywilnego dokonane w ostatnim czasie, w szczeg\u00f3lno\u015bci dotycz\u0105ce przedawnienia, dzia\u0142ania organ\u00f3w oraz statusu i kompetencji kuratora osoby prawnej. Zaktualizowano literatur\u0119 i orzecznictwo.<\/p>\n<p>Na wst\u0119pie ka\u017cdego rozdzia\u0142u zamieszczono podstawow\u0105 literatur\u0119. W publikacji zastosowano wiele odes\u0142a\u0144 do doktryny i orzecznictwa, zgodnie z przekonaniem, \u017ce wyk\u0142ad uniwersytecki powinien wskazywa\u0107, i\u017c tre\u015b\u0107 uregulowa\u0144 prawnych jest \u201eodkrywana\u201d w wyniku analiz i dyskusji, a niekiedy r\u00f3wnie\u017c spor\u00f3w prowadzonych w literaturze prawniczej, jak te\u017c powinien zwraca\u0107 uwag\u0119 na niezast\u0105piony udzia\u0142 judykatury w wyja\u015bnianiu sensu stosowanych przepis\u00f3w.<\/p>\n<p>W podr\u0119czniku zastosowano dwa rodzaje czcionki. To rozr\u00f3\u017cnienie oznacza, \u017ce czytelnicy \u2013 studenci, do kt\u00f3rych jest on adresowany, powinni zwr\u00f3ci\u0107 szczeg\u00f3ln\u0105 uwag\u0119 na partie pisane normaln\u0105 czcionk\u0105, ale nie oznacza, i\u017cby te oznaczone petitem mo\u017cna by\u0142o pomin\u0105\u0107 bez uszczerbku dla zrozumienia wyk\u0142adu.<\/p>\n","protected":false},"excerpt":{"rendered":"<p>Nale\u017cy do serii: SERIA AKADEMICKA Autor: Jerzy Ignatowicz Krzysztof Stefaniuk [&hellip;]<\/p>\n","protected":false},"featured_media":13506,"template":"","meta":[],"product_brand":[],"product_cat":[7491,18],"product_tag":[615,8075,330],"class_list":{"0":"post-609","1":"product","2":"type-product","3":"status-publish","4":"has-post-thumbnail","6":"product_cat-cywilne","7":"product_cat-prawo","8":"product_tag-prawo-cywilne","9":"product_tag-prawo-cywilne-materialne","10":"product_tag-seria-akademicka","12":"first","13":"instock","14":"sale","15":"shipping-taxable","16":"purchasable","17":"product-type-simple"},"_links":{"self":[{"href":"http:\/\/ksiegarnia-akademicka.pl\/index.php\/wp-json\/wp\/v2\/product\/609","targetHints":{"allow":["GET"]}}],"collection":[{"href":"http:\/\/ksiegarnia-akademicka.pl\/index.php\/wp-json\/wp\/v2\/product"}],"about":[{"href":"http:\/\/ksiegarnia-akademicka.pl\/index.php\/wp-json\/wp\/v2\/types\/product"}],"wp:featuredmedia":[{"embeddable":true,"href":"http:\/\/ksiegarnia-akademicka.pl\/index.php\/wp-json\/wp\/v2\/media\/13506"}],"wp:attachment":[{"href":"http:\/\/ksiegarnia-akademicka.pl\/index.php\/wp-json\/wp\/v2\/media?parent=609"}],"wp:term":[{"taxonomy":"product_brand","embeddable":true,"href":"http:\/\/ksiegarnia-akademicka.pl\/index.php\/wp-json\/wp\/v2\/product_brand?post=609"},{"taxonomy":"product_cat","embeddable":true,"href":"http:\/\/ksiegarnia-akademicka.pl\/index.php\/wp-json\/wp\/v2\/product_cat?post=609"},{"taxonomy":"product_tag","embeddable":true,"href":"http:\/\/ksiegarnia-akademicka.pl\/index.php\/wp-json\/wp\/v2\/product_tag?post=609"}],"curies":[{"name":"wp","href":"https:\/\/api.w.org\/{rel}","templated":true}]}}