{"id":5955,"date":"2018-05-22T12:54:53","date_gmt":"2018-05-22T10:54:53","guid":{"rendered":"http:\/\/ksiegarnia-akademicka.pl\/index.php\/product\/prawo-handlowe-w-pigulce\/"},"modified":"2024-12-03T13:08:09","modified_gmt":"2024-12-03T12:08:09","slug":"prawo-handlowe-w-pigulce","status":"publish","type":"product","link":"http:\/\/ksiegarnia-akademicka.pl\/index.php\/product\/prawo-handlowe-w-pigulce\/","title":{"rendered":"Prawo handlowe w pigu\u0142ce + testy online"},"content":{"rendered":"<div>Seria: W pigu\u0142ce<\/div>\n<div class=\"grupa wydawca\"><span class=\"meta-head\">Wydawca:<\/span>\u00a0<a class=\"wyd\" title=\"Zobacz pe\u0142n\u0105 ofert\u0119 wydawcy\" href=\"https:\/\/www.azymut.pl\/mw\/?m=105&amp;p=25291\">C.H. Beck<\/a><\/div>\n<div class=\"grupa dane\">\n<div>Oprawa:\u00a0<span class=\"meta-value-bold\">Mi\u0119kka<\/span><\/div>\n<div>Format:\u00a0<span class=\"meta-value-bold\">14.5&#215;19.0cm<\/span><\/div>\n<div>Liczba stron:\u00a0<span class=\"meta-value-bold\">504<\/span><\/div>\n<div>Wydanie:\u00a0<span class=\"meta-value-bold\">4<\/span><\/div>\n<div>Rok wydania:\u00a0<span class=\"meta-value-bold\">2024<\/span><\/div>\n<div>J\u0119zyk wydania:\u00a0<span class=\"meta-value-bold\">polski<\/span><\/div>\n<\/div>\n<div><\/div>\n<div>Publikacja stanowi kompleksowe opracowanie do nauki i powt\u00f3rki przed egzaminem. W ksi\u0105\u017cce zosta\u0142y zawarte najwa\u017cniejsze zagadnienia z zakresu prawa handlowego.<\/p>\n<p>Stan prawny opracowania: 10 lipca 2024 r.<\/p>\n<p>Opracowanie zosta\u0142o podzielone na 3 dzia\u0142y tematyczne, w kt\u00f3rych znajdziesz 25 cz\u0119\u015bci omawiaj\u0105cych m.in:<br \/>\nOg\u00f3ln\u0105 charakterystyk\u0119 sp\u00f3\u0142ek osobowych i kapita\u0142owych,<br \/>\nSp\u00f3\u0142k\u0119 partnersk\u0105,<br \/>\nSp\u00f3\u0142k\u0119 jawn\u0105,<br \/>\nSp\u00f3\u0142k\u0119 z ograniczon\u0105 odpowiedzialno\u015bci\u0105,<br \/>\nSp\u00f3\u0142k\u0119 komandytow\u0105,<br \/>\nSp\u00f3\u0142k\u0119 komandytowo akcyjn\u0105,<br \/>\n\u0141\u0105czenie, podzia\u0142 i przekszta\u0142canie sp\u00f3\u0142ek,<br \/>\nPost\u0119powanie w przedmiocie og\u0142oszenia upad\u0142o\u015bci,<br \/>\nSkutki og\u0142oszenia upad\u0142o\u015bci,<br \/>\nList\u0119 wierzytelno\u015bci,<br \/>\nPrzepisy og\u00f3lne dotycz\u0105ce post\u0119powania restrukturyzacyjnego,<br \/>\nPoszczeg\u00f3lne post\u0119powania restrukturyzacyjne.<\/p>\n<p>Na ko\u0144cu ka\u017cdej z cz\u0119\u015bci znajduje si\u0119 test, dzi\u0119ki kt\u00f3remu mo\u017cesz sprawdzi\u0107 poziom zdobytej wiedzy.<\/p><\/div>\n","protected":false},"excerpt":{"rendered":"<p>Seria: W pigu\u0142ce Wydawca:\u00a0C.H. Beck Oprawa:\u00a0Mi\u0119kka Format:\u00a014.5&#215;19.0cm Liczba stron:\u00a0504 Wydanie:\u00a04 [&hellip;]<\/p>\n","protected":false},"featured_media":18904,"template":"","meta":[],"product_brand":[],"product_cat":[7495,18],"product_tag":[429,6980],"class_list":{"0":"post-5955","1":"product","2":"type-product","3":"status-publish","4":"has-post-thumbnail","6":"product_cat-gospodarcze-i-handlowe","7":"product_cat-prawo","8":"product_tag-prawo-handlowe","9":"product_tag-seria-w-pigulce","11":"first","12":"instock","13":"sale","14":"shipping-taxable","15":"purchasable","16":"product-type-simple"},"_links":{"self":[{"href":"http:\/\/ksiegarnia-akademicka.pl\/index.php\/wp-json\/wp\/v2\/product\/5955","targetHints":{"allow":["GET"]}}],"collection":[{"href":"http:\/\/ksiegarnia-akademicka.pl\/index.php\/wp-json\/wp\/v2\/product"}],"about":[{"href":"http:\/\/ksiegarnia-akademicka.pl\/index.php\/wp-json\/wp\/v2\/types\/product"}],"wp:featuredmedia":[{"embeddable":true,"href":"http:\/\/ksiegarnia-akademicka.pl\/index.php\/wp-json\/wp\/v2\/media\/18904"}],"wp:attachment":[{"href":"http:\/\/ksiegarnia-akademicka.pl\/index.php\/wp-json\/wp\/v2\/media?parent=5955"}],"wp:term":[{"taxonomy":"product_brand","embeddable":true,"href":"http:\/\/ksiegarnia-akademicka.pl\/index.php\/wp-json\/wp\/v2\/product_brand?post=5955"},{"taxonomy":"product_cat","embeddable":true,"href":"http:\/\/ksiegarnia-akademicka.pl\/index.php\/wp-json\/wp\/v2\/product_cat?post=5955"},{"taxonomy":"product_tag","embeddable":true,"href":"http:\/\/ksiegarnia-akademicka.pl\/index.php\/wp-json\/wp\/v2\/product_tag?post=5955"}],"curies":[{"name":"wp","href":"https:\/\/api.w.org\/{rel}","templated":true}]}}