{"id":5953,"date":"2018-05-22T12:54:53","date_gmt":"2018-05-22T10:54:53","guid":{"rendered":"http:\/\/ksiegarnia-akademicka.pl\/index.php\/product\/ustawa-o-zbiorowym-zaopatrzeniu-w-wode-i-zbiorowym-odprowadzaniu-sciekow\/"},"modified":"2018-05-22T12:54:53","modified_gmt":"2018-05-22T10:54:53","slug":"ustawa-o-zbiorowym-zaopatrzeniu-w-wode-i-zbiorowym-odprowadzaniu-sciekow","status":"publish","type":"product","link":"http:\/\/ksiegarnia-akademicka.pl\/index.php\/product\/ustawa-o-zbiorowym-zaopatrzeniu-w-wode-i-zbiorowym-odprowadzaniu-sciekow\/","title":{"rendered":"Ustawa o zbiorowym zaopatrzeniu w wod\u0119 i zbiorowym odprowadzaniu \u015bciek\u00f3w"},"content":{"rendered":"","protected":false},"excerpt":{"rendered":"","protected":false},"featured_media":0,"template":"","meta":[],"product_brand":[],"product_cat":[16],"product_tag":[3466,485,486,4603],"class_list":{"0":"post-5953","1":"product","2":"type-product","3":"status-publish","5":"product_cat-ksiegarnia-akademicka-radom","6":"product_tag-administracja","7":"product_tag-prawo-administracyjne","8":"product_tag-samorzad-terytorialny","9":"product_tag-seria-komentarze-praktyczne","11":"first","12":"instock","13":"shipping-taxable","14":"purchasable","15":"product-type-simple"},"_links":{"self":[{"href":"http:\/\/ksiegarnia-akademicka.pl\/index.php\/wp-json\/wp\/v2\/product\/5953","targetHints":{"allow":["GET"]}}],"collection":[{"href":"http:\/\/ksiegarnia-akademicka.pl\/index.php\/wp-json\/wp\/v2\/product"}],"about":[{"href":"http:\/\/ksiegarnia-akademicka.pl\/index.php\/wp-json\/wp\/v2\/types\/product"}],"wp:attachment":[{"href":"http:\/\/ksiegarnia-akademicka.pl\/index.php\/wp-json\/wp\/v2\/media?parent=5953"}],"wp:term":[{"taxonomy":"product_brand","embeddable":true,"href":"http:\/\/ksiegarnia-akademicka.pl\/index.php\/wp-json\/wp\/v2\/product_brand?post=5953"},{"taxonomy":"product_cat","embeddable":true,"href":"http:\/\/ksiegarnia-akademicka.pl\/index.php\/wp-json\/wp\/v2\/product_cat?post=5953"},{"taxonomy":"product_tag","embeddable":true,"href":"http:\/\/ksiegarnia-akademicka.pl\/index.php\/wp-json\/wp\/v2\/product_tag?post=5953"}],"curies":[{"name":"wp","href":"https:\/\/api.w.org\/{rel}","templated":true}]}}