{"id":5928,"date":"2018-05-22T12:54:49","date_gmt":"2018-05-22T10:54:49","guid":{"rendered":"http:\/\/ksiegarnia-akademicka.pl\/index.php\/product\/wykluczenie-spoleczne-a-potrzeby-wsparcia-spolecznego\/"},"modified":"2018-07-11T13:43:59","modified_gmt":"2018-07-11T11:43:59","slug":"wykluczenie-spoleczne-a-potrzeby-wsparcia-spolecznego","status":"publish","type":"product","link":"http:\/\/ksiegarnia-akademicka.pl\/index.php\/product\/wykluczenie-spoleczne-a-potrzeby-wsparcia-spolecznego\/","title":{"rendered":"Wykluczenie spo\u0142eczne a potrzeby wsparcia spo\u0142ecznego"},"content":{"rendered":"<p>Praca zbiorowa pod redakcj\u0105: Anna Zamkowska<br \/>\n2013, wyd. I, stron 362, B-5, 42 z\u0142<br \/>\nMonografia Nr 180<br \/>\nPublikacja sk\u0142ada si\u0119 z pi\u0119ciu rozdzia\u0142\u00f3w. W pierwszym przedstawiono charakterystyk\u0119 teoretycznych za\u0142o\u017ce\u0144 koncepcji wykluczenia i wsparcia spo\u0142ecznego. Drugi o\u015bwietla problematyk\u0119 patologii spo\u0142ecznych i bezrobocia. Rozdzia\u0142 trzeci dotyczy zapotrzebowania na wsparcie spo\u0142eczne oraz formy jego realizacji w kontek\u015bcie teorii i bada\u0144 prowadzonych w grupie os\u00f3b starszych, niepe\u0142nosprawnych i chorych. W kolejnym zawarto doniesienia badawcze odnosz\u0105ce si\u0119 do problematyki wykluczenia dzieci nale\u017c\u0105cych do mniejszo\u015bci etnicznej. Pi\u0105ty rozdzia\u0142 odnosi si\u0119 do zjawisk zagra\u017caj\u0105cych wy\u0142\u0105czeniu spo\u0142ecznemu \u2013 jednym z nich jest wykluczenie spo\u0142eczne chrze\u015bcijan (zjawisko o skali og\u00f3lno\u015bwiatowej zwi\u0105zane z rozwojem wsp\u00f3\u0142czesnej cywilizacji).<\/p>\n","protected":false},"excerpt":{"rendered":"<p>Praca zbiorowa pod redakcj\u0105: Anna Zamkowska 2013, wyd. I, stron [&hellip;]<\/p>\n","protected":false},"featured_media":7693,"template":"","meta":[],"product_brand":[],"product_cat":[7529,43],"product_tag":[225,5037,1745],"class_list":{"0":"post-5928","1":"product","2":"type-product","3":"status-publish","4":"has-post-thumbnail","6":"product_cat-inne","7":"product_cat-wydawnictwo-uth","8":"product_tag-polityka-spoleczna","9":"product_tag-seria-monografie","10":"product_tag-wykluczenie-spoleczne","12":"first","13":"instock","14":"shipping-taxable","15":"purchasable","16":"product-type-simple"},"_links":{"self":[{"href":"http:\/\/ksiegarnia-akademicka.pl\/index.php\/wp-json\/wp\/v2\/product\/5928","targetHints":{"allow":["GET"]}}],"collection":[{"href":"http:\/\/ksiegarnia-akademicka.pl\/index.php\/wp-json\/wp\/v2\/product"}],"about":[{"href":"http:\/\/ksiegarnia-akademicka.pl\/index.php\/wp-json\/wp\/v2\/types\/product"}],"wp:featuredmedia":[{"embeddable":true,"href":"http:\/\/ksiegarnia-akademicka.pl\/index.php\/wp-json\/wp\/v2\/media\/7693"}],"wp:attachment":[{"href":"http:\/\/ksiegarnia-akademicka.pl\/index.php\/wp-json\/wp\/v2\/media?parent=5928"}],"wp:term":[{"taxonomy":"product_brand","embeddable":true,"href":"http:\/\/ksiegarnia-akademicka.pl\/index.php\/wp-json\/wp\/v2\/product_brand?post=5928"},{"taxonomy":"product_cat","embeddable":true,"href":"http:\/\/ksiegarnia-akademicka.pl\/index.php\/wp-json\/wp\/v2\/product_cat?post=5928"},{"taxonomy":"product_tag","embeddable":true,"href":"http:\/\/ksiegarnia-akademicka.pl\/index.php\/wp-json\/wp\/v2\/product_tag?post=5928"}],"curies":[{"name":"wp","href":"https:\/\/api.w.org\/{rel}","templated":true}]}}