{"id":5895,"date":"2018-05-22T12:54:42","date_gmt":"2018-05-22T10:54:42","guid":{"rendered":"http:\/\/ksiegarnia-akademicka.pl\/index.php\/product\/powiesc-wiktorianska-i-jej-dwudziestowieczne-zycie\/"},"modified":"2018-07-11T10:34:44","modified_gmt":"2018-07-11T08:34:44","slug":"powiesc-wiktorianska-i-jej-dwudziestowieczne-zycie","status":"publish","type":"product","link":"http:\/\/ksiegarnia-akademicka.pl\/index.php\/product\/powiesc-wiktorianska-i-jej-dwudziestowieczne-zycie\/","title":{"rendered":"Powie\u015b\u0107 wiktoria\u0144ska i jej dwudziestowieczne \u017cycie"},"content":{"rendered":"<p>Agata Buda<br \/>\nwyd. I, 2014, B-5, stron 204 (monografia) cena 31,5 z\u0142<\/p>\n<p>Monografia Agaty Budy jest ambitn\u0105 i dobrze przeprowadzon\u0105 rozpraw\u0105 naukow\u0105 na temat dw\u00f3ch wa\u017cnych okres\u00f3w w historii literatury angielskiej: wiktorianizmu wraz z jego nadzwyczajn\u0105 \u201cprodukcj\u0105\u201d powie\u015bci, z kt\u00f3rych wi\u0119kszo\u015b\u0107 wesz\u0142a do kanonu literatury \u015bwiatowej i postmodernizmu, odwo\u0142uj\u0105cego si\u0119 w spos\u00f3b polemiczny i niejednokrotnie przewrotny do tradycji. Spo\u015br\u00f3d licznych i warto\u015bciowych powie\u015bci XIX-wiecznych autorka wybra\u0142a jako przedmiot szczeg\u00f3\u0142owej analizy Ci\u0119\u017ckie czasy Karola Dickensa oraz M\u0142yn nad Floss\u0105 George Eliot. Najcenniejsz\u0105 kwesti\u0105 autorskiego uj\u0119cia jest zestawienie obydwu powie\u015bci ze wsp\u00f3\u0142czesn\u0105 proz\u0105, kt\u00f3ra traktuje o tych samych zagadnieniach, ogl\u0105danych z innej, (po)nowoczesnej perspektywy. Ksi\u0105\u017cka Agaty Budy jest wa\u017ckim opracowaniem adresowanym nie tylko do anglist\u00f3w czy mi\u0142o\u015bnik\u00f3w prozy angloj\u0119zycznej. Autorka konfrontuje swoje wnioski p\u0142yn\u0105ce z analiz z najwybitniejsz\u0105 polsk\u0105 powie\u015bci\u0105 XIX wieku \u2013 Lalk\u0105 Boles\u0142awa Prusa. Opracowanie to jest zatem przyk\u0142adem naukowo owocnej komparatystyki, kt\u00f3ra zestawia na intertekstualnej p\u0142aszczy\u017anie tradycj\u0119 i nowoczesno\u015b\u0107, literatur\u0119 angielsk\u0105 i polsk\u0105.<\/p>\n","protected":false},"excerpt":{"rendered":"<p>Agata Buda wyd. I, 2014, B-5, stron 204 (monografia) cena [&hellip;]<\/p>\n","protected":false},"featured_media":7638,"template":"","meta":[],"product_brand":[],"product_cat":[7529,43],"product_tag":[6952,6020,5037],"class_list":{"0":"post-5895","1":"product","2":"type-product","3":"status-publish","4":"has-post-thumbnail","6":"product_cat-inne","7":"product_cat-wydawnictwo-uth","8":"product_tag-epoka-wiktorianska","9":"product_tag-filologia-angielska","10":"product_tag-seria-monografie","12":"first","13":"instock","14":"shipping-taxable","15":"purchasable","16":"product-type-simple"},"_links":{"self":[{"href":"http:\/\/ksiegarnia-akademicka.pl\/index.php\/wp-json\/wp\/v2\/product\/5895","targetHints":{"allow":["GET"]}}],"collection":[{"href":"http:\/\/ksiegarnia-akademicka.pl\/index.php\/wp-json\/wp\/v2\/product"}],"about":[{"href":"http:\/\/ksiegarnia-akademicka.pl\/index.php\/wp-json\/wp\/v2\/types\/product"}],"wp:featuredmedia":[{"embeddable":true,"href":"http:\/\/ksiegarnia-akademicka.pl\/index.php\/wp-json\/wp\/v2\/media\/7638"}],"wp:attachment":[{"href":"http:\/\/ksiegarnia-akademicka.pl\/index.php\/wp-json\/wp\/v2\/media?parent=5895"}],"wp:term":[{"taxonomy":"product_brand","embeddable":true,"href":"http:\/\/ksiegarnia-akademicka.pl\/index.php\/wp-json\/wp\/v2\/product_brand?post=5895"},{"taxonomy":"product_cat","embeddable":true,"href":"http:\/\/ksiegarnia-akademicka.pl\/index.php\/wp-json\/wp\/v2\/product_cat?post=5895"},{"taxonomy":"product_tag","embeddable":true,"href":"http:\/\/ksiegarnia-akademicka.pl\/index.php\/wp-json\/wp\/v2\/product_tag?post=5895"}],"curies":[{"name":"wp","href":"https:\/\/api.w.org\/{rel}","templated":true}]}}