{"id":5868,"date":"2018-05-22T12:54:38","date_gmt":"2018-05-22T10:54:38","guid":{"rendered":"http:\/\/ksiegarnia-akademicka.pl\/index.php\/product\/nieco-inna-historia-cywilizacji-dzieje-bankow-bankierow-i-obrotu-pienieznego\/"},"modified":"2018-05-22T12:54:38","modified_gmt":"2018-05-22T10:54:38","slug":"nieco-inna-historia-cywilizacji-dzieje-bankow-bankierow-i-obrotu-pienieznego","status":"publish","type":"product","link":"http:\/\/ksiegarnia-akademicka.pl\/index.php\/product\/nieco-inna-historia-cywilizacji-dzieje-bankow-bankierow-i-obrotu-pienieznego\/","title":{"rendered":"Nieco inna historia cywilizacji Dzieje bank\u00f3w, bankier\u00f3w i obrotu pieni\u0119\u017cnego"},"content":{"rendered":"","protected":false},"excerpt":{"rendered":"","protected":false},"featured_media":0,"template":"","meta":[],"product_brand":[],"product_cat":[16],"product_tag":[411,1747,367],"class_list":{"0":"post-5868","1":"product","2":"type-product","3":"status-publish","5":"product_cat-ksiegarnia-akademicka-radom","6":"product_tag-bankowosc","7":"product_tag-historia-ekonomii-i-gospodarki","8":"product_tag-pieniadz","10":"first","11":"instock","12":"shipping-taxable","13":"purchasable","14":"product-type-simple"},"_links":{"self":[{"href":"http:\/\/ksiegarnia-akademicka.pl\/index.php\/wp-json\/wp\/v2\/product\/5868","targetHints":{"allow":["GET"]}}],"collection":[{"href":"http:\/\/ksiegarnia-akademicka.pl\/index.php\/wp-json\/wp\/v2\/product"}],"about":[{"href":"http:\/\/ksiegarnia-akademicka.pl\/index.php\/wp-json\/wp\/v2\/types\/product"}],"wp:attachment":[{"href":"http:\/\/ksiegarnia-akademicka.pl\/index.php\/wp-json\/wp\/v2\/media?parent=5868"}],"wp:term":[{"taxonomy":"product_brand","embeddable":true,"href":"http:\/\/ksiegarnia-akademicka.pl\/index.php\/wp-json\/wp\/v2\/product_brand?post=5868"},{"taxonomy":"product_cat","embeddable":true,"href":"http:\/\/ksiegarnia-akademicka.pl\/index.php\/wp-json\/wp\/v2\/product_cat?post=5868"},{"taxonomy":"product_tag","embeddable":true,"href":"http:\/\/ksiegarnia-akademicka.pl\/index.php\/wp-json\/wp\/v2\/product_tag?post=5868"}],"curies":[{"name":"wp","href":"https:\/\/api.w.org\/{rel}","templated":true}]}}