{"id":5845,"date":"2018-05-22T12:54:33","date_gmt":"2018-05-22T10:54:33","guid":{"rendered":"http:\/\/ksiegarnia-akademicka.pl\/index.php\/product\/decyzje-wnioski-i-inne-pisma-procesowe-oraz-orzeczenia-z-zakresu-nieruchomosci-z-objasnieniami-i-plyta-cd\/"},"modified":"2020-08-28T09:48:12","modified_gmt":"2020-08-28T07:48:12","slug":"decyzje-wnioski-i-inne-pisma-procesowe-oraz-orzeczenia-z-zakresu-nieruchomosci-z-objasnieniami-i-plyta-cd","status":"publish","type":"product","link":"http:\/\/ksiegarnia-akademicka.pl\/index.php\/product\/decyzje-wnioski-i-inne-pisma-procesowe-oraz-orzeczenia-z-zakresu-nieruchomosci-z-objasnieniami-i-plyta-cd\/","title":{"rendered":"Wnioski, decyzje, orzeczenia i inne pisma procesowe z zakresu nieruchomo\u015bci z obja\u015bnieniami i p\u0142yt\u0105 CD"},"content":{"rendered":"<p>Autor: SNSA Marian Wolanin<br \/>\nWydawnictwo: C.H. Beck<br \/>\nSeria: Wzory Pism Becka<br \/>\nRok wydania: 2020<br \/>\nWydanie: 3<br \/>\nOprawa: Mi\u0119kka<br \/>\nLiczba stron: 1152<br \/>\nWaga: 1080 g<br \/>\nISBN: 978-83-8198-532-1<\/p>\n<p>Zestawienie ponad 110 wzor\u00f3w najcz\u0119\u015bciej wyst\u0119puj\u0105cych w obrocie nieruchomo\u015bciami.<br \/>\nPublikacja podzielona jest na 8 rozdzia\u0142\u00f3w i zawiera wzory podstawowych dokument\u00f3w administracyjnoprawnych dotycz\u0105cych ustanowienia, przeniesienia, odebrania lub zmodyfikowania praw rzeczowych i praw obligacyjnych oraz trwa\u0142ego zarz\u0105du przys\u0142uguj\u0105cych do nieruchomo\u015bci. Zawiera r\u00f3wnie\u017c wzory dokument\u00f3w dotycz\u0105cych ponoszenia niekt\u00f3rych op\u0142at publicznoprawnych w zakresie gospodarowania i rozgraniczania nieruchomo\u015bciami. Wzory te s\u0142u\u017c\u0105 przybli\u017ceniu praktyki stosowania przepis\u00f3w prawa normuj\u0105cych problematyk\u0119 trwa\u0142ego zarz\u0105du gruntami publicznymi, podzia\u0142u nieruchomo\u015bci, wyw\u0142aszczania i zwrotu praw przys\u0142uguj\u0105cych do nieruchomo\u015bci, prawa u\u017cytkowania wieczystego i op\u0142at ponoszonych za jego wykonywanie, a tak\u017ce op\u0142at adiacenckich pobieranych przez gmin\u0119 przy wzro\u015bcie warto\u015bci nieruchomo\u015bci spowodowanym m.in. wybudowaniem urz\u0105dze\u0144 infrastruktury technicznej.<\/p>\n<p>Kolejne, 3. wydanie publikacji zosta\u0142o uzupe\u0142nione o nowy rozdzia\u0142 dotycz\u0105cy rozgraniczenia nieruchomo\u015bci, a tak\u017ce uwzgl\u0119dnia zmiany wprowadzone ustaw\u0105 z 13.2.2020 r. o zmianie ustawy \u2013 Prawo budowlane oraz niekt\u00f3rych innych ustaw (Dz.U. z 2020 r. poz. 471 ze zm.).<\/p>\n<p>Ksi\u0105\u017cka zawiera r\u00f3wnie\u017c zaktualizowane orzecznictwo oparte o najnowsze zmiany dotycz\u0105ce prawa nieruchomo\u015bci.<\/p>\n<p>Publikacja podzielona jest na rozdzia\u0142y, w kt\u00f3rych znajduj\u0105 si\u0119 m.in. nast\u0119puj\u0105ce wzory:<\/p>\n<p>Wz\u00f3r og\u00f3lny postanowienia wydawanego w sprawach okre\u015blonych w dziale III ustawy o gospodarce nieruchomo\u015bciami;<br \/>\nTrwa\u0142y zarz\u0105d (m.in.: wniosek o ustanowienie trwa\u0142ego zarz\u0105du, wniosek o wydanie decyzji o wyga\u015bni\u0119ciu trwa\u0142ego zarz\u0105du, wniosek o przekazanie trwa\u0142ego zarz\u0105du, decyzja o przekazaniu trwa\u0142ego zarz\u0105du, decyzja o zmianie stawki procentowej op\u0142aty rocznej z tytu\u0142u trwa\u0142ego zarz\u0105du ze wzgl\u0119du na zmian\u0119 sposobu korzystania z nieruchomo\u015bci, wniosek o aktualizacj\u0119 op\u0142aty rocznej z tytu\u0142u trwa\u0142ego zarz\u0105du, decyzja o przed\u0142u\u017ceniu terminu zagospodarowania nieruchomo\u015bci oddanej w trwa\u0142y zarz\u0105d);<br \/>\nPrawo u\u017cytkowania wieczystego (m.in.: wniosek o przed\u0142u\u017cenie terminu zagospodarowania nieruchomo\u015bci oddanej w u\u017cytkowanie wieczyste, wypowiedzenie bonifikaty udzielonej od op\u0142at z tytu\u0142u u\u017cytkowania wieczystego, wniosek w\u0142a\u015bciciela o zmian\u0119 celu u\u017cytkowania wieczystego \u2013 w zwi\u0105zku z trwa\u0142\u0105 zmian\u0105 sposobu korzystania z nieruchomo\u015bci, wypowiedzenie wysoko\u015bci op\u0142aty rocznej z tytu\u0142u u\u017cytkowania wieczystego, wniosek o przekszta\u0142cenie prawa u\u017cytkowania wieczystego w prawo w\u0142asno\u015bci nieruchomo\u015bci)<br \/>\nPodzia\u0142 nieruchomo\u015bci (m.in.: wniosek o zatwierdzenie podzia\u0142u nieruchomo\u015bci obj\u0119tej planem miejscowym, postanowienie o zawieszeniu post\u0119powania ze wzgl\u0119du na obowi\u0105zek uchwalenia planu miejscowego, decyzja o zatwierdzeniu podzia\u0142u nieruchomo\u015bci zgodnego z planem miejscowym, decyzja o odmowie zatwierdzenia podzia\u0142u nieruchomo\u015bci, wniosek o po\u0142\u0105czenie i ponowny podzia\u0142 nieruchomo\u015bci, decyzja o ustaleniu odszkodowania za dzia\u0142ki gruntu wydzielone pod drogi publiczne, wniosek o po\u0142\u0105czenie i ponowny podzia\u0142 nieruchomo\u015bci, decyzja o zatwierdzeniu lub odmowie po\u0142\u0105czenia i podzia\u0142u nieruchomo\u015bci);<br \/>\nWyw\u0142aszczenie nieruchomo\u015bci (m.in.: wniosek o wyw\u0142aszczenie nieruchomo\u015bci, decyzja o wyw\u0142aszczeniu i odszkodowaniu, wniosek o wydanie decyzji o zezwoleniu na czasowe zaj\u0119cie nieruchomo\u015bci pod budow\u0119 infrastruktury technicznej, decyzja o zobowi\u0105zaniu do udost\u0119pnienia nieruchomo\u015bci, wniosek o wydanie decyzji o ograniczeniu sposobu korzystania z nieruchomo\u015bci, wniosek o wydanie decyzji o zezwoleniu na czasowe zaj\u0119cie nieruchomo\u015bci w przypadku si\u0142y wy\u017cszej lub nag\u0142ej potrzeby zapobie\u017cenia powstaniu znacznej szkody, decyzja o ustaleniu odszkodowania za czasowe zaj\u0119cie nieruchomo\u015bci w przypadku si\u0142y wy\u017cszej lub nag\u0142ej potrzeby zapobie\u017cenia powstaniu znacznej szkody);<br \/>\nZwrot nieruchomo\u015bci wyw\u0142aszczonej (m.in.: zawiadomienie o niewykorzystaniu nieruchomo\u015bci na cel wyw\u0142aszczenia, wniosek o zwrot nieruchomo\u015bci wyw\u0142aszczonej, decyzja o zwrocie nieruchomo\u015bci wyw\u0142aszczonej, zawiadomienie o mo\u017cliwo\u015bci zwrotu udzia\u0142u w wyw\u0142aszczonej nieruchomo\u015bci albo udzia\u0142u w jej cz\u0119\u015bci, decyzja o odmowie zwrotu nieruchomo\u015bci wyw\u0142aszczonej, decyzja o zwrocie cz\u0119\u015bci nieruchomo\u015bci wyw\u0142aszczonej);<br \/>\nOp\u0142aty adiacenckie (m.in.: decyzja o ustaleniu op\u0142aty adiacenckiej po podziale nieruchomo\u015bci, decyzja o ustaleniu op\u0142aty adiacenckiej po scaleniu i podziale nieruchomo\u015bci, decyzja o ustaleniu op\u0142aty adiacenckiej po wybudowaniu urz\u0105dze\u0144 infrastruktury technicznej);<br \/>\nRozgraniczenie nieruchomo\u015bci (wniosek o rozgraniczenie nieruchomo\u015bci do organu administracji, decyzja o rozgraniczeniu nieruchomo\u015bci, decyzja o umorzeniu post\u0119powania rozgraniczeniowego ze wzgl\u0119d\u00f3w procesowych oraz materialnych, ugoda rozgraniczeniowa, wniosek o rozgraniczenie nieruchomo\u015bci do s\u0105du cywilnego);<br \/>\nKa\u017cdy ze wzor\u00f3w stanowi jednocze\u015bnie przyk\u0142ad praktycznego zastosowania wyk\u0142adni przepis\u00f3w normuj\u0105cych problematyk\u0119 nieruchomo\u015bci w zakresie instrument\u00f3w opisanych w tych wzorach. Dodane za\u015b orzecznictwo s\u0105dowe s\u0142u\u017cy przybli\u017ceniu pogl\u0105d\u00f3w judykatury maj\u0105cej cz\u0119sto kluczowe znaczenie w rozwa\u017caniu sposobu post\u0119powania w sprawach o zbli\u017conym stanie faktycznym i prawnym.<\/p>\n<p>Publikacj\u0119 przygotowano z my\u015bl\u0105 o praktykach \u2013 osobach profesjonalnie zwi\u0105zanych z rynkiem nieruchomo\u015bci, tj. po\u015brednicy w obrocie nieruchomo\u015bciami, zarz\u0105dcy nieruchomo\u015bci oraz rzeczoznawcy maj\u0105tkowi, a ponadto dla s\u0142uchaczy studi\u00f3w podyplomowych zdobywaj\u0105cych uprawnienia zawodowe w tych dziedzinach. Opracowanie stanowi r\u00f3wnie\u017c nieocenion\u0105 pomoc dla radc\u00f3w prawnych, adwokat\u00f3w, aplikant\u00f3w i student\u00f3w prawa oraz os\u00f3b prywatnych, kt\u00f3re chc\u0105 samodzielnie sporz\u0105dzi\u0107 okre\u015blone pismo.<\/p>\n","protected":false},"excerpt":{"rendered":"<p>Autor: SNSA Marian Wolanin Wydawnictwo: C.H. Beck Seria: Wzory Pism [&hellip;]<\/p>\n","protected":false},"featured_media":13040,"template":"","meta":[],"product_brand":[],"product_cat":[34],"product_tag":[705,6259,7686],"class_list":{"0":"post-5845","1":"product","2":"type-product","3":"status-publish","4":"has-post-thumbnail","6":"product_cat-nieruchomosci","7":"product_tag-nieruchomosci","8":"product_tag-prawo-o-nieruchomosciach","9":"product_tag-seria-wzory-pism-becka","11":"first","12":"instock","13":"sale","14":"shipping-taxable","15":"purchasable","16":"product-type-simple"},"_links":{"self":[{"href":"http:\/\/ksiegarnia-akademicka.pl\/index.php\/wp-json\/wp\/v2\/product\/5845","targetHints":{"allow":["GET"]}}],"collection":[{"href":"http:\/\/ksiegarnia-akademicka.pl\/index.php\/wp-json\/wp\/v2\/product"}],"about":[{"href":"http:\/\/ksiegarnia-akademicka.pl\/index.php\/wp-json\/wp\/v2\/types\/product"}],"wp:featuredmedia":[{"embeddable":true,"href":"http:\/\/ksiegarnia-akademicka.pl\/index.php\/wp-json\/wp\/v2\/media\/13040"}],"wp:attachment":[{"href":"http:\/\/ksiegarnia-akademicka.pl\/index.php\/wp-json\/wp\/v2\/media?parent=5845"}],"wp:term":[{"taxonomy":"product_brand","embeddable":true,"href":"http:\/\/ksiegarnia-akademicka.pl\/index.php\/wp-json\/wp\/v2\/product_brand?post=5845"},{"taxonomy":"product_cat","embeddable":true,"href":"http:\/\/ksiegarnia-akademicka.pl\/index.php\/wp-json\/wp\/v2\/product_cat?post=5845"},{"taxonomy":"product_tag","embeddable":true,"href":"http:\/\/ksiegarnia-akademicka.pl\/index.php\/wp-json\/wp\/v2\/product_tag?post=5845"}],"curies":[{"name":"wp","href":"https:\/\/api.w.org\/{rel}","templated":true}]}}