{"id":5801,"date":"2018-05-22T12:54:25","date_gmt":"2018-05-22T10:54:25","guid":{"rendered":"http:\/\/ksiegarnia-akademicka.pl\/index.php\/product\/czynnosci-procesowe-obroncy-i-pelnomocnika-w-sprawach-karnych-2\/"},"modified":"2024-12-04T13:36:10","modified_gmt":"2024-12-04T12:36:10","slug":"czynnosci-procesowe-obroncy-i-pelnomocnika-w-sprawach-karnych-2","status":"publish","type":"product","link":"http:\/\/ksiegarnia-akademicka.pl\/index.php\/product\/czynnosci-procesowe-obroncy-i-pelnomocnika-w-sprawach-karnych-2\/","title":{"rendered":"Czynno\u015bci procesowe obro\u0144cy i pe\u0142nomocnika w sprawach karnych"},"content":{"rendered":"<p>Autor:<br \/>\nDariusz \u015awiecki<br \/>\nWydawca: Wolters Kluwer<br \/>\nOprawa: Twarda<br \/>\nFormat: 15.0&#215;21.0cm<br \/>\nLiczba stron: 912<br \/>\nWydanie: 6<br \/>\nRok wydania: 2020<\/p>\n<p>Czynno\u015bci procesowe obro\u0144cy i pe\u0142nomocnika w sprawach karnych to publikacja przygotowana z my\u015bl\u0105 o praktykach \u2013 adwokatach i radcach prawnych wyst\u0119puj\u0105cych przed s\u0105dem w sprawach karnych, a tak\u017ce aplikantach adwokackich i radcowskich.<\/p>\n<p>Ksi\u0105\u017cka przedstawia czynno\u015bci procesowe obro\u0144cy i pe\u0142nomocnika w uj\u0119ciu praktycznym \u2013 wed\u0142ug kolejno\u015bci ich podejmowania. Stanowi swego rodzaju przewodnik po tek\u015bcie kodeksu, obja\u015bniaj\u0105c poszczeg\u00f3lne instytucje procesowe z perspektywy dzia\u0142alno\u015bci procesowej obro\u0144cy i pe\u0142nomocnika. Zawiera tak\u017ce wskaz\u00f3wki przydatne przy sporz\u0105dzaniu pism procesowych i wyst\u0119powaniu przed organami post\u0119powania karnego. Ponadto w publikacji, w szerokim zakresie, cytowane s\u0105 i obja\u015bniane orzeczenia S\u0105du Najwy\u017cszego.<\/p>\n<p>Sz\u00f3ste wydanie znanej publikacji uwzgl\u0119dnia du\u017c\u0105 nowelizacj\u0119 Kodeksu post\u0119powania karnego obowi\u0105zuj\u0105c\u0105 od 5.10.2019 r. Wprowadza ona istotne zmiany w procedurze karnej, kt\u00f3re zosta\u0142y w tym wydaniu ksi\u0105\u017cki uwzgl\u0119dnione i om\u00f3wione ze szczeg\u00f3lnym wskazaniem tych, kt\u00f3re zwi\u0105zane s\u0105 z czynno\u015bciami podejmowanymi przez obro\u0144c\u0119 lub pe\u0142nomocnika.<\/p>\n<p>W zwi\u0105zku z tym dodano m.in. nowe fragmenty dotycz\u0105ce:<\/p>\n<p>ograniczenia udzia\u0142u stron i ich przedstawicieli procesowych w posiedzeniu oraz rozprawie,<br \/>\nprekluzji dowodowej,<br \/>\nmodyfikacji wzgl\u0119dnych przyczyn odwo\u0142awczych i ograniczenia zarzut\u00f3w odwo\u0142awczych w apelacji,<br \/>\nformu\u0142owania zarzut\u00f3w odwo\u0142awczych w oparciu o formularz uzasadnienia wyroku s\u0105du pierwszej instancji,<br \/>\nuzupe\u0142nienia apelacji w zwi\u0105zku z uzupe\u0142nieniem uzasadnienia wyroku.<br \/>\nOm\u00f3wiono tak\u017ce przepisy dotycz\u0105ce zasad sporz\u0105dzania za\u017calenia, apelacji i jej uzupe\u0142nienia, kasacji, skargi, subsydiarnego i prywatnego aktu oskar\u017cenia. Ponadto zamieszczono wzory takich pism.<\/p>\n<p>W najnowszym wydaniu szczeg\u00f3ln\u0105 uwag\u0119 zwr\u00f3cono r\u00f3wnie\u017c na ostatnie zmiany wprowadzone do Kodeksu post\u0119powania karnego, powsta\u0142e w konsekwencji epidemii koronawirusa, czyli tzw.: tarcze antykryzysowe 1.0 oraz 4.0.<\/p>\n<p>W wyniku tych nowelizacji do Kodeksu post\u0119powania karnego:<\/p>\n<p>dodano przepisy dotycz\u0105ce m.in. \u015brodk\u00f3w przymusu \u2013 art. 250 \u00a7 3b\u20133h k.p.k., art. 251 \u00a7 4 k.p.k., art. 258a k.p.k., art. 276a k.p.k. i art. 276a \u00a7 1a k.p.k.,<br \/>\nzmieniono niekt\u00f3re przepisy reguluj\u0105ce post\u0119powanie w przedmiocie wydania wyroku \u0142\u0105cznego,<br \/>\nwprowadzono now\u0105 formu\u0142\u0119 przebiegu posiedzenia i rozprawy w formie zdalnej (art. 96a k.p.k., art. 250 \u00a7 3b-3h k.p.k. i art. 374 \u00a7 3\u20139 k.p.k.).<\/p>\n","protected":false},"excerpt":{"rendered":"<p>Autor: Dariusz \u015awiecki Wydawca: Wolters Kluwer Oprawa: Twarda Format: 15.0&#215;21.0cm [&hellip;]<\/p>\n","protected":false},"featured_media":13103,"template":"","meta":[],"product_brand":[],"product_cat":[7490,18],"product_tag":[297,1550,296,1180],"class_list":{"0":"post-5801","1":"product","2":"type-product","3":"status-publish","4":"has-post-thumbnail","6":"product_cat-karne","7":"product_cat-prawo","8":"product_tag-czynnosci-procesowe","9":"product_tag-komentarze-i-opracowania","10":"product_tag-prawo-karne","11":"product_tag-seria-metodyki","13":"first","14":"instock","15":"sale","16":"shipping-taxable","17":"purchasable","18":"product-type-simple"},"_links":{"self":[{"href":"http:\/\/ksiegarnia-akademicka.pl\/index.php\/wp-json\/wp\/v2\/product\/5801","targetHints":{"allow":["GET"]}}],"collection":[{"href":"http:\/\/ksiegarnia-akademicka.pl\/index.php\/wp-json\/wp\/v2\/product"}],"about":[{"href":"http:\/\/ksiegarnia-akademicka.pl\/index.php\/wp-json\/wp\/v2\/types\/product"}],"wp:featuredmedia":[{"embeddable":true,"href":"http:\/\/ksiegarnia-akademicka.pl\/index.php\/wp-json\/wp\/v2\/media\/13103"}],"wp:attachment":[{"href":"http:\/\/ksiegarnia-akademicka.pl\/index.php\/wp-json\/wp\/v2\/media?parent=5801"}],"wp:term":[{"taxonomy":"product_brand","embeddable":true,"href":"http:\/\/ksiegarnia-akademicka.pl\/index.php\/wp-json\/wp\/v2\/product_brand?post=5801"},{"taxonomy":"product_cat","embeddable":true,"href":"http:\/\/ksiegarnia-akademicka.pl\/index.php\/wp-json\/wp\/v2\/product_cat?post=5801"},{"taxonomy":"product_tag","embeddable":true,"href":"http:\/\/ksiegarnia-akademicka.pl\/index.php\/wp-json\/wp\/v2\/product_tag?post=5801"}],"curies":[{"name":"wp","href":"https:\/\/api.w.org\/{rel}","templated":true}]}}