{"id":5550,"date":"2018-05-22T12:53:41","date_gmt":"2018-05-22T10:53:41","guid":{"rendered":"http:\/\/ksiegarnia-akademicka.pl\/index.php\/product\/maszyny-i-urzadzenia-odziezowe-cz-2-budowa-i-eksploatacja\/"},"modified":"2020-01-08T16:31:10","modified_gmt":"2020-01-08T15:31:10","slug":"maszyny-i-urzadzenia-odziezowe-cz-2-budowa-i-eksploatacja","status":"publish","type":"product","link":"http:\/\/ksiegarnia-akademicka.pl\/index.php\/product\/maszyny-i-urzadzenia-odziezowe-cz-2-budowa-i-eksploatacja\/","title":{"rendered":"Maszyny i urz\u0105dzenia odzie\u017cowe cz.2 Budowa i eksploatacja"},"content":{"rendered":"<p>Bogus\u0142aw Bia\u0142czak, Andrzej Kotnarowski, Romuald Makowski<br \/>\n2003, wyd. I, format B5, stron 200, 18,90 z\u0142<\/p>\n<p>W ksi\u0105\u017cce przedstawiono budow\u0119 i podstawy eksploatacji maszyn i urz\u0105dze\u0144 przygotowawczych, krojczych i prasowalniczych, a tak\u017ce nap\u0119d maszyn odzie\u017cowych i transport technologiczny w zak\u0142adach odzie\u017cowych.<\/p>\n","protected":false},"excerpt":{"rendered":"<p>Bogus\u0142aw Bia\u0142czak, Andrzej Kotnarowski, Romuald Makowski 2003, wyd. I, format [&hellip;]<\/p>\n","protected":false},"featured_media":12034,"template":"","meta":[],"product_brand":[],"product_cat":[7524,43],"product_tag":[3653,6809,87],"class_list":{"0":"post-5550","1":"product","2":"type-product","3":"status-publish","4":"has-post-thumbnail","6":"product_cat-mechanika-i-budowa-maszyn","7":"product_cat-wydawnictwo-uth","8":"product_tag-maszyny-i-urzadzenia","9":"product_tag-maszyny-szwalnicze","10":"product_tag-skrypty-politechniki-radomskiej","12":"first","13":"instock","14":"shipping-taxable","15":"purchasable","16":"product-type-simple"},"_links":{"self":[{"href":"http:\/\/ksiegarnia-akademicka.pl\/index.php\/wp-json\/wp\/v2\/product\/5550","targetHints":{"allow":["GET"]}}],"collection":[{"href":"http:\/\/ksiegarnia-akademicka.pl\/index.php\/wp-json\/wp\/v2\/product"}],"about":[{"href":"http:\/\/ksiegarnia-akademicka.pl\/index.php\/wp-json\/wp\/v2\/types\/product"}],"wp:featuredmedia":[{"embeddable":true,"href":"http:\/\/ksiegarnia-akademicka.pl\/index.php\/wp-json\/wp\/v2\/media\/12034"}],"wp:attachment":[{"href":"http:\/\/ksiegarnia-akademicka.pl\/index.php\/wp-json\/wp\/v2\/media?parent=5550"}],"wp:term":[{"taxonomy":"product_brand","embeddable":true,"href":"http:\/\/ksiegarnia-akademicka.pl\/index.php\/wp-json\/wp\/v2\/product_brand?post=5550"},{"taxonomy":"product_cat","embeddable":true,"href":"http:\/\/ksiegarnia-akademicka.pl\/index.php\/wp-json\/wp\/v2\/product_cat?post=5550"},{"taxonomy":"product_tag","embeddable":true,"href":"http:\/\/ksiegarnia-akademicka.pl\/index.php\/wp-json\/wp\/v2\/product_tag?post=5550"}],"curies":[{"name":"wp","href":"https:\/\/api.w.org\/{rel}","templated":true}]}}