{"id":55,"date":"2018-05-22T12:40:42","date_gmt":"2018-05-22T10:40:42","guid":{"rendered":"http:\/\/ksiegarnia-akademicka.pl\/index.php\/product\/laboratorium-podstaw-energoelektroniki\/"},"modified":"2019-04-24T16:00:03","modified_gmt":"2019-04-24T14:00:03","slug":"laboratorium-podstaw-energoelektroniki","status":"publish","type":"product","link":"http:\/\/ksiegarnia-akademicka.pl\/index.php\/product\/laboratorium-podstaw-energoelektroniki\/","title":{"rendered":"Laboratorium podstaw energoelektroniki Cz\u0119\u015b\u0107 I"},"content":{"rendered":"<p>Szychta E., Szychta L. Wydawnictwo Politechniki Radomskiej 2007 wyd.1 <\/br><\/br><\/p>\n<p>&nbsp;<\/p>\n<p><\/br><\/br>pozycja dost\u0119pna<\/p>\n","protected":false},"excerpt":{"rendered":"<p>Szychta E., Szychta L. Wydawnictwo Politechniki Radomskiej 2007 wyd.1 &nbsp; [&hellip;]<\/p>\n","protected":false},"featured_media":10944,"template":"","meta":[],"product_brand":[],"product_cat":[7526,43],"product_tag":[120,4247,87],"class_list":{"0":"post-55","1":"product","2":"type-product","3":"status-publish","4":"has-post-thumbnail","6":"product_cat-automatyka-elektronika-telekomunikacja","7":"product_cat-wydawnictwo-uth","8":"product_tag-elektronika","9":"product_tag-energetyka","10":"product_tag-skrypty-politechniki-radomskiej","12":"first","13":"instock","14":"shipping-taxable","15":"purchasable","16":"product-type-simple"},"_links":{"self":[{"href":"http:\/\/ksiegarnia-akademicka.pl\/index.php\/wp-json\/wp\/v2\/product\/55","targetHints":{"allow":["GET"]}}],"collection":[{"href":"http:\/\/ksiegarnia-akademicka.pl\/index.php\/wp-json\/wp\/v2\/product"}],"about":[{"href":"http:\/\/ksiegarnia-akademicka.pl\/index.php\/wp-json\/wp\/v2\/types\/product"}],"wp:featuredmedia":[{"embeddable":true,"href":"http:\/\/ksiegarnia-akademicka.pl\/index.php\/wp-json\/wp\/v2\/media\/10944"}],"wp:attachment":[{"href":"http:\/\/ksiegarnia-akademicka.pl\/index.php\/wp-json\/wp\/v2\/media?parent=55"}],"wp:term":[{"taxonomy":"product_brand","embeddable":true,"href":"http:\/\/ksiegarnia-akademicka.pl\/index.php\/wp-json\/wp\/v2\/product_brand?post=55"},{"taxonomy":"product_cat","embeddable":true,"href":"http:\/\/ksiegarnia-akademicka.pl\/index.php\/wp-json\/wp\/v2\/product_cat?post=55"},{"taxonomy":"product_tag","embeddable":true,"href":"http:\/\/ksiegarnia-akademicka.pl\/index.php\/wp-json\/wp\/v2\/product_tag?post=55"}],"curies":[{"name":"wp","href":"https:\/\/api.w.org\/{rel}","templated":true}]}}