{"id":5398,"date":"2018-05-22T12:53:14","date_gmt":"2018-05-22T10:53:14","guid":{"rendered":"http:\/\/ksiegarnia-akademicka.pl\/index.php\/product\/dziesiec-cwiczen-laboratoryjnych-z-drgan-mechanicznych\/"},"modified":"2018-07-20T13:47:16","modified_gmt":"2018-07-20T11:47:16","slug":"dziesiec-cwiczen-laboratoryjnych-z-drgan-mechanicznych","status":"publish","type":"product","link":"http:\/\/ksiegarnia-akademicka.pl\/index.php\/product\/dziesiec-cwiczen-laboratoryjnych-z-drgan-mechanicznych\/","title":{"rendered":"Dziesi\u0119\u0107 \u0107wicze\u0144 laboratoryjnych z drga\u0144 mechanicznych"},"content":{"rendered":"<p>Kazimierz Kr\u00f3l, Marcin Wik\u0142o<br \/>\nwyd. I, 2013, B-5, stron 130 (podr\u0119cznik)<\/p>\n<p>Podr\u0119cznik zawiera podstawy teoretyczne z drga\u0144 mechanicznych, fotografie stanowisk laboratoryjnych, modele fizyczne i matematyczne uk\u0142ad\u00f3w drgaj\u0105cych prezentowanych na stanowiskach laboratoryjnych, tabele pomiarowe i pytania kontrolne. W niekt\u00f3rych \u0107wiczeniach zastosowano metod\u0119 element\u00f3w sko\u0144czonych do symulacji drga\u0144 oraz przytoczono rozwi\u0105zania r\u00f3wna\u0144 ruchu za pomoc\u0105 MathCADA<\/p>\n","protected":false},"excerpt":{"rendered":"<p>Kazimierz Kr\u00f3l, Marcin Wik\u0142o wyd. I, 2013, B-5, stron 130 [&hellip;]<\/p>\n","protected":false},"featured_media":8151,"template":"","meta":[],"product_brand":[],"product_cat":[7524,43],"product_tag":[3885,173,1871,79],"class_list":{"0":"post-5398","1":"product","2":"type-product","3":"status-publish","4":"has-post-thumbnail","6":"product_cat-mechanika-i-budowa-maszyn","7":"product_cat-wydawnictwo-uth","8":"product_tag-budowa-maszyn","9":"product_tag-cwiczenia-laboratoryjne","10":"product_tag-mechanika","11":"product_tag-skrypty-uth","13":"first","14":"instock","15":"shipping-taxable","16":"purchasable","17":"product-type-simple"},"_links":{"self":[{"href":"http:\/\/ksiegarnia-akademicka.pl\/index.php\/wp-json\/wp\/v2\/product\/5398","targetHints":{"allow":["GET"]}}],"collection":[{"href":"http:\/\/ksiegarnia-akademicka.pl\/index.php\/wp-json\/wp\/v2\/product"}],"about":[{"href":"http:\/\/ksiegarnia-akademicka.pl\/index.php\/wp-json\/wp\/v2\/types\/product"}],"wp:featuredmedia":[{"embeddable":true,"href":"http:\/\/ksiegarnia-akademicka.pl\/index.php\/wp-json\/wp\/v2\/media\/8151"}],"wp:attachment":[{"href":"http:\/\/ksiegarnia-akademicka.pl\/index.php\/wp-json\/wp\/v2\/media?parent=5398"}],"wp:term":[{"taxonomy":"product_brand","embeddable":true,"href":"http:\/\/ksiegarnia-akademicka.pl\/index.php\/wp-json\/wp\/v2\/product_brand?post=5398"},{"taxonomy":"product_cat","embeddable":true,"href":"http:\/\/ksiegarnia-akademicka.pl\/index.php\/wp-json\/wp\/v2\/product_cat?post=5398"},{"taxonomy":"product_tag","embeddable":true,"href":"http:\/\/ksiegarnia-akademicka.pl\/index.php\/wp-json\/wp\/v2\/product_tag?post=5398"}],"curies":[{"name":"wp","href":"https:\/\/api.w.org\/{rel}","templated":true}]}}