{"id":5394,"date":"2018-05-22T12:53:13","date_gmt":"2018-05-22T10:53:13","guid":{"rendered":"http:\/\/ksiegarnia-akademicka.pl\/index.php\/product\/ustawa-o-samorzadzie-gminnym-komentarz\/"},"modified":"2021-03-26T09:19:58","modified_gmt":"2021-03-26T08:19:58","slug":"ustawa-o-samorzadzie-gminnym-komentarz","status":"publish","type":"product","link":"http:\/\/ksiegarnia-akademicka.pl\/index.php\/product\/ustawa-o-samorzadzie-gminnym-komentarz\/","title":{"rendered":"Ustawa o samorz\u0105dzie gminnym Komentarz"},"content":{"rendered":"<p>Redakcja naukowa:<br \/>\nBogdan Dolnicki<br \/>\nBogdan Dolnicki<br \/>\nWydawnictwo: Wolters Kluwer Polska<br \/>\nRok publikacji: 2021<br \/>\nWydanie: 3<br \/>\nLiczba stron: 1080<br \/>\nSeria: Komentarze praktyczne<br \/>\nRodzaj: Komentarz<br \/>\nOk\u0142adka: twarda<br \/>\nFormat: B5<\/p>\n<p>Stan prawny: 1 lutego 2021 r.<\/p>\n<p>Komentarz stanowi aktualn\u0105 i praktyczn\u0105 wyk\u0142adni\u0119 przepis\u00f3w ustawy o samorz\u0105dzie gminnym, przedstawiaj\u0105c\u0105 og\u00f3\u0142 norm prawnych odnosz\u0105cych si\u0119 do dzia\u0142alno\u015bci samorz\u0105du terytorialnego, m.in.: zakresu dzia\u0142ania i zada\u0144 gminy, w\u0142adz gminy, akt\u00f3w prawa miejscowego, gospodarki finansowej gminy, zwi\u0105zk\u00f3w i porozumie\u0144 mi\u0119dzygminnych, nadzoru nad dzia\u0142alno\u015bci\u0105 gmin.<\/p>\n<p>   Trzecie wydanie komentarza zawiera om\u00f3wienie m.in.:<br \/>\n\u2022 nowych przepis\u00f3w o strategii rozwoju gminy zmienionych przez ustaw\u0119 z 15.07.2020 r. o zmianie ustawy o zasadach prowadzenia polityki rozwoju oraz niekt\u00f3rych innych ustaw,<br \/>\n\u2022 zmian w zarz\u0105dzaniu nieruchomo\u015bciami nienale\u017c\u0105cymi do gminnego zasobu nieruchomo\u015bci wynikaj\u0105cych z ustawy z 13.06.2019 r. o zmianie ustawy o Krajowym Zasobie Nieruchomo\u015bci oraz niekt\u00f3rych innych ustaw,<br \/>\n\u2022 zasad zawierania um\u00f3w mi\u0119dzy gmin\u0105 a inwestorem realizuj\u0105cym niedrogowe inwestycje zaspokajaj\u0105ce zbiorowe potrzeby wsp\u00f3lnoty wprowadzone na mocy ustawy z 30.08.2019 r. o zmianie ustawy o wspieraniu rozwoju us\u0142ug i sieci telekomunikacyjnych oraz niekt\u00f3rych innych ustaw.<\/p>\n<p>Komentarz zawiera odniesienia do najnowszego orzecznictwa, rozstrzygni\u0119\u0107 organ\u00f3w nadzoruj\u0105cych samorz\u0105d terytorialny oraz do akt\u00f3w prawa miejscowego obowi\u0105zuj\u0105cego w gminach. Poszczeg\u00f3lne zagadnienia zosta\u0142y nie tylko om\u00f3wione na tle obowi\u0105zuj\u0105cego stanu prawnego, ale wskazano r\u00f3wnie\u017c b\u0142\u0119dy ustawodawcze wywo\u0142uj\u0105ce w praktyce liczne w\u0105tpliwo\u015bci interpretacyjne oraz przeanalizowano mo\u017cliwo\u015bci ich rozwi\u0105za\u0144.<\/p>\n<p>Adresaci:<br \/>\nPublikacja przeznaczona jest dla pracownik\u00f3w samorz\u0105dowych, radnych oraz prawnik\u00f3w obs\u0142uguj\u0105cych podstawowe jednostki samorz\u0105du terytorialnego i ich jednostki organizacyjne. Po\u0142\u0105czenie aspekt\u00f3w teoretycznych i praktycznych czyni z komentarza u\u017cyteczn\u0105 publikacj\u0119 r\u00f3wnie\u017c dla s\u0119dzi\u00f3w orzekaj\u0105cych w sprawach samorz\u0105du terytorialnego.<\/p>\n","protected":false},"excerpt":{"rendered":"<p>Redakcja naukowa: Bogdan Dolnicki Bogdan Dolnicki Wydawnictwo: Wolters Kluwer Polska [&hellip;]<\/p>\n","protected":false},"featured_media":14117,"template":"","meta":[],"product_brand":[],"product_cat":[7492,18,7494],"product_tag":[573,6712,486,4603],"class_list":{"0":"post-5394","1":"product","2":"type-product","3":"status-publish","4":"has-post-thumbnail","6":"product_cat-administracyjne","7":"product_cat-prawo","8":"product_cat-samorzad-terytorialny","9":"product_tag-prawo-i-postepowanie-administracyjne","10":"product_tag-samorzad-gminny","11":"product_tag-samorzad-terytorialny","12":"product_tag-seria-komentarze-praktyczne","14":"first","15":"instock","16":"sale","17":"shipping-taxable","18":"purchasable","19":"product-type-simple"},"_links":{"self":[{"href":"http:\/\/ksiegarnia-akademicka.pl\/index.php\/wp-json\/wp\/v2\/product\/5394","targetHints":{"allow":["GET"]}}],"collection":[{"href":"http:\/\/ksiegarnia-akademicka.pl\/index.php\/wp-json\/wp\/v2\/product"}],"about":[{"href":"http:\/\/ksiegarnia-akademicka.pl\/index.php\/wp-json\/wp\/v2\/types\/product"}],"wp:featuredmedia":[{"embeddable":true,"href":"http:\/\/ksiegarnia-akademicka.pl\/index.php\/wp-json\/wp\/v2\/media\/14117"}],"wp:attachment":[{"href":"http:\/\/ksiegarnia-akademicka.pl\/index.php\/wp-json\/wp\/v2\/media?parent=5394"}],"wp:term":[{"taxonomy":"product_brand","embeddable":true,"href":"http:\/\/ksiegarnia-akademicka.pl\/index.php\/wp-json\/wp\/v2\/product_brand?post=5394"},{"taxonomy":"product_cat","embeddable":true,"href":"http:\/\/ksiegarnia-akademicka.pl\/index.php\/wp-json\/wp\/v2\/product_cat?post=5394"},{"taxonomy":"product_tag","embeddable":true,"href":"http:\/\/ksiegarnia-akademicka.pl\/index.php\/wp-json\/wp\/v2\/product_tag?post=5394"}],"curies":[{"name":"wp","href":"https:\/\/api.w.org\/{rel}","templated":true}]}}