{"id":5393,"date":"2018-05-22T12:53:13","date_gmt":"2018-05-22T10:53:13","guid":{"rendered":"http:\/\/ksiegarnia-akademicka.pl\/index.php\/product\/model-ustroju-samorzadu-gminnego-w-wybranych-krajach-europejskich-prawo-samorzadu-terytorialnego-w-toku-przemian\/"},"modified":"2018-07-13T09:19:00","modified_gmt":"2018-07-13T07:19:00","slug":"model-ustroju-samorzadu-gminnego-w-wybranych-krajach-europejskich-prawo-samorzadu-terytorialnego-w-toku-przemian","status":"publish","type":"product","link":"http:\/\/ksiegarnia-akademicka.pl\/index.php\/product\/model-ustroju-samorzadu-gminnego-w-wybranych-krajach-europejskich-prawo-samorzadu-terytorialnego-w-toku-przemian\/","title":{"rendered":"Model ustroju samorz\u0105du gminnego w wybranych krajach europejskich. Prawo samorz\u0105du terytorialnego w toku przemian"},"content":{"rendered":"<p>Autor:\tLidia Zacharko, Katarzyna P\u0142onka-Bielenin, Tomasz Moll redakcja naukowa<br \/>\nWydawca:\tDifin<br \/>\nISBN:\t978-83-7930-005-1<br \/>\nData wydania:\t2013<\/p>\n<p>Autorzy monografii zajmuj\u0105 si\u0119 tematyk\u0105 przemian ustrojowych, jakim stale podlegaj\u0105 wsp\u00f3\u0142czesne samorz\u0105dy terytorialne pa\u0144stw europejskich. Bli\u017cszej analizie poddano struktury funkcjonowania samorz\u0105du terytorialnego, ze szczeg\u00f3lnym uwzgl\u0119dnieniem stopnia gminnego w wybranych pa\u0144stwach Unii Europejskiej, przy jednoczesnym wskazaniu reform administracji publicznej maj\u0105cej wp\u0142yw na funkcjonowanie samorz\u0105du terytorialnego. G\u0142\u00f3wnym polem badawczym zosta\u0142a obj\u0119ta organizacja prawna gmin we Francji, Hiszpanii, Niemczech oraz w Polsce.<\/p>\n<p>Pozycja stanowi cenn\u0105 pomoc dla student\u00f3w oraz teoretyk\u00f3w prawa i administracji, jak r\u00f3wnie\u017c dla pracownik\u00f3w samorz\u0105dowych.<\/p>\n","protected":false},"excerpt":{"rendered":"<p>Autor: Lidia Zacharko, Katarzyna P\u0142onka-Bielenin, Tomasz Moll redakcja naukowa Wydawca: [&hellip;]<\/p>\n","protected":false},"featured_media":7832,"template":"","meta":[],"product_brand":[],"product_cat":[7492,18,7494],"product_tag":[6711,486,6710],"class_list":{"0":"post-5393","1":"product","2":"type-product","3":"status-publish","4":"has-post-thumbnail","6":"product_cat-administracyjne","7":"product_cat-prawo","8":"product_cat-samorzad-terytorialny","9":"product_tag-prawo-samorzadu-terytorialnego","10":"product_tag-samorzad-terytorialny","11":"product_tag-ustroje-samorzadu-terytorialnego","13":"first","14":"instock","15":"sale","16":"shipping-taxable","17":"purchasable","18":"product-type-simple"},"_links":{"self":[{"href":"http:\/\/ksiegarnia-akademicka.pl\/index.php\/wp-json\/wp\/v2\/product\/5393","targetHints":{"allow":["GET"]}}],"collection":[{"href":"http:\/\/ksiegarnia-akademicka.pl\/index.php\/wp-json\/wp\/v2\/product"}],"about":[{"href":"http:\/\/ksiegarnia-akademicka.pl\/index.php\/wp-json\/wp\/v2\/types\/product"}],"wp:featuredmedia":[{"embeddable":true,"href":"http:\/\/ksiegarnia-akademicka.pl\/index.php\/wp-json\/wp\/v2\/media\/7832"}],"wp:attachment":[{"href":"http:\/\/ksiegarnia-akademicka.pl\/index.php\/wp-json\/wp\/v2\/media?parent=5393"}],"wp:term":[{"taxonomy":"product_brand","embeddable":true,"href":"http:\/\/ksiegarnia-akademicka.pl\/index.php\/wp-json\/wp\/v2\/product_brand?post=5393"},{"taxonomy":"product_cat","embeddable":true,"href":"http:\/\/ksiegarnia-akademicka.pl\/index.php\/wp-json\/wp\/v2\/product_cat?post=5393"},{"taxonomy":"product_tag","embeddable":true,"href":"http:\/\/ksiegarnia-akademicka.pl\/index.php\/wp-json\/wp\/v2\/product_tag?post=5393"}],"curies":[{"name":"wp","href":"https:\/\/api.w.org\/{rel}","templated":true}]}}