{"id":5315,"date":"2018-05-22T12:52:59","date_gmt":"2018-05-22T10:52:59","guid":{"rendered":"http:\/\/ksiegarnia-akademicka.pl\/index.php\/product\/iwaszkiewicz-w-podrozy\/"},"modified":"2018-07-11T10:29:54","modified_gmt":"2018-07-11T08:29:54","slug":"iwaszkiewicz-w-podrozy","status":"publish","type":"product","link":"http:\/\/ksiegarnia-akademicka.pl\/index.php\/product\/iwaszkiewicz-w-podrozy\/","title":{"rendered":"Iwaszkiewicz w podr\u00f3\u017cy"},"content":{"rendered":"<p>Radomskie Monografie Filologiczne Nr 2\/3\/2013<br \/>\nPraca zbiorowa pod redakcj\u0105 Ewy Ko\u0142odziejczyk i Anny Sp\u00f3lnej<br \/>\n2013, wyd. I, stron 202, B-5, 31,50 z\u0142<\/p>\n<p>Monografia jest plonem Mi\u0119dzynarodowej Konferencji Naukowej \u201eIwaszkiewicz w podr\u00f3\u017cy\u201d, kt\u00f3ra odby\u0142a si\u0119 w 2012 roku z inicjatywy Pracowni Literatury Wsp\u00f3\u0142czesnej w Katedrze Filologii Polskiej Wydzia\u0142u Filologiczno-Pedagogicznego w Uniwersytecie Technologiczno-Humanistycznym w Radomiu. W tomie przyj\u0119ty zosta\u0142 podzia\u0142 na dwie cz\u0119\u015bci. Pierwsza zawiera artyku\u0142y podejmuj\u0105ce zagadnienia relacji tw\u00f3rczo\u015bci Iwaszkiewicza wobec transcendencji i natury. W cz\u0119\u015bci drugiej znajduj\u0105 si\u0119 teksty koncentruj\u0105ce si\u0119 wok\u00f3\u0142 dialogu pisarza z kultur\u0105 i tradycj\u0105.<\/p>\n","protected":false},"excerpt":{"rendered":"<p>Radomskie Monografie Filologiczne Nr 2\/3\/2013 Praca zbiorowa pod redakcj\u0105 Ewy [&hellip;]<\/p>\n","protected":false},"featured_media":7635,"template":"","meta":[],"product_brand":[],"product_cat":[7529,43],"product_tag":[6044,6671,6181],"class_list":{"0":"post-5315","1":"product","2":"type-product","3":"status-publish","4":"has-post-thumbnail","6":"product_cat-inne","7":"product_cat-wydawnictwo-uth","8":"product_tag-filologia-polska","9":"product_tag-radomskie-monografie-filologiczne","10":"product_tag-seria-radomskie-monografie-filologiczne","12":"first","13":"instock","14":"shipping-taxable","15":"purchasable","16":"product-type-simple"},"_links":{"self":[{"href":"http:\/\/ksiegarnia-akademicka.pl\/index.php\/wp-json\/wp\/v2\/product\/5315","targetHints":{"allow":["GET"]}}],"collection":[{"href":"http:\/\/ksiegarnia-akademicka.pl\/index.php\/wp-json\/wp\/v2\/product"}],"about":[{"href":"http:\/\/ksiegarnia-akademicka.pl\/index.php\/wp-json\/wp\/v2\/types\/product"}],"wp:featuredmedia":[{"embeddable":true,"href":"http:\/\/ksiegarnia-akademicka.pl\/index.php\/wp-json\/wp\/v2\/media\/7635"}],"wp:attachment":[{"href":"http:\/\/ksiegarnia-akademicka.pl\/index.php\/wp-json\/wp\/v2\/media?parent=5315"}],"wp:term":[{"taxonomy":"product_brand","embeddable":true,"href":"http:\/\/ksiegarnia-akademicka.pl\/index.php\/wp-json\/wp\/v2\/product_brand?post=5315"},{"taxonomy":"product_cat","embeddable":true,"href":"http:\/\/ksiegarnia-akademicka.pl\/index.php\/wp-json\/wp\/v2\/product_cat?post=5315"},{"taxonomy":"product_tag","embeddable":true,"href":"http:\/\/ksiegarnia-akademicka.pl\/index.php\/wp-json\/wp\/v2\/product_tag?post=5315"}],"curies":[{"name":"wp","href":"https:\/\/api.w.org\/{rel}","templated":true}]}}