{"id":5314,"date":"2018-05-22T12:52:59","date_gmt":"2018-05-22T10:52:59","guid":{"rendered":"http:\/\/ksiegarnia-akademicka.pl\/index.php\/product\/stanislaw-brzozowski-powroty\/"},"modified":"2018-07-11T10:32:54","modified_gmt":"2018-07-11T08:32:54","slug":"stanislaw-brzozowski-powroty","status":"publish","type":"product","link":"http:\/\/ksiegarnia-akademicka.pl\/index.php\/product\/stanislaw-brzozowski-powroty\/","title":{"rendered":"Stanis\u0142aw Brzozowski Powroty"},"content":{"rendered":"<p>Radomskie Monografie Filologiczne Nr 1\/2\/2013<\/p>\n<p>Praca zbiorowa pod redakcj\u0105 Dariusza Trze\u015bniowskiego<br \/>\n2013, wyd. I, stron 272, B-5, 31,50 z\u0142<\/p>\n<p>W roku 2011 min\u0119\u0142o sto lat od \u015bmierci Stanis\u0142awa Brzozowskiego. To jeden z najciekawszych<br \/>\nPolskich my\u015blicieli XX wieku. Jego dorobek jest imponuj\u0105cy. Trudno jednak jego tw\u00f3rczo\u015b\u0107 literack\u0105 przypisa\u0107 do kt\u00f3regokolwiek z pr\u0105d\u00f3w artystycznych epoki, cho\u0107 nie spos\u00f3b wyobrazi\u0107 sobie powie\u015b\u0107 m\u0142odopolsk\u0105 bez jego dzie\u0142. Tom studi\u00f3w Stanis\u0142aw Brzozowski. Powroty przynosi spotkanie r\u00f3\u017cnych postaw badawczych i perspektyw lektury. Brzozowski czytany wci\u0105\u017c na nowo okazuje si\u0119 tw\u00f3rc\u0105 aktualnym, kt\u00f3ry spaja nowoczesno\u015b\u0107, kt\u00f3ry jest inspiruj\u0105cy poznawczo, budzi autentyczne czytelnicze emocje.<\/p>\n","protected":false},"excerpt":{"rendered":"<p>Radomskie Monografie Filologiczne Nr 1\/2\/2013 Praca zbiorowa pod redakcj\u0105 Dariusza [&hellip;]<\/p>\n","protected":false},"featured_media":7637,"template":"","meta":[],"product_brand":[],"product_cat":[7529,43],"product_tag":[6670],"class_list":{"0":"post-5314","1":"product","2":"type-product","3":"status-publish","4":"has-post-thumbnail","6":"product_cat-inne","7":"product_cat-wydawnictwo-uth","8":"product_tag-radonskie-monografie-filologiczne","10":"first","11":"instock","12":"shipping-taxable","13":"purchasable","14":"product-type-simple"},"_links":{"self":[{"href":"http:\/\/ksiegarnia-akademicka.pl\/index.php\/wp-json\/wp\/v2\/product\/5314","targetHints":{"allow":["GET"]}}],"collection":[{"href":"http:\/\/ksiegarnia-akademicka.pl\/index.php\/wp-json\/wp\/v2\/product"}],"about":[{"href":"http:\/\/ksiegarnia-akademicka.pl\/index.php\/wp-json\/wp\/v2\/types\/product"}],"wp:featuredmedia":[{"embeddable":true,"href":"http:\/\/ksiegarnia-akademicka.pl\/index.php\/wp-json\/wp\/v2\/media\/7637"}],"wp:attachment":[{"href":"http:\/\/ksiegarnia-akademicka.pl\/index.php\/wp-json\/wp\/v2\/media?parent=5314"}],"wp:term":[{"taxonomy":"product_brand","embeddable":true,"href":"http:\/\/ksiegarnia-akademicka.pl\/index.php\/wp-json\/wp\/v2\/product_brand?post=5314"},{"taxonomy":"product_cat","embeddable":true,"href":"http:\/\/ksiegarnia-akademicka.pl\/index.php\/wp-json\/wp\/v2\/product_cat?post=5314"},{"taxonomy":"product_tag","embeddable":true,"href":"http:\/\/ksiegarnia-akademicka.pl\/index.php\/wp-json\/wp\/v2\/product_tag?post=5314"}],"curies":[{"name":"wp","href":"https:\/\/api.w.org\/{rel}","templated":true}]}}