{"id":5257,"date":"2018-05-22T12:52:49","date_gmt":"2018-05-22T10:52:49","guid":{"rendered":"http:\/\/ksiegarnia-akademicka.pl\/index.php\/product\/organizacja-i-monitorowanie-procesow-produkcyjnych\/"},"modified":"2024-02-08T14:43:29","modified_gmt":"2024-02-08T13:43:29","slug":"organizacja-i-monitorowanie-procesow-produkcyjnych","status":"publish","type":"product","link":"http:\/\/ksiegarnia-akademicka.pl\/index.php\/product\/organizacja-i-monitorowanie-procesow-produkcyjnych\/","title":{"rendered":"Organizacja i monitorowanie proces\u00f3w produkcyjnych"},"content":{"rendered":"<p>Autorzy: Bogus\u0142aw \u015aliwczy\u0144ski, Adam Koli\u0144ski, Pawe\u0142 Andrzejczyk<br \/>\nWydawnictwo: Instytut Logistyki i Magazynowania<br \/>\nISBN: 9788363186807<br \/>\nStron: 208<br \/>\nKod ksi: ILMW-0139\/2<\/p>\n<p>Opis ksi\u0105\u017cki<br \/>\nPodr\u0119cznik pt. Organizacja i monitorowanie proces\u00f3w produkcyjnych zosta\u0142 opracowany zgodnie z za\u0142o\u017ceniami nowej podstawy programowej dla zawodu technik logistyk i zawiera systematyczn\u0105 prezentacj\u0119 powi\u0105zanych tematyczne efekt\u00f3w nauczania, opisanych w pierwszej cz\u0119\u015bci kwalifikacji A.30 \u201eOrganizacja i monitorowanie przep\u0142ywu zasob\u00f3w i informacji w procesach produkcji, dystrybucji i magazynowania\u201d. Po opanowaniu materia\u0142u zawartego w podr\u0119czniku przysz\u0142y technik logistyk b\u0119dzie potrafi\u0142 m.in.: rozr\u00f3\u017cnia\u0107 systemy produkcyjne, opisa\u0107 proces planowania przep\u0142yw\u00f3w produkcyjnych, dobra\u0107 \u015brodki transportu wewn\u0119trznego do wykonania przep\u0142ywu produkcyjnego, sporz\u0105dza\u0107 dokumenty dotycz\u0105ce przep\u0142yw\u00f3w produkcyjnych. Podr\u0119cznik zawiera wiele przyk\u0142ad\u00f3w z praktyki, dzi\u0119ki kt\u00f3rym uczniowie znajd\u0105 odpowied\u017a na przyk\u0142adowe pytania: jak przebiega planowanie zakup\u00f3w i dostaw w procesie zaopatrzenia materia\u0142owego, jakie s\u0105 procedury zakupowe i jak wygl\u0105da proces kwalifikacji dostawc\u00f3w, czym charakteryzuj\u0105 si\u0119 poszczeg\u00f3lne typy produkcji, jakie s\u0105 podstawowe programy komputerowe do sporz\u0105dzania dokumentacji przep\u0142yw\u00f3w produkcyjnych.<\/p>\n","protected":false},"excerpt":{"rendered":"<p>Autorzy: Bogus\u0142aw \u015aliwczy\u0144ski, Adam Koli\u0144ski, Pawe\u0142 Andrzejczyk Wydawnictwo: Instytut Logistyki [&hellip;]<\/p>\n","protected":false},"featured_media":8372,"template":"","meta":[],"product_brand":[],"product_cat":[7517,31,7515],"product_tag":[502,1902,3566,389,518],"class_list":{"0":"post-5257","1":"product","2":"type-product","3":"status-publish","4":"has-post-thumbnail","6":"product_cat-logistyka","7":"product_cat-przedsiebiorstwo","8":"product_cat-zarzadzanie-przedsiebiorstwem","9":"product_tag-logistyka","10":"product_tag-organizacja-i-zarzadzanie","11":"product_tag-procesy-produkcyjne","12":"product_tag-produkcja","13":"product_tag-seria-biblioteka-logistyka","15":"first","16":"outofstock","17":"sale","18":"shipping-taxable","19":"purchasable","20":"product-type-simple"},"_links":{"self":[{"href":"http:\/\/ksiegarnia-akademicka.pl\/index.php\/wp-json\/wp\/v2\/product\/5257","targetHints":{"allow":["GET"]}}],"collection":[{"href":"http:\/\/ksiegarnia-akademicka.pl\/index.php\/wp-json\/wp\/v2\/product"}],"about":[{"href":"http:\/\/ksiegarnia-akademicka.pl\/index.php\/wp-json\/wp\/v2\/types\/product"}],"wp:featuredmedia":[{"embeddable":true,"href":"http:\/\/ksiegarnia-akademicka.pl\/index.php\/wp-json\/wp\/v2\/media\/8372"}],"wp:attachment":[{"href":"http:\/\/ksiegarnia-akademicka.pl\/index.php\/wp-json\/wp\/v2\/media?parent=5257"}],"wp:term":[{"taxonomy":"product_brand","embeddable":true,"href":"http:\/\/ksiegarnia-akademicka.pl\/index.php\/wp-json\/wp\/v2\/product_brand?post=5257"},{"taxonomy":"product_cat","embeddable":true,"href":"http:\/\/ksiegarnia-akademicka.pl\/index.php\/wp-json\/wp\/v2\/product_cat?post=5257"},{"taxonomy":"product_tag","embeddable":true,"href":"http:\/\/ksiegarnia-akademicka.pl\/index.php\/wp-json\/wp\/v2\/product_tag?post=5257"}],"curies":[{"name":"wp","href":"https:\/\/api.w.org\/{rel}","templated":true}]}}