{"id":5182,"date":"2018-05-22T12:52:36","date_gmt":"2018-05-22T10:52:36","guid":{"rendered":"http:\/\/ksiegarnia-akademicka.pl\/index.php\/product\/technologia-transportu-kolejowego\/"},"modified":"2025-11-24T14:53:08","modified_gmt":"2025-11-24T13:53:08","slug":"technologia-transportu-kolejowego","status":"publish","type":"product","link":"http:\/\/ksiegarnia-akademicka.pl\/index.php\/product\/technologia-transportu-kolejowego\/","title":{"rendered":"Technologia transportu kolejowego"},"content":{"rendered":"<p>Autor:<br \/>\nPawe\u0142 Zalewski<br \/>\nPiotr Siedlecki<br \/>\nArkadiusz Drewnowski<br \/>\nWydawca: Wydawnictwa Komunikacji i \u0141\u0105czno\u015bci WK\u0141<br \/>\nOprawa: Mi\u0119kka<br \/>\nFormat: 16.5&#215;23.5cm<br \/>\nLiczba stron: 244<br \/>\nWydanie: 1<br \/>\nRok wydania: 2020 dodruk<\/p>\n<p>W ksi\u0105\u017cce w przyst\u0119pny spos\u00f3b opisano zagadnienia zwi\u0105zane z technologi\u0105 kolejowych przewoz\u00f3w \u0142adunk\u00f3w i os\u00f3b, w tym m.in.:<br \/>\nzarys kolejowego procesu przewozowego,<br \/>\ndrogi kolejowe i ich elementy sk\u0142adowe oraz zasady ich utrzymania i naprawy,<br \/>\nkolejowe punkty eksploatacyjne (posterunki ruchu, punkty handlowe do odprawy os\u00f3b i przesy\u0142ek oraz stacje kolejowe),<br \/>\nurz\u0105dzenia sterowania ruchem kolejowym (klasyfikacj\u0119, zasady sygnalizacji, urz\u0105dzenia stacyjne, liniowe i \u0142\u0105czno\u015bci oraz zasady ich utrzymania),<br \/>\nwagony kolejowe towarowe i osobowe wraz z podstawowymi danymi eksploatacyjnymi, zasadami \u0142adowania wagon\u00f3w towarowych oraz numeracj\u0105 i oznaczaniem wagon\u00f3w, a tak\u017ce zasadami ich utrzymania i naprawy,<br \/>\npojazdy trakcyjne spalinowe, elektryczne i parowe oraz zasady ich oznaczania, a tak\u017ce kolejowe pojazdy pomocnicze, zasady ich utrzymania i naprawy,<br \/>\nzasady prowadzenia ruchu poci\u0105g\u00f3w na szlakach i stacjach,<br \/>\ntechnologi\u0119 pracy manewrowej,<br \/>\ntechnologi\u0119 pracy stacji kolejowych towarowych i osobowych,<br \/>\ntechnologi\u0119 przemieszczania \u0142adunk\u00f3w i os\u00f3b w transporcie kolejowym,<br \/>\ntechnologi\u0119 kombinowanych proces\u00f3w transportowych z udzia\u0142em transportu kolejowego, uwzgl\u0119dniaj\u0105c\u0105 tabor, terminale prze\u0142adunkowe i technologi\u0119 prze\u0142adunku,<br \/>\nokre\u015blenie zdolno\u015bci przepustowej linii kolejowej oraz zdolno\u015bci przerobowej i \u0142adunkowej stacji.<\/p>\n<p>Odbiorcy: studenci wydzia\u0142\u00f3w transportu, logistyki oraz zarz\u0105dzania wy\u017cszych uczelni, doradcy ds. transportu przedsi\u0119biorstw, a tak\u017ce osoby profesjonalnie zwi\u0105zane z przewozami kolejowymi.<\/p>\n","protected":false},"excerpt":{"rendered":"<p>Autor: Pawe\u0142 Zalewski Piotr Siedlecki Arkadiusz Drewnowski Wydawca: Wydawnictwa Komunikacji [&hellip;]<\/p>\n","protected":false},"featured_media":8957,"template":"","meta":[],"product_brand":[],"product_cat":[7535],"product_tag":[6584,642,150],"class_list":{"0":"post-5182","1":"product","2":"type-product","3":"status-publish","4":"has-post-thumbnail","6":"product_cat-transport-2","7":"product_tag-przewoz-ladunkow-i-osob","8":"product_tag-transport","9":"product_tag-transport-kolejowy","11":"first","12":"instock","13":"sale","14":"shipping-taxable","15":"purchasable","16":"product-type-simple"},"_links":{"self":[{"href":"http:\/\/ksiegarnia-akademicka.pl\/index.php\/wp-json\/wp\/v2\/product\/5182","targetHints":{"allow":["GET"]}}],"collection":[{"href":"http:\/\/ksiegarnia-akademicka.pl\/index.php\/wp-json\/wp\/v2\/product"}],"about":[{"href":"http:\/\/ksiegarnia-akademicka.pl\/index.php\/wp-json\/wp\/v2\/types\/product"}],"wp:featuredmedia":[{"embeddable":true,"href":"http:\/\/ksiegarnia-akademicka.pl\/index.php\/wp-json\/wp\/v2\/media\/8957"}],"wp:attachment":[{"href":"http:\/\/ksiegarnia-akademicka.pl\/index.php\/wp-json\/wp\/v2\/media?parent=5182"}],"wp:term":[{"taxonomy":"product_brand","embeddable":true,"href":"http:\/\/ksiegarnia-akademicka.pl\/index.php\/wp-json\/wp\/v2\/product_brand?post=5182"},{"taxonomy":"product_cat","embeddable":true,"href":"http:\/\/ksiegarnia-akademicka.pl\/index.php\/wp-json\/wp\/v2\/product_cat?post=5182"},{"taxonomy":"product_tag","embeddable":true,"href":"http:\/\/ksiegarnia-akademicka.pl\/index.php\/wp-json\/wp\/v2\/product_tag?post=5182"}],"curies":[{"name":"wp","href":"https:\/\/api.w.org\/{rel}","templated":true}]}}