{"id":5112,"date":"2018-05-22T12:52:23","date_gmt":"2018-05-22T10:52:23","guid":{"rendered":"http:\/\/ksiegarnia-akademicka.pl\/index.php\/product\/postepowanie-cywilne-w-pigulce\/"},"modified":"2024-12-03T13:29:28","modified_gmt":"2024-12-03T12:29:28","slug":"postepowanie-cywilne-w-pigulce","status":"publish","type":"product","link":"http:\/\/ksiegarnia-akademicka.pl\/index.php\/product\/postepowanie-cywilne-w-pigulce\/","title":{"rendered":"Post\u0119powanie cywilne w pigu\u0142ce + testy online"},"content":{"rendered":"<p>Seria: W pigu\u0142ce<\/p>\n<p>Wydawnictwo: C.H. Beck<br \/>\nSeria: Prawo w pigu\u0142ce<br \/>\nRok wydania: 2023<br \/>\nWydanie: 3<br \/>\nOprawa: Mi\u0119kka<br \/>\nLiczba stron: 496<br \/>\nWymiary: 145&#215;190 mm<br \/>\nWaga: 465 g<\/p>\n<p>Publikacja stanowi kompleksowe opracowanie do nauki i powt\u00f3rki przed egzaminem. W ksi\u0105\u017cce zosta\u0142y zawarte najwa\u017cniejsze zagadnienia z zakresu post\u0119powania cywilnego.<\/p>\n<p>Opracowanie zosta\u0142o podzielone na 4 dzia\u0142y tematyczne, w kt\u00f3rych znajdziesz 15 cz\u0119\u015bci omawiaj\u0105cych m.in:<\/p>\n<p>Pe\u0142nomocnik\u00f3w procesowych,<br \/>\nKoszty procesu,<br \/>\nPomoc prawn\u0105 z urz\u0119du,<br \/>\nPost\u0119powanie procesowe,<br \/>\nPost\u0119powanie przed s\u0105dem I instancji,<br \/>\nDowody i orzeczenia,<br \/>\n\u015arodki odwo\u0142awcze,<br \/>\nPost\u0119powania odr\u0119bne,<br \/>\nPost\u0119powanie nieprocesowe,<br \/>\nPost\u0119powanie zabezpieczaj\u0105ce,<br \/>\nPost\u0119powanie egzekucyjne,<br \/>\nS\u0105d polubowny.<br \/>\nNa ko\u0144cu ka\u017cdej z cz\u0119\u015bci znajduje si\u0119 test, dzi\u0119ki kt\u00f3remu mo\u017cesz sprawdzi\u0107 poziom zdobytej wiedzy.<\/p>\n","protected":false},"excerpt":{"rendered":"<p>Seria: W pigu\u0142ce Wydawnictwo: C.H. Beck Seria: Prawo w pigu\u0142ce [&hellip;]<\/p>\n","protected":false},"featured_media":18911,"template":"","meta":[],"product_brand":[],"product_cat":[7491,18],"product_tag":[692,615,6980],"class_list":{"0":"post-5112","1":"product","2":"type-product","3":"status-publish","4":"has-post-thumbnail","6":"product_cat-cywilne","7":"product_cat-prawo","8":"product_tag-postepowanie-cywilne","9":"product_tag-prawo-cywilne","10":"product_tag-seria-w-pigulce","12":"first","13":"instock","14":"sale","15":"shipping-taxable","16":"purchasable","17":"product-type-simple"},"_links":{"self":[{"href":"http:\/\/ksiegarnia-akademicka.pl\/index.php\/wp-json\/wp\/v2\/product\/5112","targetHints":{"allow":["GET"]}}],"collection":[{"href":"http:\/\/ksiegarnia-akademicka.pl\/index.php\/wp-json\/wp\/v2\/product"}],"about":[{"href":"http:\/\/ksiegarnia-akademicka.pl\/index.php\/wp-json\/wp\/v2\/types\/product"}],"wp:featuredmedia":[{"embeddable":true,"href":"http:\/\/ksiegarnia-akademicka.pl\/index.php\/wp-json\/wp\/v2\/media\/18911"}],"wp:attachment":[{"href":"http:\/\/ksiegarnia-akademicka.pl\/index.php\/wp-json\/wp\/v2\/media?parent=5112"}],"wp:term":[{"taxonomy":"product_brand","embeddable":true,"href":"http:\/\/ksiegarnia-akademicka.pl\/index.php\/wp-json\/wp\/v2\/product_brand?post=5112"},{"taxonomy":"product_cat","embeddable":true,"href":"http:\/\/ksiegarnia-akademicka.pl\/index.php\/wp-json\/wp\/v2\/product_cat?post=5112"},{"taxonomy":"product_tag","embeddable":true,"href":"http:\/\/ksiegarnia-akademicka.pl\/index.php\/wp-json\/wp\/v2\/product_tag?post=5112"}],"curies":[{"name":"wp","href":"https:\/\/api.w.org\/{rel}","templated":true}]}}