{"id":5096,"date":"2018-05-22T12:52:21","date_gmt":"2018-05-22T10:52:21","guid":{"rendered":"http:\/\/ksiegarnia-akademicka.pl\/index.php\/product\/metodyka-pracy-adwokata-w-sprawach-karnych\/"},"modified":"2024-12-04T13:38:46","modified_gmt":"2024-12-04T12:38:46","slug":"metodyka-pracy-adwokata-w-sprawach-karnych","status":"publish","type":"product","link":"http:\/\/ksiegarnia-akademicka.pl\/index.php\/product\/metodyka-pracy-adwokata-w-sprawach-karnych\/","title":{"rendered":"Metodyka pracy adwokata i radcy prawnego w sprawach karnych"},"content":{"rendered":"<p>Autor: adw. Stefan Jaworski<br \/>\nWydawnictwo: C.H. Beck<br \/>\nSeria: Metodyki Becka<br \/>\nRok wydania: 2019<br \/>\nWydanie: 4<br \/>\nISBN: 978-83-8128-965-8<br \/>\nLiczba stron: 422<br \/>\nOprawa: Mi\u0119kka<br \/>\nWaga: 520 g<\/p>\n<p>Publikacja omawia interesuj\u0105c\u0105 problematyk\u0119 dzia\u0142alno\u015bci podejmowanej przez adwokata i radcy prawnego jako profesjonalnego obro\u0144cy oraz pe\u0142nomocnika, a tak\u017ce oskar\u017cyciela posi\u0142kowego w sprawach karnych. Uwzgl\u0119dnienia zmiany wynikaj\u0105ce z ustawy z 19.7.2019 r. o zmianie Kodeksu post\u0119powania karnego oraz innych ustaw (Reforma KPK 2019). Szczeg\u00f3\u0142owo zmiany przedstawia Tabela nowelizacyjna &#8211; Sprawd\u017a &gt;<\/p>\n<p>Czwarte wydanie omawia zmiany wynikaj\u0105ce z m.in.:<\/p>\n<p>ustawy z 8.12.2017 r. o S\u0105dzie Najwy\u017cszym (t.j. Dz.U. z 2019 r. poz. 825), kt\u00f3ra dotyczy m.in. wy\u0142\u0105czenia s\u0119dziego w sprawach, w kt\u00f3rych bra\u0142 udzia\u0142 w wydaniu orzeczenia obj\u0119tego wnioskiem o wznowienie, zaskar\u017conego w trybie kasacji lub obj\u0119tego skarg\u0105 nadzwyczajn\u0105,<br \/>\nustawy z 19.7.2019 r. o zmianie ustawy \u2013 Kodeks post\u0119powania karnego oraz niekt\u00f3rych innych ustaw, kt\u00f3ra dotyczy usprawnienia post\u0119powania karnego, wyeliminowania dostrze\u017conych usterek i b\u0142\u0119d\u00f3w legislacyjnych, kt\u00f3re wyst\u0119puj\u0105 w ustawie procesowej oraz dostosowania regulacji procesowych do wyzwa\u0144 wynikaj\u0105cych z rozwoju technologicznego; w szczeg\u00f3lno\u015bci chodzi o rezygnacj\u0119 ze zb\u0119dnego formalizmu procesowego, wprowadzenie u\u0142atwie\u0144 dla uczestnik\u00f3w post\u0119powania zwi\u0105zanych z udzia\u0142em w nim, zapobie\u017cenie obstrukcji procesowej stron i szersze zabezpieczenie interesu spo\u0142ecznego w post\u0119powaniu;<br \/>\nustawy z 14.12.2018 r. o zmianie ustawy o Policji oraz niekt\u00f3rych innych ustaw (Dz.U. z 2018 r. poz. 2399), kt\u00f3ra dotyczy wykonania wyroku TK z 14.12.2017 r. \u2013 dostosowania przepis\u00f3w ustaw w zakresie okre\u015blenia granic przeszukania oraz uprawnie\u0144 funkcjonariuszy do dokonywania kontroli osobistej,<br \/>\nustawy z 6.12.2018 r. o zmianie ustawy o zawodach lekarza i lekarza dentysty oraz niekt\u00f3rych innych ustaw (Dz.U. z 2019 r. poz. 150), kt\u00f3ra dotyczy zmian przepis\u00f3w dotycz\u0105cych obowi\u0105zku zachowania w tajemnicy informacji zwi\u0105zanych z pacjentem po jego \u015bmierci przez osoby wykonuj\u0105ce zaw\u00f3d medyczny,<br \/>\nustawy z 10.5.2018 r. o zmianie ustawy \u2013 Prawo o ustroju s\u0105d\u00f3w powszechnych, ustawy o S\u0105dzie Najwy\u017cszym oraz niekt\u00f3rych innych ustaw (Dz.U. z 2018 r. poz. 1045), kt\u00f3ra dotyczy zmiany przepis\u00f3w dotycz\u0105cych skargi nadzwyczajnej,<br \/>\nustawy z 19.7.2019 r. o zmianie ustawy \u2013 Kodeks post\u0119powania karnego (druk sejmowy Nr 3193), kt\u00f3ra dotyczy dostosowania przepis\u00f3w do wyroku TK (K 12\/15) i ma na celu przyznanie grupie oskar\u017cycieli posi\u0142kowych ubocznych, kt\u00f3rych pozbawiono statusu strony w post\u0119powaniu, prawa do zaskar\u017cenia decyzji s\u0105du,<br \/>\nustawy z 19.7.2019 r. o zmianie ustawy \u2013 Kodeks post\u0119powania karnego (druk sejmowy Nr 3134), kt\u00f3ra dotyczy ustalenia ko\u0144ca biegu terminu, okre\u015blonego dla dokonania czynno\u015bci procesowej, gdy koniec tego terminu przypada na dzie\u0144 uznany przez ustaw\u0119 za dzie\u0144 wolny od pracy.<br \/>\nCz\u0119\u015b\u0107 I to praktyczny komentarz zawieraj\u0105cy wskaz\u00f3wki dotycz\u0105ce przygotowywania si\u0119 adwokata i radcy prawnego do rozprawy oraz podejmowanej taktyki procesowej. Wszelkie uwagi na temat pracy adwokata i radcy prawnego przedstawione zosta\u0142y w spos\u00f3b praktyczny ze wskazaniem czynno\u015bci podejmowanych w okre\u015blonych sytuacjach procesowych, w toku prowadzenia spraw karnych. Ponadto cz\u0119\u015b\u0107 ta zawiera liczne odes\u0142ania do Cz\u0119\u015bci II \u2013 do poszczeg\u00f3lnych wzor\u00f3w pism procesowych. Na ko\u0144cu ka\u017cdego rozdzia\u0142u \u2013 znajduj\u0105 si\u0119 najistotniejsze orzeczenia, maj\u0105ce du\u017c\u0105 donios\u0142o\u015b\u0107 dla praktyki adwokackiej i radcowskiej.<\/p>\n<p>W niniejszej publikacji om\u00f3wione zosta\u0142y takie zagadnienia jak:<\/p>\n<p>adwokat i radca prawny w post\u0119powaniu karnym jako pe\u0142nomocnik oskar\u017cyciela posi\u0142kowego, prywatnego, powoda cywilnego, subsydiarny akt oskar\u017cenia;<br \/>\nprawne aspekty obrony i wyst\u0119powania w charakterze obro\u0144cy w sprawie karnej; wpis na list\u0119 adwokat\u00f3w i radc\u00f3w prawnych;<br \/>\npowstanie i ustanie stosunku obrony, a tak\u017ce jej odmowa;<br \/>\nobowi\u0105zki obro\u0144cy w post\u0119powaniu przygotowawczym oraz w trakcie stosowania \u015brodk\u00f3w zapobiegawczych;<br \/>\nobro\u0144ca obj\u0119ty klauzul\u0105 \u201e\u015bci\u015ble tajne&#8221;;<br \/>\nudzia\u0142 w czynno\u015bciach po zamkni\u0119ciu post\u0119powania przygotowawczego, a przed rozpocz\u0119ciem przewodu s\u0105dowego przed s\u0105dem pierwszej instancji;<br \/>\nudzia\u0142 obro\u0144cy w rozprawie g\u0142\u00f3wnej (tj.: przes\u0142uchanie oskar\u017conych, \u015bwiadk\u00f3w i bieg\u0142ych, a tak\u017ce eksperyment procesowy);<br \/>\nudzia\u0142 obro\u0144cy w post\u0119powaniu apelacyjnym przed s\u0105dem II instancji oraz w post\u0119powaniu kasacyjnym;<br \/>\nwznowienie post\u0119powania karnego;<br \/>\nudzia\u0142 obro\u0144cy w post\u0119powaniu wykonawczym; warunkowe przedterminowe zwolnienie.<br \/>\nCz\u0119\u015b\u0107 II publikacji zawiera wzory poszczeg\u00f3lnych pism procesowych, do kt\u00f3rych Czytelnik znajdzie odes\u0142ania w Cz\u0119\u015bci I, m.in.:<\/p>\n<p>upowa\u017cnienie do: obrony nieograniczonej, reprezentowania oskar\u017cyciela prywatnego, reprezentowania oskar\u017cyciela posi\u0142kowego;<br \/>\nzawiadomienie o pope\u0142nieniu przest\u0119pstwa;<br \/>\nza\u017calenie na zatrzymanie;<br \/>\nwniosek o: uchylenie tymczasowego aresztowania wzgl\u0119dnie o zmian\u0119 \u015brodka zapobiegawczego, uchylenie \u015brodka zapobiegawczego, przed\u0142u\u017cenie tymczasowego aresztowania, wydanie opinii o oskar\u017conym za okres tymczasowego aresztowania, skierowanie sprawy na posiedzenie w celu warunkowego umorzenia post\u0119powania, przekazanie sprawy prokuratorowi w celu uzupe\u0142nienia post\u0119powania przygotowawczego, zwrot sprawy do prokuratury, przywr\u00f3cenie terminu do z\u0142o\u017cenia wniosku o sporz\u0105dzenie uzasadnienia wyroku na pi\u015bmie, wznowienie post\u0119powania, udzielenie warunkowego przedterminowego zwolnienia, sporz\u0105dzenie uzasadnienia;<br \/>\nwniosek dowodowy;<br \/>\nsubsydiarny akt oskar\u017cenia;<br \/>\nodpowied\u017a na akt oskar\u017cenia wraz z wnioskami dowodowymi;<br \/>\nza\u017calenie na: zarz\u0105dzenie Prokuratury Apelacyjnej dot. obrazy przepis\u00f3w post\u0119powania polegaj\u0105ce na tym, \u017ce nie ma \u017cadnego uzasadnienia formalnego dla udost\u0119pnienia obro\u0144cy tre\u015bci wniosku o przed\u0142u\u017cenie tymczasowego aresztowania; postanowienie dot. b\u0142\u0119du w ustaleniach faktycznych; postanowienie dot. obrazy przepis\u00f3w post\u0119powania poprzez bezpodstawn\u0105 odmow\u0119 udost\u0119pnienia wniosku Prokuratury Apelacyjnej w Warszawie o przed\u0142u\u017cenie tymczasowego aresztowania wobec podejrzanego; postanowienie dot. b\u0142\u0119du w ustaleniach faktycznych;<br \/>\napelacja;<br \/>\nzaskar\u017cenie uzasadnienia wyroku;<br \/>\nodpowied\u017a na apelacj\u0119 karn\u0105.<br \/>\nPrezentowana publikacja jest skierowana przede wszystkim do m\u0142odych adept\u00f3w zawodu prawniczego \u2013 adwokat\u00f3w i radc\u00f3w prawnych, pozwoli ona uporz\u0105dkowa\u0107 wiedz\u0119, zrewidowa\u0107 pogl\u0105dy na stosowane techniki pracy i reprezentacji klient\u00f3w. Opracowanie stanowi tak\u017ce nieocenion\u0105 pomoc dla aplikant\u00f3w adwokackich i radcowskich, kt\u00f3rzy przed praktycznym wykonywaniem przysz\u0142ego zawodu powinni zdoby\u0107 wiedz\u0119 na temat charakteru podejmowanej dzia\u0142alno\u015bci, a tak\u017ce sporz\u0105dzania poszczeg\u00f3lnych pism procesowych w sprawach karnych i zagadnie\u0144 og\u00f3lnych dotycz\u0105cych reprezentacji klienta na sali s\u0105dowej. B\u0119dzie r\u00f3wnie\u017c przydatna dla stron i innych uczestnik\u00f3w post\u0119powania karnego.<\/p>\n","protected":false},"excerpt":{"rendered":"<p>Autor: adw. Stefan Jaworski Wydawnictwo: C.H. Beck Seria: Metodyki Becka [&hellip;]<\/p>\n","protected":false},"featured_media":11960,"template":"","meta":[],"product_brand":[],"product_cat":[7490,18],"product_tag":[7918,827,296,6534],"class_list":{"0":"post-5096","1":"product","2":"type-product","3":"status-publish","4":"has-post-thumbnail","6":"product_cat-karne","7":"product_cat-prawo","8":"product_tag-egzamin-prawniczy-2020","9":"product_tag-metodyka-pracy","10":"product_tag-prawo-karne","11":"product_tag-seria-metodyki-becka","13":"first","14":"instock","15":"sale","16":"shipping-taxable","17":"purchasable","18":"product-type-simple"},"_links":{"self":[{"href":"http:\/\/ksiegarnia-akademicka.pl\/index.php\/wp-json\/wp\/v2\/product\/5096","targetHints":{"allow":["GET"]}}],"collection":[{"href":"http:\/\/ksiegarnia-akademicka.pl\/index.php\/wp-json\/wp\/v2\/product"}],"about":[{"href":"http:\/\/ksiegarnia-akademicka.pl\/index.php\/wp-json\/wp\/v2\/types\/product"}],"wp:featuredmedia":[{"embeddable":true,"href":"http:\/\/ksiegarnia-akademicka.pl\/index.php\/wp-json\/wp\/v2\/media\/11960"}],"wp:attachment":[{"href":"http:\/\/ksiegarnia-akademicka.pl\/index.php\/wp-json\/wp\/v2\/media?parent=5096"}],"wp:term":[{"taxonomy":"product_brand","embeddable":true,"href":"http:\/\/ksiegarnia-akademicka.pl\/index.php\/wp-json\/wp\/v2\/product_brand?post=5096"},{"taxonomy":"product_cat","embeddable":true,"href":"http:\/\/ksiegarnia-akademicka.pl\/index.php\/wp-json\/wp\/v2\/product_cat?post=5096"},{"taxonomy":"product_tag","embeddable":true,"href":"http:\/\/ksiegarnia-akademicka.pl\/index.php\/wp-json\/wp\/v2\/product_tag?post=5096"}],"curies":[{"name":"wp","href":"https:\/\/api.w.org\/{rel}","templated":true}]}}