{"id":4985,"date":"2018-05-22T12:52:02","date_gmt":"2018-05-22T10:52:02","guid":{"rendered":"http:\/\/ksiegarnia-akademicka.pl\/index.php\/product\/prawo-oswiatowe-komentarz-do-ustawy-o-systemie-oswiaty\/"},"modified":"2020-11-26T09:57:42","modified_gmt":"2020-11-26T08:57:42","slug":"prawo-oswiatowe-komentarz-do-ustawy-o-systemie-oswiaty","status":"publish","type":"product","link":"http:\/\/ksiegarnia-akademicka.pl\/index.php\/product\/prawo-oswiatowe-komentarz-do-ustawy-o-systemie-oswiaty\/","title":{"rendered":"Prawo o\u015bwiatowe Komentarz"},"content":{"rendered":"<p>Redakcja naukowa:<br \/>\nMateusz Pilich<br \/>\nArtur Olszewski, Mateusz Pilich<br \/>\nWydawnictwo: Wolters Kluwer Polska<br \/>\nRok publikacji: 2020<br \/>\nWydanie: 2<br \/>\nLiczba stron: 914<br \/>\nSeria: Komentarze<br \/>\nRodzaj: Komentarz<br \/>\nOk\u0142adka: twarda<br \/>\nFormat: B5<\/p>\n<p>W komentarzu om\u00f3wiono przepisy \u201ekonstytucji polskiej o\u015bwiaty\u201d, jak\u0105 stanowi ustawa z 14.12.2016 r. \u2013 Prawo o\u015bwiatowe. Zaprezentowano je z perspektywy dokonywanej fragmentarycznie reformy prawa o\u015bwiatowego, powoduj\u0105cej trudno\u015bci interpretacyjne oraz niesprzyjaj\u0105cej zrozumieniu prawa przez jego adresat\u00f3w. Autorzy, wyja\u015bniaj\u0105c problemy powstaj\u0105ce podczas stosowania prawa, przywo\u0142uj\u0105 dorobek orzecznictwa i doktryny.<\/p>\n<p>W drugim wydaniu publikacji uwzgl\u0119dniono nowe wyzwania, kt\u00f3re stan\u0119\u0142y przed prawem o\u015bwiatowym na skutek epidemii COVID-19, m.in. ograniczenia i zawieszenia dzia\u0142alno\u015bci szk\u00f3\u0142 i plac\u00f3wek.<\/p>\n<p>Adresaci:<br \/>\nKomentarz przeznaczony jest dla os\u00f3b poszukuj\u0105cych aktualnych informacji z zakresu prawa o\u015bwiatowego, w tym przede wszystkim: dyrektor\u00f3w szk\u00f3\u0142 i plac\u00f3wek o\u015bwiatowych, pracownik\u00f3w urz\u0119d\u00f3w jednostek samorz\u0105du terytorialnego oraz organ\u00f3w sprawuj\u0105cych nadz\u00f3r pedagogiczny, a tak\u017ce adwokat\u00f3w, radc\u00f3w prawnych i s\u0119dzi\u00f3w s\u0105d\u00f3w administracyjnych.<\/p>\n","protected":false},"excerpt":{"rendered":"<p>Redakcja naukowa: Mateusz Pilich Artur Olszewski, Mateusz Pilich Wydawnictwo: Wolters [&hellip;]<\/p>\n","protected":false},"featured_media":13618,"template":"","meta":[],"product_brand":[],"product_cat":[7492,18],"product_tag":[4971,4625,45],"class_list":{"0":"post-4985","1":"product","2":"type-product","3":"status-publish","4":"has-post-thumbnail","6":"product_cat-administracyjne","7":"product_cat-prawo","8":"product_tag-prawo-oswiatowe","9":"product_tag-seria-komentarze","10":"product_tag-szkolnictwo","12":"first","13":"instock","14":"sale","15":"shipping-taxable","16":"purchasable","17":"product-type-simple"},"_links":{"self":[{"href":"http:\/\/ksiegarnia-akademicka.pl\/index.php\/wp-json\/wp\/v2\/product\/4985","targetHints":{"allow":["GET"]}}],"collection":[{"href":"http:\/\/ksiegarnia-akademicka.pl\/index.php\/wp-json\/wp\/v2\/product"}],"about":[{"href":"http:\/\/ksiegarnia-akademicka.pl\/index.php\/wp-json\/wp\/v2\/types\/product"}],"wp:featuredmedia":[{"embeddable":true,"href":"http:\/\/ksiegarnia-akademicka.pl\/index.php\/wp-json\/wp\/v2\/media\/13618"}],"wp:attachment":[{"href":"http:\/\/ksiegarnia-akademicka.pl\/index.php\/wp-json\/wp\/v2\/media?parent=4985"}],"wp:term":[{"taxonomy":"product_brand","embeddable":true,"href":"http:\/\/ksiegarnia-akademicka.pl\/index.php\/wp-json\/wp\/v2\/product_brand?post=4985"},{"taxonomy":"product_cat","embeddable":true,"href":"http:\/\/ksiegarnia-akademicka.pl\/index.php\/wp-json\/wp\/v2\/product_cat?post=4985"},{"taxonomy":"product_tag","embeddable":true,"href":"http:\/\/ksiegarnia-akademicka.pl\/index.php\/wp-json\/wp\/v2\/product_tag?post=4985"}],"curies":[{"name":"wp","href":"https:\/\/api.w.org\/{rel}","templated":true}]}}