{"id":4767,"date":"2018-05-22T12:51:24","date_gmt":"2018-05-22T10:51:24","guid":{"rendered":"http:\/\/ksiegarnia-akademicka.pl\/index.php\/product\/prawo-rzeczowe-tom-3-system-prawa-prywatnego\/"},"modified":"2019-03-22T12:59:21","modified_gmt":"2019-03-22T11:59:21","slug":"prawo-rzeczowe-tom-3-system-prawa-prywatnego","status":"publish","type":"product","link":"http:\/\/ksiegarnia-akademicka.pl\/index.php\/product\/prawo-rzeczowe-tom-3-system-prawa-prywatnego\/","title":{"rendered":"Prawo cywilne &#8211; cz\u0119\u015b\u0107 og\u00f3lna, prawo rzeczowe, zobowi\u0105zania i prawo spadkowe"},"content":{"rendered":"<p>Nale\u017cy do serii:<br \/>\nAPLIKACJE PRAWNICZE<br \/>\nAutor:<br \/>\nKatarzyna Czajkowska-Matosiuk<br \/>\nWydawca: C.H. Beck<br \/>\nOprawa: Mi\u0119kka<br \/>\nFormat: 16.4&#215;23.7<br \/>\nLiczba stron: 704<br \/>\nWydanie: 4<br \/>\nRok wydania: 2016<br \/>\nJ\u0119zyk wydania: polski<\/p>\n<p>Przyst\u0119pujesz wkr\u00f3tce do trudnego egzaminu z cz\u0119\u015bci og\u00f3lnej prawa cywilnego, prawa rzeczowego, zobowi\u0105za\u0144 lub prawa spadkowego?<br \/>\nNie masz czasu na tworzenie w\u0142asnych notatek a z d\u0142ugich opis\u00f3w podr\u0119cznikowych nic nie mo\u017cesz zapami\u0119ta\u0107?<br \/>\nNie wiesz, jakie pytania mog\u0105 pojawi\u0107 si\u0119 na egzaminie?<\/p>\n<p>Je\u017celi tak, to znalaz\u0142e\u015b wreszcie rozwi\u0105zanie swojego problemu! Masz przed sob\u0105 publikacj\u0119, dzi\u0119ki kt\u00f3rej b\u0142yskawicznie przyswoisz, ugruntujesz i sprawdzisz swoj\u0105 wiedz\u0119! Zawarty w opracowaniu materia\u0142 uj\u0119ty jest w spos\u00f3b przejrzysty i has\u0142owy. Tekst sk\u0142ada si\u0119 ze zwi\u0119z\u0142ych opis\u00f3w, czytelnych wykres\u00f3w i tabel. Szczeg\u00f3ln\u0105 uwag\u0119 zwr\u00f3cono na kwestie najcz\u0119\u015bciej poruszane na egzaminach. Pod ka\u017cdym zagadnieniem znajduj\u0105 si\u0119 autentyczne pytania z egzamin\u00f3w testowych i ustnych.<\/p>\n","protected":false},"excerpt":{"rendered":"<p>Nale\u017cy do serii: APLIKACJE PRAWNICZE Autor: Katarzyna Czajkowska-Matosiuk Wydawca: C.H. [&hellip;]<\/p>\n","protected":false},"featured_media":10570,"template":"","meta":[],"product_brand":[],"product_cat":[7491,18],"product_tag":[615,2630,5120],"class_list":{"0":"post-4767","1":"product","2":"type-product","3":"status-publish","4":"has-post-thumbnail","6":"product_cat-cywilne","7":"product_cat-prawo","8":"product_tag-prawo-cywilne","9":"product_tag-prawo-rzeczowe","10":"product_tag-seria-aplikacje-prawnicze","12":"first","13":"instock","14":"sale","15":"shipping-taxable","16":"purchasable","17":"product-type-simple"},"_links":{"self":[{"href":"http:\/\/ksiegarnia-akademicka.pl\/index.php\/wp-json\/wp\/v2\/product\/4767","targetHints":{"allow":["GET"]}}],"collection":[{"href":"http:\/\/ksiegarnia-akademicka.pl\/index.php\/wp-json\/wp\/v2\/product"}],"about":[{"href":"http:\/\/ksiegarnia-akademicka.pl\/index.php\/wp-json\/wp\/v2\/types\/product"}],"wp:featuredmedia":[{"embeddable":true,"href":"http:\/\/ksiegarnia-akademicka.pl\/index.php\/wp-json\/wp\/v2\/media\/10570"}],"wp:attachment":[{"href":"http:\/\/ksiegarnia-akademicka.pl\/index.php\/wp-json\/wp\/v2\/media?parent=4767"}],"wp:term":[{"taxonomy":"product_brand","embeddable":true,"href":"http:\/\/ksiegarnia-akademicka.pl\/index.php\/wp-json\/wp\/v2\/product_brand?post=4767"},{"taxonomy":"product_cat","embeddable":true,"href":"http:\/\/ksiegarnia-akademicka.pl\/index.php\/wp-json\/wp\/v2\/product_cat?post=4767"},{"taxonomy":"product_tag","embeddable":true,"href":"http:\/\/ksiegarnia-akademicka.pl\/index.php\/wp-json\/wp\/v2\/product_tag?post=4767"}],"curies":[{"name":"wp","href":"https:\/\/api.w.org\/{rel}","templated":true}]}}