{"id":4749,"date":"2018-05-22T12:51:21","date_gmt":"2018-05-22T10:51:21","guid":{"rendered":"http:\/\/ksiegarnia-akademicka.pl\/index.php\/product\/chlodnictwo-i-klimatyzacja\/"},"modified":"2020-11-30T10:05:23","modified_gmt":"2020-11-30T09:05:23","slug":"chlodnictwo-i-klimatyzacja","status":"publish","type":"product","link":"http:\/\/ksiegarnia-akademicka.pl\/index.php\/product\/chlodnictwo-i-klimatyzacja\/","title":{"rendered":"Ch\u0142odnictwo i klimatyzacja"},"content":{"rendered":"<p>Autor:<br \/>\nKazimierz Gutkowski<br \/>\nDariusz Butrymowicz<br \/>\nWydawca: Wydawnictwo Naukowe PWN<br \/>\nOprawa: Mi\u0119kka<br \/>\nFormat: 16.5&#215;23.5cm<br \/>\nLiczba stron: 350<br \/>\nWydanie: 4<br \/>\nRok wydania: 2020<br \/>\nJ\u0119zyk wydania: polski<\/p>\n<p>Przedstawiamy kolejne, 4. wydanie bestsellerowego podr\u0119cznika dla student\u00f3w uczelni technicznych \u201eCh\u0142odnictwo i klimatyzacja\u201d. Tematyka ta mie\u015bci si\u0119 w obszarze tematycznym nazywanym COWK \u2013 ciep\u0142ownictwo, ogrzewnictwo, wentylacja i klimatyzacja (ch\u0142odnictwo), wyk\u0142adanym m.in. na kierunkach energetyka, in\u017cynieria \u015brodowiska, mechanika i budowa maszyn.<br \/>\nPublikacja stanowi bogate i zaktualizowane kompendium wiedzy o rozwi\u0105zaniach z zakresu ch\u0142odnictwa i klimatyzacji.<br \/>\nDu\u017c\u0105 jej zalet\u0105 jest fakt przedstawienia cz\u0119sto skomplikowanych w tre\u015bci w spos\u00f3b przyst\u0119pny, w formie zwartego kompendium z przyst\u0119pnym j\u0119zykiem.<br \/>\nAutorzy tej publikacji to specjali\u015bci w zakresie nauki o ch\u0142odnictwie i klimatyzacji: Dariusz Butrymowicz, Kamil \u015amierciew, Jerzy Gagan oraz Kazimierz Gutkowski.<br \/>\nPublikacj\u0119 t\u0119 kierujemy zar\u00f3wno do student\u00f3w kierunk\u00f3w takich jak: in\u017cynieria \u015brodowiska, energetyka, mechanika i budowa maszyn, budownictwo i architektura (przedmioty: wentylacja i klimatyzacja, ch\u0142odnictwo i pompy ciep\u0142a, systemy klimatyzacji, wymiana ciep\u0142a pompy ciep\u0142a, technika cieplna i pokrewne), jak r\u00f3wnie\u017c do praktyk\u00f3w: projektant\u00f3w urz\u0105dze\u0144 ch\u0142odniczych i klimatyzacyjnych, in\u017cynier\u00f3w z tej bran\u017cy, zak\u0142ad\u00f3w produkcyjnych.<\/p>\n","protected":false},"excerpt":{"rendered":"<p>Autor: Kazimierz Gutkowski Dariusz Butrymowicz Wydawca: Wydawnictwo Naukowe PWN Oprawa: [&hellip;]<\/p>\n","protected":false},"featured_media":13647,"template":"","meta":[],"product_brand":[],"product_cat":[7709,41],"product_tag":[6373,5571,269,1945],"class_list":{"0":"post-4749","1":"product","2":"type-product","3":"status-publish","4":"has-post-thumbnail","6":"product_cat-mechanika","7":"product_cat-nauki-techniczne","8":"product_tag-chlodnictwo","9":"product_tag-klimatyzacja","10":"product_tag-podrecznik-akademicki","11":"product_tag-termodynamika","13":"first","14":"instock","15":"sale","16":"shipping-taxable","17":"purchasable","18":"product-type-simple"},"_links":{"self":[{"href":"http:\/\/ksiegarnia-akademicka.pl\/index.php\/wp-json\/wp\/v2\/product\/4749","targetHints":{"allow":["GET"]}}],"collection":[{"href":"http:\/\/ksiegarnia-akademicka.pl\/index.php\/wp-json\/wp\/v2\/product"}],"about":[{"href":"http:\/\/ksiegarnia-akademicka.pl\/index.php\/wp-json\/wp\/v2\/types\/product"}],"wp:featuredmedia":[{"embeddable":true,"href":"http:\/\/ksiegarnia-akademicka.pl\/index.php\/wp-json\/wp\/v2\/media\/13647"}],"wp:attachment":[{"href":"http:\/\/ksiegarnia-akademicka.pl\/index.php\/wp-json\/wp\/v2\/media?parent=4749"}],"wp:term":[{"taxonomy":"product_brand","embeddable":true,"href":"http:\/\/ksiegarnia-akademicka.pl\/index.php\/wp-json\/wp\/v2\/product_brand?post=4749"},{"taxonomy":"product_cat","embeddable":true,"href":"http:\/\/ksiegarnia-akademicka.pl\/index.php\/wp-json\/wp\/v2\/product_cat?post=4749"},{"taxonomy":"product_tag","embeddable":true,"href":"http:\/\/ksiegarnia-akademicka.pl\/index.php\/wp-json\/wp\/v2\/product_tag?post=4749"}],"curies":[{"name":"wp","href":"https:\/\/api.w.org\/{rel}","templated":true}]}}