{"id":4736,"date":"2018-05-22T12:51:19","date_gmt":"2018-05-22T10:51:19","guid":{"rendered":"http:\/\/ksiegarnia-akademicka.pl\/index.php\/product\/daf-kompakt-a1-b1-kursbuch-mit-3-audio-cds\/"},"modified":"2018-12-20T09:00:08","modified_gmt":"2018-12-20T08:00:08","slug":"daf-kompakt-a1-b1-kursbuch-mit-3-audio-cds","status":"publish","type":"product","link":"http:\/\/ksiegarnia-akademicka.pl\/index.php\/product\/daf-kompakt-a1-b1-kursbuch-mit-3-audio-cds\/","title":{"rendered":"DaF kompakt A1-B1 Kursbuch mit 3 Audio-CDs"},"content":{"rendered":"<p>Wydawca: LektorKlett<br \/>\nOprawa: Mi\u0119kka<br \/>\nFormat: 21.0&#215;28.0cm<br \/>\nLiczba stron: 256<br \/>\nRok wydania: 2016<\/p>\n<p>Das Kursbuch mit 3 Audio-CDs bietet:<br \/>\n30 Lektionen, verteilt auf die Niveaustufen A1 (8 Lektionen), A2 (10 Lektionen) und B1 (12 Lektionen<br \/>\nJe Lektion 3 inhaltliche Doppelseiten sowie 1 Doppelseite \u00dcberblick \u00fcber Lektionswortschatz, Grammatik und Redemittel<br \/>\nKlare Zuordnung der Kannbeschreibungen zu den Doppelseiten<br \/>\nPr\u00fcfungsrelevante Aufgabentypen des Zertifikats Deutsch im B1-Teil integriert und gekennzeichnet<\/p>\n<p>DaF kompakt, das Anf\u00e4ngerlehrwerk f\u00fcr Lernende, die schnell das Niveau B1 erreichen wollen, f\u00fchrt Erwachsene in einem Band von A1 bis B1.<\/p>\n","protected":false},"excerpt":{"rendered":"<p>Wydawca: LektorKlett Oprawa: Mi\u0119kka Format: 21.0&#215;28.0cm Liczba stron: 256 Rok [&hellip;]<\/p>\n","protected":false},"featured_media":9848,"template":"","meta":[],"product_brand":[],"product_cat":[37],"product_tag":[3619,577],"class_list":{"0":"post-4736","1":"product","2":"type-product","3":"status-publish","4":"has-post-thumbnail","6":"product_cat-jezyki-obce","7":"product_tag-jezyk-niemiecki","8":"product_tag-podreczniki","10":"first","11":"instock","12":"sale","13":"shipping-taxable","14":"purchasable","15":"product-type-simple"},"_links":{"self":[{"href":"http:\/\/ksiegarnia-akademicka.pl\/index.php\/wp-json\/wp\/v2\/product\/4736","targetHints":{"allow":["GET"]}}],"collection":[{"href":"http:\/\/ksiegarnia-akademicka.pl\/index.php\/wp-json\/wp\/v2\/product"}],"about":[{"href":"http:\/\/ksiegarnia-akademicka.pl\/index.php\/wp-json\/wp\/v2\/types\/product"}],"wp:featuredmedia":[{"embeddable":true,"href":"http:\/\/ksiegarnia-akademicka.pl\/index.php\/wp-json\/wp\/v2\/media\/9848"}],"wp:attachment":[{"href":"http:\/\/ksiegarnia-akademicka.pl\/index.php\/wp-json\/wp\/v2\/media?parent=4736"}],"wp:term":[{"taxonomy":"product_brand","embeddable":true,"href":"http:\/\/ksiegarnia-akademicka.pl\/index.php\/wp-json\/wp\/v2\/product_brand?post=4736"},{"taxonomy":"product_cat","embeddable":true,"href":"http:\/\/ksiegarnia-akademicka.pl\/index.php\/wp-json\/wp\/v2\/product_cat?post=4736"},{"taxonomy":"product_tag","embeddable":true,"href":"http:\/\/ksiegarnia-akademicka.pl\/index.php\/wp-json\/wp\/v2\/product_tag?post=4736"}],"curies":[{"name":"wp","href":"https:\/\/api.w.org\/{rel}","templated":true}]}}