{"id":4733,"date":"2018-05-22T12:51:19","date_gmt":"2018-05-22T10:51:19","guid":{"rendered":"http:\/\/ksiegarnia-akademicka.pl\/index.php\/product\/daf-kompakt-a1-kurs-und-ubungsbuch-mit-2-audio-cds\/"},"modified":"2021-11-18T10:07:56","modified_gmt":"2021-11-18T09:07:56","slug":"daf-kompakt-a1-kurs-und-ubungsbuch-mit-2-audio-cds","status":"publish","type":"product","link":"http:\/\/ksiegarnia-akademicka.pl\/index.php\/product\/daf-kompakt-a1-kurs-und-ubungsbuch-mit-2-audio-cds\/","title":{"rendered":"DaF kompakt A1 Kurs- und Ubungsbuch mit 2 Audio-CDs"},"content":{"rendered":"<p>Ilse Sander<br \/>\nBirgit Braun<br \/>\nMargit Doubek<br \/>\nWydawca: LektorKlett<br \/>\nOprawa: Mi\u0119kka<br \/>\nFormat: 21.0&#215;27.5cm<br \/>\nLiczba stron: 152<br \/>\nRok wydania: 2021<\/p>\n<p>Das Kurs- und \u00dcbungsbuch mit 2 Audio-CDs bietet<br \/>\n8 Lektionen<br \/>\nJe Lektion 3 inhaltliche Doppelseiten sowie 1 Doppelseite \u00dcberblick \u00fcber Lektionswortschatz, Grammatik und Redemittel<br \/>\nKlare Zuordnung der Kannbeschreibungen zu den Doppelseiten<br \/>\nDaF kompakt, das Anf\u00e4ngerlehrwerk f\u00fcr Lernende, die schnell das Niveau B1 erreichen wollen, f\u00fchrt Erwachsene von A1 bis B1.<br \/>\nDer Kurs orientiert sich am Gemeinsamen europ\u00e4ischen Referenzrahmen, ist kompakt aufbereitet und f\u00fchrt durch seine steile Progression zu schnellen Lernerfolgen.<\/p>\n","protected":false},"excerpt":{"rendered":"<p>Ilse Sander Birgit Braun Margit Doubek Wydawca: LektorKlett Oprawa: Mi\u0119kka [&hellip;]<\/p>\n","protected":false},"featured_media":8654,"template":"","meta":[],"product_brand":[],"product_cat":[37],"product_tag":[3619,577],"class_list":{"0":"post-4733","1":"product","2":"type-product","3":"status-publish","4":"has-post-thumbnail","6":"product_cat-jezyki-obce","7":"product_tag-jezyk-niemiecki","8":"product_tag-podreczniki","10":"first","11":"instock","12":"sale","13":"shipping-taxable","14":"purchasable","15":"product-type-simple"},"_links":{"self":[{"href":"http:\/\/ksiegarnia-akademicka.pl\/index.php\/wp-json\/wp\/v2\/product\/4733","targetHints":{"allow":["GET"]}}],"collection":[{"href":"http:\/\/ksiegarnia-akademicka.pl\/index.php\/wp-json\/wp\/v2\/product"}],"about":[{"href":"http:\/\/ksiegarnia-akademicka.pl\/index.php\/wp-json\/wp\/v2\/types\/product"}],"wp:featuredmedia":[{"embeddable":true,"href":"http:\/\/ksiegarnia-akademicka.pl\/index.php\/wp-json\/wp\/v2\/media\/8654"}],"wp:attachment":[{"href":"http:\/\/ksiegarnia-akademicka.pl\/index.php\/wp-json\/wp\/v2\/media?parent=4733"}],"wp:term":[{"taxonomy":"product_brand","embeddable":true,"href":"http:\/\/ksiegarnia-akademicka.pl\/index.php\/wp-json\/wp\/v2\/product_brand?post=4733"},{"taxonomy":"product_cat","embeddable":true,"href":"http:\/\/ksiegarnia-akademicka.pl\/index.php\/wp-json\/wp\/v2\/product_cat?post=4733"},{"taxonomy":"product_tag","embeddable":true,"href":"http:\/\/ksiegarnia-akademicka.pl\/index.php\/wp-json\/wp\/v2\/product_tag?post=4733"}],"curies":[{"name":"wp","href":"https:\/\/api.w.org\/{rel}","templated":true}]}}