{"id":4731,"date":"2018-05-22T12:51:18","date_gmt":"2018-05-22T10:51:18","guid":{"rendered":"http:\/\/ksiegarnia-akademicka.pl\/index.php\/product\/chemia-i-technologia-zywic-epoksydowych\/"},"modified":"2018-07-30T09:22:00","modified_gmt":"2018-07-30T07:22:00","slug":"chemia-i-technologia-zywic-epoksydowych","status":"publish","type":"product","link":"http:\/\/ksiegarnia-akademicka.pl\/index.php\/product\/chemia-i-technologia-zywic-epoksydowych\/","title":{"rendered":"Chemia i technologia \u017cywic epoksydowych"},"content":{"rendered":"<p>Zbigniew Bo\u0144cza-Tomaszewski, Piotr Czub, Piotr Penczek, Jan Pielichowski<br \/>\nWydawca: WNT<br \/>\nRok: 2011 wyd.4<\/p>\n<p>Om\u00f3wione zagadnienia : budowa i w\u0142a\u015bciwo\u015bci zwi\u0105zk\u00f3w i \u017cywic epoksydowych, metody otrzymywania zwi\u0105zk\u00f3w epoksydowych, utwardzacze \u017cywic epoksydowych, nape\u0142niacze, \u017cywice lane, kleje epoksydowe, laminaty epoksydowe, badanie \u017cywic nieutwardzonych, badanie w\u0142a\u015bciwo\u015bci \u017cywic utwardzonych.<\/p>\n","protected":false},"excerpt":{"rendered":"<p>Zbigniew Bo\u0144cza-Tomaszewski, Piotr Czub, Piotr Penczek, Jan Pielichowski Wydawca: WNT [&hellip;]<\/p>\n","protected":false},"featured_media":8405,"template":"","meta":[],"product_brand":[],"product_cat":[42],"product_tag":[1932,105,6363],"class_list":{"0":"post-4731","1":"product","2":"type-product","3":"status-publish","4":"has-post-thumbnail","6":"product_cat-chemia","7":"product_tag-chemia-organiczna","8":"product_tag-materialoznawstwo","9":"product_tag-zywice-epoksydowe","11":"first","12":"instock","13":"sale","14":"shipping-taxable","15":"purchasable","16":"product-type-simple"},"_links":{"self":[{"href":"http:\/\/ksiegarnia-akademicka.pl\/index.php\/wp-json\/wp\/v2\/product\/4731","targetHints":{"allow":["GET"]}}],"collection":[{"href":"http:\/\/ksiegarnia-akademicka.pl\/index.php\/wp-json\/wp\/v2\/product"}],"about":[{"href":"http:\/\/ksiegarnia-akademicka.pl\/index.php\/wp-json\/wp\/v2\/types\/product"}],"wp:featuredmedia":[{"embeddable":true,"href":"http:\/\/ksiegarnia-akademicka.pl\/index.php\/wp-json\/wp\/v2\/media\/8405"}],"wp:attachment":[{"href":"http:\/\/ksiegarnia-akademicka.pl\/index.php\/wp-json\/wp\/v2\/media?parent=4731"}],"wp:term":[{"taxonomy":"product_brand","embeddable":true,"href":"http:\/\/ksiegarnia-akademicka.pl\/index.php\/wp-json\/wp\/v2\/product_brand?post=4731"},{"taxonomy":"product_cat","embeddable":true,"href":"http:\/\/ksiegarnia-akademicka.pl\/index.php\/wp-json\/wp\/v2\/product_cat?post=4731"},{"taxonomy":"product_tag","embeddable":true,"href":"http:\/\/ksiegarnia-akademicka.pl\/index.php\/wp-json\/wp\/v2\/product_tag?post=4731"}],"curies":[{"name":"wp","href":"https:\/\/api.w.org\/{rel}","templated":true}]}}