{"id":4580,"date":"2018-05-22T12:50:53","date_gmt":"2018-05-22T10:50:53","guid":{"rendered":"http:\/\/ksiegarnia-akademicka.pl\/index.php\/product\/polityka-finansowa-w-dobie-kryzysu-integracji-europejskiej\/"},"modified":"2019-04-02T15:04:52","modified_gmt":"2019-04-02T13:04:52","slug":"polityka-finansowa-w-dobie-kryzysu-integracji-europejskiej","status":"publish","type":"product","link":"http:\/\/ksiegarnia-akademicka.pl\/index.php\/product\/polityka-finansowa-w-dobie-kryzysu-integracji-europejskiej\/","title":{"rendered":"Polityka finansowa w dobie kryzysu integracji europejskiej"},"content":{"rendered":"<p>Redakcja: Bednarczyk Jan L., Przybylska-Kapu\u015bci\u0144ska Wies\u0142awa<br \/>\nWydawca: CeDeWu<br \/>\nOprawa: Mi\u0119kka<br \/>\nFormat: 16.5&#215;23.5cm<br \/>\nLiczba stron: 348<br \/>\nWydanie: 1<br \/>\nRok wydania: 2012<br \/>\nJ\u0119zyk wydania: polski<\/p>\n<p>Specyfika kryzysu, kt\u00f3ry rozpocz\u0105\u0142 si\u0119 w 2007 roku polega m.in. na tym, \u017ce wykazuje on tendencj\u0119 do przechodzenia w stan permanentny (d\u0142ugookresowy), zagra\u017caj\u0105c ci\u0105gle znaczn\u0105 destabilizacj\u0105 zar\u00f3wno tzw. sfery nominalnej, jak i realnej gospodarki. St\u0105d podejmowane od kilku lat, zar\u00f3wno na szczeblu poszczeg\u00f3lnych pa\u0144stw, jak i na szczeblu mi\u0119dzynarodowym, usilne starania aby stworzy\u0107 takie ramy instytucjonalne w gospodarce, aby mog\u0142a ona skutecznie oprze\u0107 si\u0119 kolejnym &#8222;ods\u0142onom&#8221; kryzysu.<\/p>\n<p>Tymczasem sytuacja gospodarki europejskiej w pe\u0142ni uzasadnia obawy wyra\u017cane przez cz\u0119\u015b\u0107 teoretyk\u00f3w oraz praktyk\u00f3w gospodarczych, \u017ce druga dekada nowego stulecia mo\u017ce by\u0107 dla Europy &#8222;stracon\u0105 dekad\u0105&#8221;; przy czym upatruje si\u0119 tu analogii do dw\u00f3ch &#8222;straconych dekad&#8221;, jakie dotkn\u0119\u0142y gospodark\u0119 japo\u0144sk\u0105. Je\u015bli kraje Unii Europejskiej nie b\u0119d\u0105 w stanie wsp\u00f3lnie stawi\u0107 czo\u0142a stagnacji wzrostu i niepewnym perspektywom gospodarczym, nale\u017cy liczy\u0107 si\u0119 z dalszym narastaniem konflikt\u00f3w i sprzeczno\u015bci interes\u00f3w w obr\u0119bie tej grupy pa\u0144stw, kt\u00f3re mog\u0105 by\u0107 realnym zagro\u017ceniem dla dalszych post\u0119p\u00f3w integracji europejskiej.<\/p>\n<p>W sytuacji kryzysowej, w jakiej znajduje si\u0119 obecnie gospodarka Unii Europejskiej, a tak\u017ce jej instytucje, analizy wymaga ca\u0142okszta\u0142t \u015brodk\u00f3w jakie podejmowane s\u0105 zar\u00f3wno na szczeblu unijnym, jak i na szczeblach krajowych, aby t\u0119 sytuacj\u0119 zmieni\u0107. Szczeg\u00f3lnie istotna wydaje si\u0119 by\u0107 ocena adekwatno\u015bci zastosowanych \u015brodk\u00f3w z zakresu polityki pieni\u0119\u017cnej oraz fiskalnej, kt\u00f3re w podstawowej mierze kszta\u0142tuj\u0105 otoczenie dla rozwoju gospodarczego w pa\u0144stwach cz\u0142onkowskich Unii. Tej te\u017c tematyce po\u015bwi\u0119cone jest niniejsze opracowanie.<\/p>\n<p>Kierowana do r\u0105k Czytelnik\u00f3w publikacja, przygotowana przy udziale przedstawicieli czo\u0142owych krajowych o\u015brodk\u00f3w naukowych, mo\u017ce okaza\u0107 si\u0119 ciekaw\u0105 lektur\u0105 dla wszystkich zainteresowanych studiowaniem aktualnych, trudnych problem\u00f3w integracji europejskiej. Nie pretenduje ona do ca\u0142o\u015bciowego i ostatecznego wyja\u015bnienia dyskutowanych kwestii. Jej g\u0142\u00f3wnym celem jest inspirowanie i zach\u0119canie do dalszych bada\u0144.<\/p>\n","protected":false},"excerpt":{"rendered":"<p>Redakcja: Bednarczyk Jan L., Przybylska-Kapu\u015bci\u0144ska Wies\u0142awa Wydawca: CeDeWu Oprawa: Mi\u0119kka [&hellip;]<\/p>\n","protected":false},"featured_media":10738,"template":"","meta":[],"product_brand":[],"product_cat":[19,24,7502],"product_tag":[3103,3553,3828,250],"class_list":{"0":"post-4580","1":"product","2":"type-product","3":"status-publish","4":"has-post-thumbnail","6":"product_cat-finanse-i-prawo-finansowe","7":"product_cat-polityka-gospodarcza","8":"product_cat-teoria-finansow","9":"product_tag-finanse-miedzynarodowe","10":"product_tag-polityka-regionalna","11":"product_tag-rozwoj-regionalny","12":"product_tag-unia-europejska","14":"first","15":"instock","16":"sale","17":"shipping-taxable","18":"purchasable","19":"product-type-simple"},"_links":{"self":[{"href":"http:\/\/ksiegarnia-akademicka.pl\/index.php\/wp-json\/wp\/v2\/product\/4580","targetHints":{"allow":["GET"]}}],"collection":[{"href":"http:\/\/ksiegarnia-akademicka.pl\/index.php\/wp-json\/wp\/v2\/product"}],"about":[{"href":"http:\/\/ksiegarnia-akademicka.pl\/index.php\/wp-json\/wp\/v2\/types\/product"}],"wp:featuredmedia":[{"embeddable":true,"href":"http:\/\/ksiegarnia-akademicka.pl\/index.php\/wp-json\/wp\/v2\/media\/10738"}],"wp:attachment":[{"href":"http:\/\/ksiegarnia-akademicka.pl\/index.php\/wp-json\/wp\/v2\/media?parent=4580"}],"wp:term":[{"taxonomy":"product_brand","embeddable":true,"href":"http:\/\/ksiegarnia-akademicka.pl\/index.php\/wp-json\/wp\/v2\/product_brand?post=4580"},{"taxonomy":"product_cat","embeddable":true,"href":"http:\/\/ksiegarnia-akademicka.pl\/index.php\/wp-json\/wp\/v2\/product_cat?post=4580"},{"taxonomy":"product_tag","embeddable":true,"href":"http:\/\/ksiegarnia-akademicka.pl\/index.php\/wp-json\/wp\/v2\/product_tag?post=4580"}],"curies":[{"name":"wp","href":"https:\/\/api.w.org\/{rel}","templated":true}]}}