{"id":4547,"date":"2018-05-22T12:50:47","date_gmt":"2018-05-22T10:50:47","guid":{"rendered":"http:\/\/ksiegarnia-akademicka.pl\/index.php\/product\/die-wiedervereinigung-deutschlands-in-der-polnischen-offentlichen-meinung-anhand-der-tageszeitungen-gazeta-wyborcza-und-rzeczpospolita\/"},"modified":"2018-07-27T12:37:28","modified_gmt":"2018-07-27T10:37:28","slug":"die-wiedervereinigung-deutschlands-in-der-polnischen-offentlichen-meinung-anhand-der-tageszeitungen-gazeta-wyborcza-und-rzeczpospolita","status":"publish","type":"product","link":"http:\/\/ksiegarnia-akademicka.pl\/index.php\/product\/die-wiedervereinigung-deutschlands-in-der-polnischen-offentlichen-meinung-anhand-der-tageszeitungen-gazeta-wyborcza-und-rzeczpospolita\/","title":{"rendered":"Die Wiedervereinigung Deutschlands in der Polnischen Offentlichen Meinung Anhand der Tageszeitungen &#8222;Gazeta Wyborcza&#8221; und &#8222;Rzeczpospolita&#8221;"},"content":{"rendered":"<p>Lukasz Brzana<br \/>\n2010, wyd. I, B-5, str. 216 (monografia), cena 26,25 z\u0142<\/p>\n<p>W monografii przedstawiono proces zjednoczenia Niemiec, a tak\u017ce zbadano, jak zjednoczenie Niemiec i jego skutki by\u0142y odbierane i komentowane przez dwa og\u00f3lnopolskie dzienniki: \u201eGazet\u0119 Wyborcz\u0105\u201d i \u201eRzeczpospolit\u0105\u201d w latach 1989-2011.<\/p>\n","protected":false},"excerpt":{"rendered":"<p>Lukasz Brzana 2010, wyd. I, B-5, str. 216 (monografia), cena [&hellip;]<\/p>\n","protected":false},"featured_media":8397,"template":"","meta":[],"product_brand":[],"product_cat":[7529,43],"product_tag":[3619,6241],"class_list":{"0":"post-4547","1":"product","2":"type-product","3":"status-publish","4":"has-post-thumbnail","6":"product_cat-inne","7":"product_cat-wydawnictwo-uth","8":"product_tag-jezyk-niemiecki","9":"product_tag-skrypty-i-monografie","11":"first","12":"instock","13":"shipping-taxable","14":"purchasable","15":"product-type-simple"},"_links":{"self":[{"href":"http:\/\/ksiegarnia-akademicka.pl\/index.php\/wp-json\/wp\/v2\/product\/4547","targetHints":{"allow":["GET"]}}],"collection":[{"href":"http:\/\/ksiegarnia-akademicka.pl\/index.php\/wp-json\/wp\/v2\/product"}],"about":[{"href":"http:\/\/ksiegarnia-akademicka.pl\/index.php\/wp-json\/wp\/v2\/types\/product"}],"wp:featuredmedia":[{"embeddable":true,"href":"http:\/\/ksiegarnia-akademicka.pl\/index.php\/wp-json\/wp\/v2\/media\/8397"}],"wp:attachment":[{"href":"http:\/\/ksiegarnia-akademicka.pl\/index.php\/wp-json\/wp\/v2\/media?parent=4547"}],"wp:term":[{"taxonomy":"product_brand","embeddable":true,"href":"http:\/\/ksiegarnia-akademicka.pl\/index.php\/wp-json\/wp\/v2\/product_brand?post=4547"},{"taxonomy":"product_cat","embeddable":true,"href":"http:\/\/ksiegarnia-akademicka.pl\/index.php\/wp-json\/wp\/v2\/product_cat?post=4547"},{"taxonomy":"product_tag","embeddable":true,"href":"http:\/\/ksiegarnia-akademicka.pl\/index.php\/wp-json\/wp\/v2\/product_tag?post=4547"}],"curies":[{"name":"wp","href":"https:\/\/api.w.org\/{rel}","templated":true}]}}