{"id":4545,"date":"2018-05-22T12:50:47","date_gmt":"2018-05-22T10:50:47","guid":{"rendered":"http:\/\/ksiegarnia-akademicka.pl\/index.php\/product\/kolej-duzych-predkosci-uwarunkowania-ekonomiczne\/"},"modified":"2022-12-06T13:01:43","modified_gmt":"2022-12-06T12:01:43","slug":"kolej-duzych-predkosci-uwarunkowania-ekonomiczne","status":"publish","type":"product","link":"http:\/\/ksiegarnia-akademicka.pl\/index.php\/product\/kolej-duzych-predkosci-uwarunkowania-ekonomiczne\/","title":{"rendered":"Kolej du\u017cych pr\u0119dko\u015bci Uwarunkowania ekonomiczne"},"content":{"rendered":"<p>Autor:Bart\u0142omiej Gorlewski<br \/>\nISBN:978-83-7378-727-8<br \/>\nWydanie:1<br \/>\nRok wydania:2012<br \/>\nOprawa:\ttwarda<br \/>\nFormat:\tB5<br \/>\nLiczba stron:192<\/p>\n<p>Kolej du\u017cych pr\u0119dko\u015bci (KDP) jest elementem systemu transportowego w wielu krajach na \u015bwiecie (np. w Japonii, w Hiszpanii czy we Francji). S\u0105 te\u017c przyk\u0142ady pa\u0144stw, gdzie budowa kolei du\u017cych pr\u0119dko\u015bci jest w fazie projekt\u00f3w lub na etapie dyskusji politycznych. W Polsce rozwa\u017cana jest budowa linii KDP pomi\u0119dzy Warszaw\u0105 a Poznaniem i Wroc\u0142awiem. Planowane jest tak\u017ce uruchomienie szybkich po\u0142\u0105cze\u0144 kolejowych pomi\u0119dzy najwi\u0119kszymi miastami przy wykorzystaniu poci\u0105g\u00f3w typu Pendolino, poruszaj\u0105cych si\u0119 z pr\u0119dko\u015bci\u0105 ponad 200 km\/h.<\/p>\n<p>Z ekonomicznego punktu widzenia podstawowe pytanie dotyczy op\u0142acalno\u015bci projekt\u00f3w KDP. Czy korzy\u015bci wynikaj\u0105ce z oszcz\u0119dno\u015bci czasu podr\u00f3\u017cy oraz inne korzy\u015bci gospodarcze uzasadniaj\u0105 ponoszenie wysokich nak\u0142ad\u00f3w inwestycyjnych? Jaki wp\u0142yw na rynek transportowy ma uruchomienie KDP? Odpowiedzi na te pytania r\u00f3\u017cni\u0105 si\u0119 w zale\u017cno\u015bci od uwarunkowa\u0144 rynkowych w\u0142a\u015bciwych dla danego regionu, przede wszystkim od prognozowanego popytu, warto\u015bci czasu, oczekiwanej oszcz\u0119dno\u015bci czasu oraz szerszych korzy\u015bci ekonomicznych.<\/p>\n","protected":false},"excerpt":{"rendered":"<p>Autor:Bart\u0142omiej Gorlewski ISBN:978-83-7378-727-8 Wydanie:1 Rok wydania:2012 Oprawa: twarda Format: B5 [&hellip;]<\/p>\n","protected":false},"featured_media":8942,"template":"","meta":[],"product_brand":[],"product_cat":[7535],"product_tag":[6239,6221],"class_list":{"0":"post-4545","1":"product","2":"type-product","3":"status-publish","4":"has-post-thumbnail","6":"product_cat-transport-2","7":"product_tag-koleje-duzych-predkosci","8":"product_tag-trtansport-kolejowy","10":"first","11":"outofstock","12":"sale","13":"shipping-taxable","14":"purchasable","15":"product-type-simple"},"_links":{"self":[{"href":"http:\/\/ksiegarnia-akademicka.pl\/index.php\/wp-json\/wp\/v2\/product\/4545","targetHints":{"allow":["GET"]}}],"collection":[{"href":"http:\/\/ksiegarnia-akademicka.pl\/index.php\/wp-json\/wp\/v2\/product"}],"about":[{"href":"http:\/\/ksiegarnia-akademicka.pl\/index.php\/wp-json\/wp\/v2\/types\/product"}],"wp:featuredmedia":[{"embeddable":true,"href":"http:\/\/ksiegarnia-akademicka.pl\/index.php\/wp-json\/wp\/v2\/media\/8942"}],"wp:attachment":[{"href":"http:\/\/ksiegarnia-akademicka.pl\/index.php\/wp-json\/wp\/v2\/media?parent=4545"}],"wp:term":[{"taxonomy":"product_brand","embeddable":true,"href":"http:\/\/ksiegarnia-akademicka.pl\/index.php\/wp-json\/wp\/v2\/product_brand?post=4545"},{"taxonomy":"product_cat","embeddable":true,"href":"http:\/\/ksiegarnia-akademicka.pl\/index.php\/wp-json\/wp\/v2\/product_cat?post=4545"},{"taxonomy":"product_tag","embeddable":true,"href":"http:\/\/ksiegarnia-akademicka.pl\/index.php\/wp-json\/wp\/v2\/product_tag?post=4545"}],"curies":[{"name":"wp","href":"https:\/\/api.w.org\/{rel}","templated":true}]}}