{"id":4544,"date":"2018-05-22T12:50:47","date_gmt":"2018-05-22T10:50:47","guid":{"rendered":"http:\/\/ksiegarnia-akademicka.pl\/index.php\/product\/koleje-duzych-predkosci-infrastruktura-drogi-kolejowej\/"},"modified":"2022-12-06T13:01:03","modified_gmt":"2022-12-06T12:01:03","slug":"koleje-duzych-predkosci-infrastruktura-drogi-kolejowej","status":"publish","type":"product","link":"http:\/\/ksiegarnia-akademicka.pl\/index.php\/product\/koleje-duzych-predkosci-infrastruktura-drogi-kolejowej\/","title":{"rendered":"Koleje Du\u017cych Pr\u0119dko\u015bci. Infrastruktura drogi kolejowej"},"content":{"rendered":"<p>K. Towpik<br \/>\nWydawnictwo: OWPW<br \/>\nW skrypcie scharakteryzowano rozw\u00f3j Kolei Du\u017cych Pr\u0119dko\u015bci w Europie oraz w kilku krajach pozaeuropejskich. Om\u00f3wiono wymagania zwi\u0105zane z kompatybilno\u015bci\u0105 i interoperacyjno\u015bci\u0105 techniczn\u0105 kolei, oddzia\u0142ywania na konstrukcj\u0119 nawierzchni i obiekty in\u017cynieryjne, jak r\u00f3wnie\u017c na otoczenie linii kolejowej w warunkach prowadzenia ruchu z du\u017cymi pr\u0119dko\u015bciami. Przedstawiono zasady projektowania uk\u0142adu i profilu linii du\u017cych pr\u0119dko\u015bci. Opisano klasyczne i niekonwencjonalne konstrukcje nawierzchni kolejowych eksploatowanych na omawianych liniach oraz wymagania dotycz\u0105ce pod\u0142o\u017ca. Poruszono problemy utrzymywania drogi kolejowej du\u017cych pr\u0119dko\u015bci, ochrony \u015brodowiska, skryptowania oraz zasady dzia\u0142ania i stan rozwoju kolei magnetycznej. <\/p>\n<p>Skrypt mo\u017ce by\u0107 wykorzystywany przez student\u00f3w i pracownik\u00f3w naukowych uczelni technicznych (in\u017cynieria budowlana, transport, ochrona \u015brodowiska) oraz przez pracownik\u00f3w technicznych kolei na r\u00f3\u017cnych szczeblach zarz\u0105dzania.<br \/>\nRok: 2012<br \/>\nStron: 120<br \/>\nISBN: 978-83-7814-035-1<\/p>\n","protected":false},"excerpt":{"rendered":"<p>K. Towpik Wydawnictwo: OWPW W skrypcie scharakteryzowano rozw\u00f3j Kolei Du\u017cych [&hellip;]<\/p>\n","protected":false},"featured_media":8943,"template":"","meta":[],"product_brand":[],"product_cat":[7535],"product_tag":[6239,6221],"class_list":{"0":"post-4544","1":"product","2":"type-product","3":"status-publish","4":"has-post-thumbnail","6":"product_cat-transport-2","7":"product_tag-koleje-duzych-predkosci","8":"product_tag-trtansport-kolejowy","10":"first","11":"outofstock","12":"shipping-taxable","13":"purchasable","14":"product-type-simple"},"_links":{"self":[{"href":"http:\/\/ksiegarnia-akademicka.pl\/index.php\/wp-json\/wp\/v2\/product\/4544","targetHints":{"allow":["GET"]}}],"collection":[{"href":"http:\/\/ksiegarnia-akademicka.pl\/index.php\/wp-json\/wp\/v2\/product"}],"about":[{"href":"http:\/\/ksiegarnia-akademicka.pl\/index.php\/wp-json\/wp\/v2\/types\/product"}],"wp:featuredmedia":[{"embeddable":true,"href":"http:\/\/ksiegarnia-akademicka.pl\/index.php\/wp-json\/wp\/v2\/media\/8943"}],"wp:attachment":[{"href":"http:\/\/ksiegarnia-akademicka.pl\/index.php\/wp-json\/wp\/v2\/media?parent=4544"}],"wp:term":[{"taxonomy":"product_brand","embeddable":true,"href":"http:\/\/ksiegarnia-akademicka.pl\/index.php\/wp-json\/wp\/v2\/product_brand?post=4544"},{"taxonomy":"product_cat","embeddable":true,"href":"http:\/\/ksiegarnia-akademicka.pl\/index.php\/wp-json\/wp\/v2\/product_cat?post=4544"},{"taxonomy":"product_tag","embeddable":true,"href":"http:\/\/ksiegarnia-akademicka.pl\/index.php\/wp-json\/wp\/v2\/product_tag?post=4544"}],"curies":[{"name":"wp","href":"https:\/\/api.w.org\/{rel}","templated":true}]}}