{"id":4085,"date":"2018-05-22T12:49:38","date_gmt":"2018-05-22T10:49:38","guid":{"rendered":"http:\/\/ksiegarnia-akademicka.pl\/index.php\/product\/finanse-jednostek-samorzadu-terytorialnego\/"},"modified":"2019-01-19T12:20:38","modified_gmt":"2019-01-19T11:20:38","slug":"finanse-jednostek-samorzadu-terytorialnego","status":"publish","type":"product","link":"http:\/\/ksiegarnia-akademicka.pl\/index.php\/product\/finanse-jednostek-samorzadu-terytorialnego\/","title":{"rendered":"Finanse samorz\u0105du terytorialnego w Polsce \u2013 problemy i wyzwania"},"content":{"rendered":"<p>Ewa Markowska-Bzducha, Piotr Mo\u017cy\u0142owski, Tomasz \u015amietanka (red.)<br \/>\nInstytut Naukowo-Wydawniczy SPATIUM<\/p>\n<p>ISBN: 978-83-62805-26-6<br \/>\nLiczba stron: 284<br \/>\nFormat: B5<br \/>\nOprawa: mi\u0119kka, klejona<br \/>\nRok wydania: 2016<\/p>\n","protected":false},"excerpt":{"rendered":"<p>Ewa Markowska-Bzducha, Piotr Mo\u017cy\u0142owski, Tomasz \u015amietanka (red.) Instytut Naukowo-Wydawniczy SPATIUM [&hellip;]<\/p>\n","protected":false},"featured_media":10203,"template":"","meta":[],"product_brand":[],"product_cat":[7494],"product_tag":[2102,4505,486],"class_list":{"0":"post-4085","1":"product","2":"type-product","3":"status-publish","4":"has-post-thumbnail","6":"product_cat-samorzad-terytorialny","7":"product_tag-finanse-samorzadu","8":"product_tag-monografie","9":"product_tag-samorzad-terytorialny","11":"first","12":"instock","13":"shipping-taxable","14":"purchasable","15":"product-type-simple"},"_links":{"self":[{"href":"http:\/\/ksiegarnia-akademicka.pl\/index.php\/wp-json\/wp\/v2\/product\/4085","targetHints":{"allow":["GET"]}}],"collection":[{"href":"http:\/\/ksiegarnia-akademicka.pl\/index.php\/wp-json\/wp\/v2\/product"}],"about":[{"href":"http:\/\/ksiegarnia-akademicka.pl\/index.php\/wp-json\/wp\/v2\/types\/product"}],"wp:featuredmedia":[{"embeddable":true,"href":"http:\/\/ksiegarnia-akademicka.pl\/index.php\/wp-json\/wp\/v2\/media\/10203"}],"wp:attachment":[{"href":"http:\/\/ksiegarnia-akademicka.pl\/index.php\/wp-json\/wp\/v2\/media?parent=4085"}],"wp:term":[{"taxonomy":"product_brand","embeddable":true,"href":"http:\/\/ksiegarnia-akademicka.pl\/index.php\/wp-json\/wp\/v2\/product_brand?post=4085"},{"taxonomy":"product_cat","embeddable":true,"href":"http:\/\/ksiegarnia-akademicka.pl\/index.php\/wp-json\/wp\/v2\/product_cat?post=4085"},{"taxonomy":"product_tag","embeddable":true,"href":"http:\/\/ksiegarnia-akademicka.pl\/index.php\/wp-json\/wp\/v2\/product_tag?post=4085"}],"curies":[{"name":"wp","href":"https:\/\/api.w.org\/{rel}","templated":true}]}}