{"id":4048,"date":"2018-05-22T12:49:33","date_gmt":"2018-05-22T10:49:33","guid":{"rendered":"http:\/\/ksiegarnia-akademicka.pl\/index.php\/product\/wlasnosc-lokali-i-wspolnota-mieszkaniowa-komentarz\/"},"modified":"2024-12-04T13:41:21","modified_gmt":"2024-12-04T12:41:21","slug":"wlasnosc-lokali-i-wspolnota-mieszkaniowa-komentarz","status":"publish","type":"product","link":"http:\/\/ksiegarnia-akademicka.pl\/index.php\/product\/wlasnosc-lokali-i-wspolnota-mieszkaniowa-komentarz\/","title":{"rendered":"W\u0142asno\u015b\u0107 lokali i wsp\u00f3lnota mieszkaniowa Komentarz"},"content":{"rendered":"<p>Ewa Bo\u0144czak-Kucharczyk<br \/>\nWydawnictwo: Wolters Kluwer Polska<br \/>\nRok publikacji: 2019<br \/>\nWydanie: 4<br \/>\nLiczba stron: 1392<br \/>\nSeria: Komentarze praktyczne<br \/>\nISBN: 978-83-8187-049-8<\/p>\n<p>Stan prawny: 1 pa\u017adziernika 2019 r.<br \/>\nz uwzgl\u0119dnieniem nowelizacji z 4 lipca 2019 r. (Dz.U. poz. 1469) wchodz\u0105cej w \u017cycie 7 listopada 2019 r. oraz nowelizacji z 13 czerwca 2019 r. (Dz.U. poz. 1309) wchodz\u0105cej w \u017cycie 1 stycznia 2020 r.<\/p>\n<p>W komentarzu om\u00f3wiono zagadnienia zwi\u0105zane z w\u0142asno\u015bci\u0105 lokali i funkcjonowaniem wsp\u00f3lnot mieszkaniowych. Dokonano analizy wi\u0119kszo\u015bci problem\u00f3w wyst\u0119puj\u0105cych w praktyce na tle stosowania ustawy o w\u0142asno\u015bci lokali, a tak\u017ce innych ustaw i akt\u00f3w wykonawczych dotycz\u0105cych tej tematyki, wskazuj\u0105c dost\u0119pne rozwi\u0105zania prawne i organizacyjne oraz kierunki dzia\u0142a\u0144 wynikaj\u0105ce z orzecze\u0144 s\u0105d\u00f3w.<\/p>\n<p>W opracowaniu wiele uwagi po\u015bwi\u0119cono takim kwestiom, jak: ustanawianie odr\u0119bnej w\u0142asno\u015bci lokali, zmiany w\u0142asno\u015bciowe, podzia\u0142 nieruchomo\u015bci do korzystania, nabywanie s\u0105siednich nieruchomo\u015bci, a tak\u017ce pozycja wsp\u00f3lnoty jako osoby ustawowej.<\/p>\n<p>Autorka opisuje zagadnienia zwi\u0105zane z zarz\u0105dzaniem nieruchomo\u015bci\u0105 wsp\u00f3ln\u0105, w tym: r\u00f3\u017cnorodne obowi\u0105zki zarz\u0105du lub zarz\u0105dcy, zamawianiem us\u0142ug i dostaw towar\u00f3w oraz ich rozliczaniem, procedury stosowane we wsp\u00f3lnotach, sposoby rozstrzygania spor\u00f3w na drodze s\u0105dowej, a tak\u017ce problemy, jakie powstaj\u0105, gdy jednym z w\u0142a\u015bcicieli lokali jest podmiot publiczny albo, gdy w\u0142asno\u015b\u0107 lokali wi\u0105\u017ce si\u0119 z udzia\u0142em w prawie u\u017cytkowania wieczystego gruntu.<\/p>\n<p>Adresaci:<br \/>\nKsi\u0105\u017cka przeznaczona jest dla prawnik\u00f3w, zarz\u0105dc\u00f3w i po\u015brednik\u00f3w w obrocie nieruchomo\u015bciami, os\u00f3b zawodowo zajmuj\u0105cych si\u0119 gospodark\u0105 nieruchomo\u015bciami (w tym nieruchomo\u015bciami stanowi\u0105cymi w\u0142asno\u015b\u0107 publiczn\u0105) oraz w\u0142a\u015bcicieli lokali i cz\u0142onk\u00f3w zarz\u0105d\u00f3w.<\/p>\n","protected":false},"excerpt":{"rendered":"<p>Ewa Bo\u0144czak-Kucharczyk Wydawnictwo: Wolters Kluwer Polska Rok publikacji: 2019 Wydanie: [&hellip;]<\/p>\n","protected":false},"featured_media":11881,"template":"","meta":[],"product_brand":[],"product_cat":[34],"product_tag":[705,5957,4603,4909],"class_list":{"0":"post-4048","1":"product","2":"type-product","3":"status-publish","4":"has-post-thumbnail","6":"product_cat-nieruchomosci","7":"product_tag-nieruchomosci","8":"product_tag-prawo-mieszakniowe","9":"product_tag-seria-komentarze-praktyczne","10":"product_tag-wspolnota-mieszkaniowa","12":"first","13":"outofstock","14":"sale","15":"shipping-taxable","16":"purchasable","17":"product-type-simple"},"_links":{"self":[{"href":"http:\/\/ksiegarnia-akademicka.pl\/index.php\/wp-json\/wp\/v2\/product\/4048","targetHints":{"allow":["GET"]}}],"collection":[{"href":"http:\/\/ksiegarnia-akademicka.pl\/index.php\/wp-json\/wp\/v2\/product"}],"about":[{"href":"http:\/\/ksiegarnia-akademicka.pl\/index.php\/wp-json\/wp\/v2\/types\/product"}],"wp:featuredmedia":[{"embeddable":true,"href":"http:\/\/ksiegarnia-akademicka.pl\/index.php\/wp-json\/wp\/v2\/media\/11881"}],"wp:attachment":[{"href":"http:\/\/ksiegarnia-akademicka.pl\/index.php\/wp-json\/wp\/v2\/media?parent=4048"}],"wp:term":[{"taxonomy":"product_brand","embeddable":true,"href":"http:\/\/ksiegarnia-akademicka.pl\/index.php\/wp-json\/wp\/v2\/product_brand?post=4048"},{"taxonomy":"product_cat","embeddable":true,"href":"http:\/\/ksiegarnia-akademicka.pl\/index.php\/wp-json\/wp\/v2\/product_cat?post=4048"},{"taxonomy":"product_tag","embeddable":true,"href":"http:\/\/ksiegarnia-akademicka.pl\/index.php\/wp-json\/wp\/v2\/product_tag?post=4048"}],"curies":[{"name":"wp","href":"https:\/\/api.w.org\/{rel}","templated":true}]}}