{"id":3759,"date":"2018-05-22T12:48:50","date_gmt":"2018-05-22T10:48:50","guid":{"rendered":"http:\/\/ksiegarnia-akademicka.pl\/index.php\/product\/kodeks-karny-wykonawczy-komentarz\/"},"modified":"2018-12-12T13:12:53","modified_gmt":"2018-12-12T12:12:53","slug":"kodeks-karny-wykonawczy-komentarz","status":"publish","type":"product","link":"http:\/\/ksiegarnia-akademicka.pl\/index.php\/product\/kodeks-karny-wykonawczy-komentarz\/","title":{"rendered":"Kodeks karny wykonawczy Komentarz"},"content":{"rendered":"<p>Nale\u017cy do serii:<br \/>\nKOMENTARZE PRAKTYCZNE<br \/>\nAutor:<br \/>\nKazimierz Postulski<br \/>\nWydawca: Wolters Kluwer<br \/>\nOprawa: Twarda<br \/>\nFormat: 17.0&#215;25.0cm<br \/>\nLiczba stron: 1128<br \/>\nWydanie: 4<br \/>\nRok wydania: 2017<\/p>\n<p>W komentarzu szczeg\u00f3\u0142owo om\u00f3wiono poszczeg\u00f3lne instytucje i zagadnienia wynikaj\u0105ce z przepis\u00f3w reguluj\u0105cych wykonanie orzecze\u0144 karnych, zamieszczone w Kodeksie karnym wykonawczym, ale te\u017c w innych ustawach i przepisach wykonawczych. <\/p>\n<p>W publikacji uwzgl\u0119dniono wszystkie zmiany legislacyjne zwi\u0105zane z problematyk\u0105 wykonania orzecze\u0144 karnych, dotycz\u0105ce w szczeg\u00f3lno\u015bci:<br \/>\n&#8211; przywr\u00f3cenia mo\u017cliwo\u015bci odbywania kary pozbawienia wolno\u015bci w systemie dozoru elektronicznego i wyeliminowania takiej mo\u017cliwo\u015bci w przypadku kary ograniczenia wolno\u015bci;<br \/>\n&#8211; wprowadzenia instytucji referendarza s\u0105dowego jako organu post\u0119powania wykonawczego o szerokim zakresie kompetencji;<br \/>\n&#8211; rozszerzenia mo\u017cliwo\u015bci zatrudniania skazanych odbywaj\u0105cych kar\u0119 pozbawienia wolno\u015bci;<br \/>\n&#8211; dostosowania wykonywania kary przepadku do zmienionych zasad orzekania tego \u015brodka (m.in. przepadek przedsi\u0119biorstwa).<br \/>\nAutor wskazuje na wyst\u0119puj\u0105ce w przepisach, pogl\u0105dach doktryny i orzecznictwie niesp\u00f3jno\u015bci, rozbie\u017cno\u015bci i kwestie w\u0105tpliwe oraz zajmuje jednoznaczne stanowisko dotycz\u0105ce zagadnie\u0144 problematycznych i szczeg\u00f3\u0142owo je uzasadnia.<\/p>\n","protected":false},"excerpt":{"rendered":"<p>Nale\u017cy do serii: KOMENTARZE PRAKTYCZNE Autor: Kazimierz Postulski Wydawca: Wolters [&hellip;]<\/p>\n","protected":false},"featured_media":9510,"template":"","meta":[],"product_brand":[],"product_cat":[7490,18],"product_tag":[5745,296,4603],"class_list":{"0":"post-3759","1":"product","2":"type-product","3":"status-publish","4":"has-post-thumbnail","6":"product_cat-karne","7":"product_cat-prawo","8":"product_tag-kodeks-karny-wykonawczy","9":"product_tag-prawo-karne","10":"product_tag-seria-komentarze-praktyczne","12":"first","13":"instock","14":"sale","15":"shipping-taxable","16":"purchasable","17":"product-type-simple"},"_links":{"self":[{"href":"http:\/\/ksiegarnia-akademicka.pl\/index.php\/wp-json\/wp\/v2\/product\/3759","targetHints":{"allow":["GET"]}}],"collection":[{"href":"http:\/\/ksiegarnia-akademicka.pl\/index.php\/wp-json\/wp\/v2\/product"}],"about":[{"href":"http:\/\/ksiegarnia-akademicka.pl\/index.php\/wp-json\/wp\/v2\/types\/product"}],"wp:featuredmedia":[{"embeddable":true,"href":"http:\/\/ksiegarnia-akademicka.pl\/index.php\/wp-json\/wp\/v2\/media\/9510"}],"wp:attachment":[{"href":"http:\/\/ksiegarnia-akademicka.pl\/index.php\/wp-json\/wp\/v2\/media?parent=3759"}],"wp:term":[{"taxonomy":"product_brand","embeddable":true,"href":"http:\/\/ksiegarnia-akademicka.pl\/index.php\/wp-json\/wp\/v2\/product_brand?post=3759"},{"taxonomy":"product_cat","embeddable":true,"href":"http:\/\/ksiegarnia-akademicka.pl\/index.php\/wp-json\/wp\/v2\/product_cat?post=3759"},{"taxonomy":"product_tag","embeddable":true,"href":"http:\/\/ksiegarnia-akademicka.pl\/index.php\/wp-json\/wp\/v2\/product_tag?post=3759"}],"curies":[{"name":"wp","href":"https:\/\/api.w.org\/{rel}","templated":true}]}}