{"id":3746,"date":"2018-05-22T12:48:48","date_gmt":"2018-05-22T10:48:48","guid":{"rendered":"http:\/\/ksiegarnia-akademicka.pl\/index.php\/product\/feynmana-wyklady-z-fizyki-tom-1-czesc-2-optyka-termodynamika-fale\/"},"modified":"2025-01-30T13:18:10","modified_gmt":"2025-01-30T12:18:10","slug":"feynmana-wyklady-z-fizyki-tom-1-czesc-2-optyka-termodynamika-fale","status":"publish","type":"product","link":"http:\/\/ksiegarnia-akademicka.pl\/index.php\/product\/feynmana-wyklady-z-fizyki-tom-1-czesc-2-optyka-termodynamika-fale\/","title":{"rendered":"Feynmana wyk\u0142ady z fizyki Tom 1 cz\u0119\u015b\u0107 2 Optyka, termodynamika, fale"},"content":{"rendered":"<p>Autor:<br \/>\nRichard P. Feynman<br \/>\nRobert B. Leighton<br \/>\nMatthew Sands<br \/>\nT\u0142umacze: Jurewicz Andrzej , Grynberg Marek, Koz\u0142owski Miros\u0142aw<br \/>\nWydawca: Wydawnictwo Naukowe PWN<br \/>\nOprawa: Mi\u0119kka<br \/>\nFormat: 20.5&#215;24.5cm<br \/>\nLiczba stron: 416<br \/>\nWydanie: 7<br \/>\nRok wydania: 2022<br \/>\nJ\u0119zyk wydania: polski<\/p>\n<p>Feynmana wyk\u0142ady z fizyki, s\u0142ynny podr\u0119cznik, pierwotnie przeznaczony dla student\u00f3w Kalifornijskiego Instytutu Technologicznego, nast\u0119pnie przekszta\u0142cony przez wsp\u00f3\u0142pracownik\u00f3w autora, Roberta B. Leightona i Matthew Sandsa, w najbardziej niezwyk\u0142y podr\u0119cznik fizyki, jaki zosta\u0142 kiedykolwiek napisany. Jego oryginalno\u015b\u0107 polega nie tylko na nietradycyjnym doborze materia\u0142u i niekonwencjonalnym porz\u0105dku jego wy\u0142o\u017cenia. Pocz\u0105wszy od praw Newtona, przez szczeg\u00f3ln\u0105 teori\u0119 wzgl\u0119dno\u015bci, optyk\u0119, mechanik\u0119 statystyczn\u0105 i termodynamik\u0119 wyk\u0142ady te s\u0105 pomnikiem jasno\u015bci wyk\u0142adu oraz g\u0142\u0119bokiej intuicji i gruntownej znajomo\u015bci zagadnienia. Autor ukazuje fizyk\u0119 niejako in statu nascendi, wci\u0105ga Czytelnika w odkrywanie prawid\u0142owo\u015bci rz\u0105dz\u0105cych przyrod\u0105. Na kartach ksi\u0105\u017cki Feynmana fizyka przestaje by\u0107 zbiorem praw o bloczkach, d\u017awigniach i pryzmatach, a staje si\u0119 tym, czym jest w rzeczywisto\u015bci \u2013 fascynuj\u0105c\u0105 opowie\u015bci\u0105 o pi\u0119knie praw przyrody.<br \/>\nTa ksi\u0105\u017cka to podstawowy przewodnika po fizyce dla student\u00f3w fizyki i dziedzin pokrewnych, nauczycieli i pracownik\u00f3w naukowych oraz dla wszystkich interesuj\u0105cych si\u0119 fizyk\u0105.<br \/>\nObecne, nowe wydanie milenijne oferuje lepsz\u0105 typografi\u0119, rysunki, skorowidze oraz poprawki autoryzowane przez Kalifornijski Instytut Technologiczny (szczeg\u00f3\u0142y mo\u017cna znale\u017a\u0107 na stronie www.feynmanlectures.info). <\/p>\n<p>O autorach:<br \/>\nRichard P. Feynman by\u0142 profesorem fizyki w Kalifornijskim Instytucie Technologicznym od 1951 do 1988 roku. W 1965 roku otrzyma\u0142 Nagrod\u0119 Nobla za wk\u0142ad w rozw\u00f3j elektrodynamiki kwantowej. Dzi\u0119ki swoim popularnym ksi\u0105\u017ckom sta\u0142 si\u0119 jedn\u0105 z najbardziej lubianych postaci XX stulecia.<br \/>\nRobert B. Leighton by\u0142 fizykiem i astronomem, cenionym wyk\u0142adowc\u0105 i autorem podr\u0119cznik\u00f3w, wieloletnim profesorem Kalifornijskiego Instytutu Technologicznego.<br \/>\nMatthew Sands by\u0142 profesorem Kalifornijskiego Instytutu Technologicznego, zast\u0119pc\u0105 dyrektora Stanford Accelerator Center i prorektorem do spraw nauki Uniwersytetu Kalifornijskiego w Santa Cruz. Stan\u0105\u0142 na czele programu reform studi\u00f3w licencjackich w Kalifornijskim Instytucie Technologicznym i doprowadzi\u0142 do powstania Feynmana wyk\u0142ad\u00f3w z fizyki.<\/p>\n","protected":false},"excerpt":{"rendered":"<p>Autor: Richard P. Feynman Robert B. Leighton Matthew Sands T\u0142umacze: [&hellip;]<\/p>\n","protected":false},"featured_media":8998,"template":"","meta":[],"product_brand":[],"product_cat":[41],"product_tag":[8165,129,259,1945],"class_list":{"0":"post-3746","1":"product","2":"type-product","3":"status-publish","4":"has-post-thumbnail","6":"product_cat-nauki-techniczne","7":"product_tag-faynman","8":"product_tag-fizyka","9":"product_tag-podreczniki-akademickie","10":"product_tag-termodynamika","12":"first","13":"instock","14":"sale","15":"shipping-taxable","16":"purchasable","17":"product-type-simple"},"_links":{"self":[{"href":"http:\/\/ksiegarnia-akademicka.pl\/index.php\/wp-json\/wp\/v2\/product\/3746","targetHints":{"allow":["GET"]}}],"collection":[{"href":"http:\/\/ksiegarnia-akademicka.pl\/index.php\/wp-json\/wp\/v2\/product"}],"about":[{"href":"http:\/\/ksiegarnia-akademicka.pl\/index.php\/wp-json\/wp\/v2\/types\/product"}],"wp:featuredmedia":[{"embeddable":true,"href":"http:\/\/ksiegarnia-akademicka.pl\/index.php\/wp-json\/wp\/v2\/media\/8998"}],"wp:attachment":[{"href":"http:\/\/ksiegarnia-akademicka.pl\/index.php\/wp-json\/wp\/v2\/media?parent=3746"}],"wp:term":[{"taxonomy":"product_brand","embeddable":true,"href":"http:\/\/ksiegarnia-akademicka.pl\/index.php\/wp-json\/wp\/v2\/product_brand?post=3746"},{"taxonomy":"product_cat","embeddable":true,"href":"http:\/\/ksiegarnia-akademicka.pl\/index.php\/wp-json\/wp\/v2\/product_cat?post=3746"},{"taxonomy":"product_tag","embeddable":true,"href":"http:\/\/ksiegarnia-akademicka.pl\/index.php\/wp-json\/wp\/v2\/product_tag?post=3746"}],"curies":[{"name":"wp","href":"https:\/\/api.w.org\/{rel}","templated":true}]}}