{"id":3740,"date":"2018-05-22T12:48:47","date_gmt":"2018-05-22T10:48:47","guid":{"rendered":"http:\/\/ksiegarnia-akademicka.pl\/index.php\/product\/perspektywy-rozwoju-wspolnej-polityki-rolnej-po-2013-r\/"},"modified":"2018-12-15T09:12:44","modified_gmt":"2018-12-15T08:12:44","slug":"perspektywy-rozwoju-wspolnej-polityki-rolnej-po-2013-r","status":"publish","type":"product","link":"http:\/\/ksiegarnia-akademicka.pl\/index.php\/product\/perspektywy-rozwoju-wspolnej-polityki-rolnej-po-2013-r\/","title":{"rendered":"Perspektywy rozwoju Wsp\u00f3lnej Polityki Rolnej po 2013 r"},"content":{"rendered":"<p>Redakcja: Toszek Bart\u0142omiej H., Wojtaszak Andrzej<br \/>\nWydawca: Aspra<br \/>\nOprawa: Mi\u0119kka<br \/>\nFormat: 14.5&#215;20.5cm<br \/>\nLiczba stron: 196<br \/>\nRok wydania: 2012<\/p>\n<p>Przez 50 ostatnich lat Wsp\u00f3lna Polityka Rolna by\u0142a jednym z najwa\u017cniejszych mechanizm\u00f3w Wsp\u00f3lnot Europejskich (a nast\u0119pnie Unii Europejskiej) ukierunkowanym na wzrost produkcji rolnej, stabilizacj\u0119 rynk\u00f3w rolnych, popraw\u0119 bezpiecze\u0144stwa dostaw, utrzymanie sta\u0142ego poziomu cen \u017cywno\u015bci oraz popraw\u0119 warunk\u00f3w \u017cycia ludno\u015bci zamieszkuj\u0105cej obszary wiejskie. W dobie zmieniaj\u0105cych si\u0119 uwarunkowa\u0144 spo\u0142eczno-ekonomicznych i politycznych w skali europejskiej i globalnej, podj\u0119ta zosta\u0142a dyskusja dotycz\u0105ca kierunku i zakresu przekszta\u0142ce\u0144 WPR. Nie ulega bowiem w\u0105tpliwo\u015bci, \u017ce nowoczesne rolnictwo pa\u0144stwa Unii Europejskiej b\u0119dzie musia\u0142o zagwarantowa\u0107 bezpiecze\u0144stwo \u017cywno\u015bciowe konsument\u00f3w, a ponadto \u2013 podj\u0105\u0107 wyzwanie wy\u017cywienia (wsp\u00f3lnie z gospodarkami innych kraj\u00f3w wysoko rozwini\u0119tych) coraz wi\u0119kszej liczby ludno\u015bci na \u015bwiecie. R\u00f3wnocze\u015bnie Wsp\u00f3lna Polityka Rolna powinna nadal zapewnia\u0107 konkurencyjno\u015b\u0107 produkt\u00f3w unijnych w relacjach z subsydiowanymi sektorami rolnymi w Stanach Zjednoczonych, Chinach, Indiach czy Japonii. Musi tak\u017ce pozosta\u0107 skutecznym narz\u0119dziem zr\u00f3wnowa\u017conego rozwoju terytorialnego oraz sta\u0142ego wzrostu produkcji \u017cywno\u015bci. Co wi\u0119cej, w ostatnich latach WPR jest stopniowo ukierunkowywana na realizacj\u0119 nowej strategii \u201eUE 2020\u201d w zakresie zapobiegania i zwalczania negatywnych skutk\u00f3w zmian klimatycznych, stymulowania innowacji, tworzenia nowych miejsc pracy w ramach ekologicznego rozwoju oraz podnoszenia poziomu bezpiecze\u0144stwa \u017cywno\u015bciowego. Wprowadzane modyfikacje powoduj\u0105 jednak konieczno\u015b\u0107 przesuni\u0119cia wi\u0119kszych \u015brodk\u00f3w z bud\u017cetu og\u00f3lnego Unii Europejskiej na realizacj\u0119 zada\u0144 stoj\u0105cych przed Wsp\u00f3ln\u0105 Polityk\u0105 Roln\u0105. Taka sytuacja spotyka si\u0119 z r\u00f3\u017cnymi reakcjami pa\u0144stw cz\u0142onkowskich UE, od zrozumienia i akceptacji, po niech\u0119\u0107 i kwestionowanie zasadno\u015bci zmian. <\/p>\n<p>Powy\u017cszym zagadnieniom oraz przysz\u0142o\u015bci sektora rolnego w Polsce i Europie zosta\u0142a po\u015bwi\u0119cona niniejsza publikacja.<\/p>\n","protected":false},"excerpt":{"rendered":"<p>Redakcja: Toszek Bart\u0142omiej H., Wojtaszak Andrzej Wydawca: Aspra Oprawa: Mi\u0119kka [&hellip;]<\/p>\n","protected":false},"featured_media":8059,"template":"","meta":[],"product_brand":[],"product_cat":[25],"product_tag":[250,5192],"class_list":{"0":"post-3740","1":"product","2":"type-product","3":"status-publish","4":"has-post-thumbnail","6":"product_cat-unia-europejska","7":"product_tag-unia-europejska","8":"product_tag-wspolna-polityka-rolna","10":"first","11":"instock","12":"sale","13":"shipping-taxable","14":"purchasable","15":"product-type-simple"},"_links":{"self":[{"href":"http:\/\/ksiegarnia-akademicka.pl\/index.php\/wp-json\/wp\/v2\/product\/3740","targetHints":{"allow":["GET"]}}],"collection":[{"href":"http:\/\/ksiegarnia-akademicka.pl\/index.php\/wp-json\/wp\/v2\/product"}],"about":[{"href":"http:\/\/ksiegarnia-akademicka.pl\/index.php\/wp-json\/wp\/v2\/types\/product"}],"wp:featuredmedia":[{"embeddable":true,"href":"http:\/\/ksiegarnia-akademicka.pl\/index.php\/wp-json\/wp\/v2\/media\/8059"}],"wp:attachment":[{"href":"http:\/\/ksiegarnia-akademicka.pl\/index.php\/wp-json\/wp\/v2\/media?parent=3740"}],"wp:term":[{"taxonomy":"product_brand","embeddable":true,"href":"http:\/\/ksiegarnia-akademicka.pl\/index.php\/wp-json\/wp\/v2\/product_brand?post=3740"},{"taxonomy":"product_cat","embeddable":true,"href":"http:\/\/ksiegarnia-akademicka.pl\/index.php\/wp-json\/wp\/v2\/product_cat?post=3740"},{"taxonomy":"product_tag","embeddable":true,"href":"http:\/\/ksiegarnia-akademicka.pl\/index.php\/wp-json\/wp\/v2\/product_tag?post=3740"}],"curies":[{"name":"wp","href":"https:\/\/api.w.org\/{rel}","templated":true}]}}