{"id":3737,"date":"2018-05-22T12:48:47","date_gmt":"2018-05-22T10:48:47","guid":{"rendered":"http:\/\/ksiegarnia-akademicka.pl\/index.php\/product\/modele-brylowe-w-konstrukcji-podzespolow-hydrokinetycznych\/"},"modified":"2018-07-20T12:46:37","modified_gmt":"2018-07-20T10:46:37","slug":"modele-brylowe-w-konstrukcji-podzespolow-hydrokinetycznych","status":"publish","type":"product","link":"http:\/\/ksiegarnia-akademicka.pl\/index.php\/product\/modele-brylowe-w-konstrukcji-podzespolow-hydrokinetycznych\/","title":{"rendered":"Modele bry\u0142owe w konstrukcji podzespo\u0142\u00f3w hydrokinetycznych"},"content":{"rendered":"<p>Andrzej K\u0119sy<br \/>\n2012, wyd. I, format B5, stron 166<\/p>\n<p>W podr\u0119czniku przedstawiono spos\u00f3b budowy i zastosowanie komputerowych wirtualnych modeli bry\u0142owych cz\u0119\u015bci maszyn na przyk\u0142adzie k\u00f3\u0142 \u0142opatkowych podzespo\u0142\u00f3w hydrokinetycznych. Przeprowadzono og\u00f3lne rozwa\u017cania na temat modeli bry\u0142owych, w tym opisano spos\u00f3b wykorzystania modeli bry\u0142owych do wytwarzania cz\u0119\u015bci maszyn. Om\u00f3wiono etapy konstruowania geometrii k\u00f3\u0142 \u0142opatkowych, od przyj\u0119cia za\u0142o\u017ce\u0144 zwi\u0105zanych z zastosowaniem podzespo\u0142u hydrokinetycznego w poje\u017adzie do uzyskania danych koniecznych do budowy modelu bry\u0142owego. Podano przyk\u0142ady budowy modeli bry\u0142owych k\u00f3\u0142 \u0142opatkowych r\u00f3\u017cnych podzespo\u0142\u00f3w hydrokinetycznych z u\u017cyciem program\u00f3w komputerowych: Auto CAD, Autodesk Inventor, TURBO Pascal, Microsoft Excel.<\/p>\n","protected":false},"excerpt":{"rendered":"<p>Andrzej K\u0119sy 2012, wyd. I, format B5, stron 166 W [&hellip;]<\/p>\n","protected":false},"featured_media":8068,"template":"","meta":[],"product_brand":[],"product_cat":[7524,43],"product_tag":[5731,1871,87],"class_list":{"0":"post-3737","1":"product","2":"type-product","3":"status-publish","4":"has-post-thumbnail","6":"product_cat-mechanika-i-budowa-maszyn","7":"product_cat-wydawnictwo-uth","8":"product_tag-konstrukcje-maszyn","9":"product_tag-mechanika","10":"product_tag-skrypty-politechniki-radomskiej","12":"first","13":"instock","14":"shipping-taxable","15":"purchasable","16":"product-type-simple"},"_links":{"self":[{"href":"http:\/\/ksiegarnia-akademicka.pl\/index.php\/wp-json\/wp\/v2\/product\/3737","targetHints":{"allow":["GET"]}}],"collection":[{"href":"http:\/\/ksiegarnia-akademicka.pl\/index.php\/wp-json\/wp\/v2\/product"}],"about":[{"href":"http:\/\/ksiegarnia-akademicka.pl\/index.php\/wp-json\/wp\/v2\/types\/product"}],"wp:featuredmedia":[{"embeddable":true,"href":"http:\/\/ksiegarnia-akademicka.pl\/index.php\/wp-json\/wp\/v2\/media\/8068"}],"wp:attachment":[{"href":"http:\/\/ksiegarnia-akademicka.pl\/index.php\/wp-json\/wp\/v2\/media?parent=3737"}],"wp:term":[{"taxonomy":"product_brand","embeddable":true,"href":"http:\/\/ksiegarnia-akademicka.pl\/index.php\/wp-json\/wp\/v2\/product_brand?post=3737"},{"taxonomy":"product_cat","embeddable":true,"href":"http:\/\/ksiegarnia-akademicka.pl\/index.php\/wp-json\/wp\/v2\/product_cat?post=3737"},{"taxonomy":"product_tag","embeddable":true,"href":"http:\/\/ksiegarnia-akademicka.pl\/index.php\/wp-json\/wp\/v2\/product_tag?post=3737"}],"curies":[{"name":"wp","href":"https:\/\/api.w.org\/{rel}","templated":true}]}}