{"id":3603,"date":"2018-05-22T12:48:28","date_gmt":"2018-05-22T10:48:28","guid":{"rendered":"http:\/\/ksiegarnia-akademicka.pl\/index.php\/product\/rozwod-i-separacja\/"},"modified":"2024-12-04T13:23:07","modified_gmt":"2024-12-04T12:23:07","slug":"rozwod-i-separacja","status":"publish","type":"product","link":"http:\/\/ksiegarnia-akademicka.pl\/index.php\/product\/rozwod-i-separacja\/","title":{"rendered":"Rozw\u00f3d i separacja Komentarz do art. 55\u201361(6) KRO oraz zwi\u0105zanych z nimi regulacji KPC"},"content":{"rendered":"<p>Autor: prof. USz dr hab Henryk Haak, Anna Haak-Trzuskawska<br \/>\nWydawnictwo: C.H. Beck<br \/>\nSeria: Komentarze i Linia orzecznicza<br \/>\nRok wydania: 2020<br \/>\nOprawa: Mi\u0119kka<br \/>\nLiczba stron: 558<br \/>\nWaga: 360 g<br \/>\nISBN: 978-83-2559-561-6<\/p>\n<p>Rozw\u00f3d i separacja. Komentarz do art. 55\u2013616 KRO oraz zwi\u0105zanych z nimi regulacji KPC (art. 7, 17, 41, 47, 66, 98, 100\u2012102, 117, 177, 187, 193, 201, 203, 204, 2054, 232, 316\u2012317, 366\u2012367, 400, 425\u2012446, 509, 510\u2012511, 5112, 516, 520, 5671\u20125675)  to pozycja, kt\u00f3ra w niezwykle jasny i kompleksowy spos\u00f3b wyja\u015bnia zagadnienia zwi\u0105zane z rozwodem oraz separacj\u0105. Ka\u017cdy artyku\u0142 zosta\u0142 opatrzony wyczerpuj\u0105cym komentarzem z wyr\u00f3\u017cnieniem najistotniejszych kwestii wa\u017cnych z punktu widzenia praktyki, a tak\u017ce wyselekcjonowanym orzecznictwem przyporz\u0105dkowanym do poszczeg\u00f3lnych zagadnie\u0144.<\/p>\n<p>Poza tradycyjnym uj\u0119ciem materialnoprawnym i procesowym powy\u017cszych instytucji, w publikacji dokonano tak\u017ce kompleksowego om\u00f3wienia zwi\u0105zanych z nimi przepis\u00f3w ustawy z 17.11.1964 r. \u2013 Kodeks post\u0119powania cywilnego (t.j. Dz.U. z 2019 r. poz. 1460 ze zm.), w szczeg\u00f3lno\u015bci kwestii zwi\u0105zanych z prowadzeniem post\u0119powania, roszcze\u0144 alimentacyjnych, mediacji czy umorzenia post\u0119powania.<\/p>\n<p>W ksi\u0105\u017cce uwzgl\u0119dniono najnowszy stan prawny, w tym reform\u0119 procedury cywilnej wprowadzonej ustaw\u0105 z 4.7.2019 r. o zmianie ustawy \u2013 Kodeks post\u0119powania cywilnego oraz niekt\u00f3rych innych ustaw (Dz.U. z 2019 r. poz. 1469 ze zm.), dotycz\u0105c\u0105 kompleksowej reformy przewiduj\u0105cej usprawnienie, uproszczenie i przyspieszenie post\u0119powa\u0144 przed s\u0105dami w sprawach cywilnych.<\/p>\n<p>Publikacja sk\u0142ada si\u0119 z dw\u00f3ch cz\u0119\u015bci.<\/p>\n<p>W cz\u0119\u015bci I om\u00f3wiono zagadnienia zwi\u0105zane z:<\/p>\n<p>ustaniem ma\u0142\u017ce\u0144stwa, w tym m.in. przes\u0142anki rozwodu, wyrok rozwodowy czy obowi\u0105zek alimentacyjny;<br \/>\nseparacj\u0105, np. skutki separacji, por\u00f3wnanie separacji i rozwodu, zakres orzekania i zniesienie separacji.<br \/>\nCz\u0119\u015b\u0107 II obejmuje problematyk\u0119 procesow\u0105. Zosta\u0142y w niej om\u00f3wione przepisy Kodeksu post\u0119powania cywilnego, kt\u00f3re zwi\u0105zane s\u0105 z instytucj\u0105 rozwodu i separacji i mog\u0105 by\u0107 stosowane podczas post\u0119powania s\u0105dowego w tej sprawie.<\/p>\n<p>W ksi\u0105\u017cce ka\u017cdy artyku\u0142 zostaje r\u00f3wnie\u017c zaopatrzony wyczerpuj\u0105cym komentarzem, w kt\u00f3rym wyr\u00f3\u017cniono najistotniejsze informacje z punktu widzenia praktyka, a oznaczono has\u0142em \u201eWa\u017cne dla praktyki&#8221;. Dzi\u0119ki temu, Czytelnik nie b\u0119dzie mia\u0142 \u017cadnych trudno\u015bci ze zrozumieniem najwa\u017cniejszych zagadnie\u0144. Ponadto przy poszczeg\u00f3lnych artyku\u0142ach znajduj\u0105 si\u0119 linie orzecznicze dotycz\u0105ce poszczeg\u00f3lnego zagadnienia.<\/p>\n<p>Ksi\u0105\u017cka stanowi profesjonaln\u0105 pomoc zar\u00f3wno dla s\u0119dzi\u00f3w, prokurator\u00f3w, radc\u00f3w prawnych, adwokat\u00f3w, notariuszy, jak i aplikant\u00f3w zawod\u00f3w prawniczych oraz studen<\/p>\n","protected":false},"excerpt":{"rendered":"<p>Autor: prof. USz dr hab Henryk Haak, Anna Haak-Trzuskawska Wydawnictwo: [&hellip;]<\/p>\n","protected":false},"featured_media":13044,"template":"","meta":[],"product_brand":[],"product_cat":[7491,18],"product_tag":[615,645,5654,7689],"class_list":{"0":"post-3603","1":"product","2":"type-product","3":"status-publish","4":"has-post-thumbnail","6":"product_cat-cywilne","7":"product_cat-prawo","8":"product_tag-prawo-cywilne","9":"product_tag-prawo-rodzinne","10":"product_tag-rozwod-i-separacja","11":"product_tag-seria-komentarze-i-linia-orzecznicza","13":"first","14":"instock","15":"sale","16":"shipping-taxable","17":"purchasable","18":"product-type-simple"},"_links":{"self":[{"href":"http:\/\/ksiegarnia-akademicka.pl\/index.php\/wp-json\/wp\/v2\/product\/3603","targetHints":{"allow":["GET"]}}],"collection":[{"href":"http:\/\/ksiegarnia-akademicka.pl\/index.php\/wp-json\/wp\/v2\/product"}],"about":[{"href":"http:\/\/ksiegarnia-akademicka.pl\/index.php\/wp-json\/wp\/v2\/types\/product"}],"wp:featuredmedia":[{"embeddable":true,"href":"http:\/\/ksiegarnia-akademicka.pl\/index.php\/wp-json\/wp\/v2\/media\/13044"}],"wp:attachment":[{"href":"http:\/\/ksiegarnia-akademicka.pl\/index.php\/wp-json\/wp\/v2\/media?parent=3603"}],"wp:term":[{"taxonomy":"product_brand","embeddable":true,"href":"http:\/\/ksiegarnia-akademicka.pl\/index.php\/wp-json\/wp\/v2\/product_brand?post=3603"},{"taxonomy":"product_cat","embeddable":true,"href":"http:\/\/ksiegarnia-akademicka.pl\/index.php\/wp-json\/wp\/v2\/product_cat?post=3603"},{"taxonomy":"product_tag","embeddable":true,"href":"http:\/\/ksiegarnia-akademicka.pl\/index.php\/wp-json\/wp\/v2\/product_tag?post=3603"}],"curies":[{"name":"wp","href":"https:\/\/api.w.org\/{rel}","templated":true}]}}