{"id":3544,"date":"2018-05-22T12:48:20","date_gmt":"2018-05-22T10:48:20","guid":{"rendered":"http:\/\/ksiegarnia-akademicka.pl\/index.php\/product\/steve-jobs\/"},"modified":"2022-12-08T09:28:35","modified_gmt":"2022-12-08T08:28:35","slug":"steve-jobs","status":"publish","type":"product","link":"http:\/\/ksiegarnia-akademicka.pl\/index.php\/product\/steve-jobs\/","title":{"rendered":"Steve Jobs. Sztuka prezentacji. Jak \u015bwietnie wypa\u015b\u0107 przed ka\u017cd\u0105 publiczno\u015bci\u0105"},"content":{"rendered":"<p>Autor:<br \/>\nCarmine Gallo<br \/>\nT\u0142umacze: S\u0142awi\u0144ska Kamila, S\u0142awi\u0144ski Robert<br \/>\nWydawca: Znak<br \/>\nOprawa: Twarda<br \/>\nFormat: 13.5&#215;21.0cm<br \/>\nLiczba stron: 336<br \/>\nWydanie: 3<br \/>\nRok wydania: 2022<br \/>\nJ\u0119zyk wydania: polski<\/p>\n<p>Klucz do sukcesu to umiej\u0119tno\u015b\u0107 przekonania innych do siebie. Nikt nie potrafi\u0142 tak oczarowa\u0107 publiczno\u015bci, jak Steve Jobs podczas swych legendarnych prezentacji. Ta ksi\u0105\u017cka poka\u017ce wam, jak by\u0107 r\u00f3wnie skutecznym jak on. Poznaj sekrety technik, jakie szef Apple\u2019a stosowa\u0142, by porwa\u0107 ka\u017cd\u0105 widowni\u0119. Jak tworzy\u0107 zapadaj\u0105ce w pami\u0119\u0107 twitterowe nag\u0142\u00f3wki? Jakie b\u0142\u0119dy pope\u0142niamy najcz\u0119\u015bciej przy tworzeniu slajd\u00f3w? Jak d\u0142ugo powinna trwa\u0107 idealna prezentacja? Jak si\u0119 ubra\u0107 i do czego mo\u017ce si\u0119 przyda\u0107 szklanka wody? Steve Jobs. Sztuka prezentacji to lektura obowi\u0105zkowa dla ka\u017cdego, kto wyst\u0119puje publicznie \u2013 od nauczyciela przez PR-owca a\u017c do szefa firmy.<\/p>\n","protected":false},"excerpt":{"rendered":"<p>Autor: Carmine Gallo T\u0142umacze: S\u0142awi\u0144ska Kamila, S\u0142awi\u0144ski Robert Wydawca: Znak [&hellip;]<\/p>\n","protected":false},"featured_media":15964,"template":"","meta":[],"product_brand":[],"product_cat":[29,7994],"product_tag":[5626,2322,1257,5627,8180],"class_list":{"0":"post-3544","1":"product","2":"type-product","3":"status-publish","4":"has-post-thumbnail","6":"product_cat-marketing-i-reklama","7":"product_cat-poradniki","8":"product_tag-apple","9":"product_tag-biografie","10":"product_tag-poradniki","11":"product_tag-steve-jobs","12":"product_tag-sztuka-prezentacji","14":"first","15":"instock","16":"sale","17":"shipping-taxable","18":"purchasable","19":"product-type-simple"},"_links":{"self":[{"href":"http:\/\/ksiegarnia-akademicka.pl\/index.php\/wp-json\/wp\/v2\/product\/3544","targetHints":{"allow":["GET"]}}],"collection":[{"href":"http:\/\/ksiegarnia-akademicka.pl\/index.php\/wp-json\/wp\/v2\/product"}],"about":[{"href":"http:\/\/ksiegarnia-akademicka.pl\/index.php\/wp-json\/wp\/v2\/types\/product"}],"wp:featuredmedia":[{"embeddable":true,"href":"http:\/\/ksiegarnia-akademicka.pl\/index.php\/wp-json\/wp\/v2\/media\/15964"}],"wp:attachment":[{"href":"http:\/\/ksiegarnia-akademicka.pl\/index.php\/wp-json\/wp\/v2\/media?parent=3544"}],"wp:term":[{"taxonomy":"product_brand","embeddable":true,"href":"http:\/\/ksiegarnia-akademicka.pl\/index.php\/wp-json\/wp\/v2\/product_brand?post=3544"},{"taxonomy":"product_cat","embeddable":true,"href":"http:\/\/ksiegarnia-akademicka.pl\/index.php\/wp-json\/wp\/v2\/product_cat?post=3544"},{"taxonomy":"product_tag","embeddable":true,"href":"http:\/\/ksiegarnia-akademicka.pl\/index.php\/wp-json\/wp\/v2\/product_tag?post=3544"}],"curies":[{"name":"wp","href":"https:\/\/api.w.org\/{rel}","templated":true}]}}