{"id":3390,"date":"2018-05-22T12:47:57","date_gmt":"2018-05-22T10:47:57","guid":{"rendered":"http:\/\/ksiegarnia-akademicka.pl\/index.php\/product\/pedagogika-medialna-podrecznik-akademicki-t-2\/"},"modified":"2021-04-07T09:34:13","modified_gmt":"2021-04-07T07:34:13","slug":"pedagogika-medialna-podrecznik-akademicki-t-2","status":"publish","type":"product","link":"http:\/\/ksiegarnia-akademicka.pl\/index.php\/product\/pedagogika-medialna-podrecznik-akademicki-t-2\/","title":{"rendered":"Pedagogika medialna Podr\u0119cznik akademicki t.2"},"content":{"rendered":"<p>Autor:<br \/>\nBronis\u0142aw (red.) Siemiemiecki<br \/>\nRedakcja: Siemieniecki Bronis\u0142aw<br \/>\nWydawca: Wydawnictwo Naukowe PWN<br \/>\nOprawa: Mi\u0119kka<br \/>\nFormat: 16.6&#215;23.6cm<br \/>\nLiczba stron: 272<br \/>\nWydanie: 1<br \/>\nRok wydania: 2008<\/p>\n<p>Omawia zagadnienia zwi\u0105zane z zastosowaniem technologii informacyjnej w: diagnozowaniu i terapii pedagogicznej, procesie rewalidacji, resocjalizacji, kszta\u0142ceniu, dokszta\u0142caniu i samokszta\u0142ceniu<br \/>\nPrzybli\u017ca r\u00f3\u017cne aspekty metodyki kszta\u0142cenia w zakresie edukacji medialnej i informatycznej<br \/>\nPodejmuje problemy wykorzystania technologii informacyjnej do edukacji na odleg\u0142o\u015b\u0107, kszta\u0142cenia nauczycieli do prowadzenia przedmiotu informatyka oraz edukacji czytelniczej i medialnej w szkole<\/p>\n","protected":false},"excerpt":{"rendered":"<p>Autor: Bronis\u0142aw (red.) Siemiemiecki Redakcja: Siemieniecki Bronis\u0142aw Wydawca: Wydawnictwo Naukowe [&hellip;]<\/p>\n","protected":false},"featured_media":9113,"template":"","meta":[],"product_brand":[],"product_cat":[28],"product_tag":[5526,259],"class_list":{"0":"post-3390","1":"product","2":"type-product","3":"status-publish","4":"has-post-thumbnail","6":"product_cat-pedagogika","7":"product_tag-pedagogika-medialna","8":"product_tag-podreczniki-akademickie","10":"first","11":"instock","12":"sale","13":"shipping-taxable","14":"purchasable","15":"product-type-simple"},"_links":{"self":[{"href":"http:\/\/ksiegarnia-akademicka.pl\/index.php\/wp-json\/wp\/v2\/product\/3390","targetHints":{"allow":["GET"]}}],"collection":[{"href":"http:\/\/ksiegarnia-akademicka.pl\/index.php\/wp-json\/wp\/v2\/product"}],"about":[{"href":"http:\/\/ksiegarnia-akademicka.pl\/index.php\/wp-json\/wp\/v2\/types\/product"}],"wp:featuredmedia":[{"embeddable":true,"href":"http:\/\/ksiegarnia-akademicka.pl\/index.php\/wp-json\/wp\/v2\/media\/9113"}],"wp:attachment":[{"href":"http:\/\/ksiegarnia-akademicka.pl\/index.php\/wp-json\/wp\/v2\/media?parent=3390"}],"wp:term":[{"taxonomy":"product_brand","embeddable":true,"href":"http:\/\/ksiegarnia-akademicka.pl\/index.php\/wp-json\/wp\/v2\/product_brand?post=3390"},{"taxonomy":"product_cat","embeddable":true,"href":"http:\/\/ksiegarnia-akademicka.pl\/index.php\/wp-json\/wp\/v2\/product_cat?post=3390"},{"taxonomy":"product_tag","embeddable":true,"href":"http:\/\/ksiegarnia-akademicka.pl\/index.php\/wp-json\/wp\/v2\/product_tag?post=3390"}],"curies":[{"name":"wp","href":"https:\/\/api.w.org\/{rel}","templated":true}]}}