{"id":3389,"date":"2018-05-22T12:47:57","date_gmt":"2018-05-22T10:47:57","guid":{"rendered":"http:\/\/ksiegarnia-akademicka.pl\/index.php\/product\/pedagogika-medialna-podrecznik-akademicki-t-1\/"},"modified":"2021-04-07T09:33:22","modified_gmt":"2021-04-07T07:33:22","slug":"pedagogika-medialna-podrecznik-akademicki-t-1","status":"publish","type":"product","link":"http:\/\/ksiegarnia-akademicka.pl\/index.php\/product\/pedagogika-medialna-podrecznik-akademicki-t-1\/","title":{"rendered":"Pedagogika medialna Podr\u0119cznik akademicki t.1"},"content":{"rendered":"<p>Autor:<br \/>\nBronis\u0142aw (red.) Siemieniecki<br \/>\nRedakcja: Siemieniecki Bronis\u0142aw<br \/>\nWydawca: Wydawnictwo Naukowe PWN<br \/>\nOprawa: Mi\u0119kka<br \/>\nFormat: 16.6&#215;23.8cm<br \/>\nLiczba stron: 348<br \/>\nWydanie: 1<br \/>\nRok wydania: 2008<\/p>\n<p>Prezentuje kluczowe koncepcje spo\u0142ecze\u0144stwa informacyjnego i ich wp\u0142yw na wsp\u00f3\u0142czesne systemy edukacyjne<br \/>\nWskazuje rol\u0119 i miejsce medi\u00f3w w spo\u0142ecze\u0144stwie oraz ich wp\u0142yw na komunikacj\u0119 spo\u0142eczn\u0105<br \/>\nPrzedstawia negatywne skutki oddzia\u0142ywania medi\u00f3w na uczni\u00f3w<br \/>\nUkazuje funkcjonowanie i oddzia\u0142ywanie medi\u00f3w z pozycji kulturowych<\/p>\n","protected":false},"excerpt":{"rendered":"<p>Autor: Bronis\u0142aw (red.) Siemieniecki Redakcja: Siemieniecki Bronis\u0142aw Wydawca: Wydawnictwo Naukowe [&hellip;]<\/p>\n","protected":false},"featured_media":9112,"template":"","meta":[],"product_brand":[],"product_cat":[28],"product_tag":[5526,259],"class_list":{"0":"post-3389","1":"product","2":"type-product","3":"status-publish","4":"has-post-thumbnail","6":"product_cat-pedagogika","7":"product_tag-pedagogika-medialna","8":"product_tag-podreczniki-akademickie","10":"first","11":"instock","12":"sale","13":"shipping-taxable","14":"purchasable","15":"product-type-simple"},"_links":{"self":[{"href":"http:\/\/ksiegarnia-akademicka.pl\/index.php\/wp-json\/wp\/v2\/product\/3389","targetHints":{"allow":["GET"]}}],"collection":[{"href":"http:\/\/ksiegarnia-akademicka.pl\/index.php\/wp-json\/wp\/v2\/product"}],"about":[{"href":"http:\/\/ksiegarnia-akademicka.pl\/index.php\/wp-json\/wp\/v2\/types\/product"}],"wp:featuredmedia":[{"embeddable":true,"href":"http:\/\/ksiegarnia-akademicka.pl\/index.php\/wp-json\/wp\/v2\/media\/9112"}],"wp:attachment":[{"href":"http:\/\/ksiegarnia-akademicka.pl\/index.php\/wp-json\/wp\/v2\/media?parent=3389"}],"wp:term":[{"taxonomy":"product_brand","embeddable":true,"href":"http:\/\/ksiegarnia-akademicka.pl\/index.php\/wp-json\/wp\/v2\/product_brand?post=3389"},{"taxonomy":"product_cat","embeddable":true,"href":"http:\/\/ksiegarnia-akademicka.pl\/index.php\/wp-json\/wp\/v2\/product_cat?post=3389"},{"taxonomy":"product_tag","embeddable":true,"href":"http:\/\/ksiegarnia-akademicka.pl\/index.php\/wp-json\/wp\/v2\/product_tag?post=3389"}],"curies":[{"name":"wp","href":"https:\/\/api.w.org\/{rel}","templated":true}]}}