{"id":3303,"date":"2018-05-22T12:47:45","date_gmt":"2018-05-22T10:47:45","guid":{"rendered":"http:\/\/ksiegarnia-akademicka.pl\/index.php\/product\/praca-magisterska-i-dyplomowa-z-programem-latex-jak-szybko-tworzyc-profesjonalnie-wygladajace-dokumenty\/"},"modified":"2026-01-12T12:29:24","modified_gmt":"2026-01-12T11:29:24","slug":"praca-magisterska-i-dyplomowa-z-programem-latex-jak-szybko-tworzyc-profesjonalnie-wygladajace-dokumenty","status":"publish","type":"product","link":"http:\/\/ksiegarnia-akademicka.pl\/index.php\/product\/praca-magisterska-i-dyplomowa-z-programem-latex-jak-szybko-tworzyc-profesjonalnie-wygladajace-dokumenty\/","title":{"rendered":"Praca magisterska i dyplomowa z programem LaTeX Jak szybko tworzy\u0107 profesjonalnie wygl\u0105daj\u0105ce dokumenty"},"content":{"rendered":"<p>Autor:<br \/>\nTomasz Przechlewski<br \/>\nWydawca: Wolters Kluwer<br \/>\nOprawa: Mi\u0119kka<br \/>\nFormat: 17.0&#215;24.0cm<br \/>\nLiczba stron: 160<br \/>\nRok wydania: 2011<\/p>\n<p>Perfekcyjna umiej\u0119tno\u015b\u0107 pos\u0142ugiwania si\u0119 nawet najlepszym edytorem nie wystarczy do stworzenia dobrego dzie\u0142a. Publikacje naukowe, naukowo-techniczne itp. s\u0105 strukturalnie skomplikowane, ich tre\u015b\u0107 jest podzielona wed\u0142ug \u015bcis\u0142ych regu\u0142, a u\u017cyty styl argumentacji powinien by\u0107 zgodny z przyj\u0119t\u0105 konwencj\u0105. Aby stworzy\u0107 prac\u0119 naukow\u0105, naukowo-techniczn\u0105 lub magistersk\u0105, nale\u017cy zna\u0107 przynajmniej podstawowe regu\u0142y dotycz\u0105ce ich konstrukcji, formy graficznej oraz tzw. stylu naukowego. Praca magisterska i dyplomowa z programem LaTeX. Jak szybko tworzy\u0107 profesjonalnie wygl\u0105daj\u0105ce dokumenty to podr\u0119cznik dla os\u00f3b, kt\u00f3re chc\u0105 przygotowa\u0107 samodzielnie d\u0142u\u017cszy dokument, np. prac\u0119 magistersk\u0105 lub licencjack\u0105, skonstruowan\u0105 i wygl\u0105daj\u0105c\u0105 profesjonalnie, u\u017cywaj\u0105c do tego celu systemu LaTeX &#8211; programu rozpowszechnianego na licencji open source, czyli na zasadach swobodnego\/bezp\u0142atnego korzystania przez u\u017cytkownik\u00f3w.<br \/>\nJest to jedyna publikacja na polskim rynku, kt\u00f3ra w zwi\u0119z\u0142y spos\u00f3b opisuje:<br \/>\n&#8211; wi\u0119kszo\u015b\u0107 polece\u0144 standardowego LaTeX-a;<br \/>\n&#8211; wybrane pakiety LaTeX-a przydatne do redagowania ksi\u0105\u017cek;<br \/>\n&#8211; praktyczne wskaz\u00f3wki dotycz\u0105ce importowania i konwersji plik\u00f3w graficznych do dokument\u00f3w LaTeX-a;<br \/>\n&#8211; najnowsze wersje systemu LaTeX i \u015brodowisko pracy TEXworks;<br \/>\n&#8211; zalecenia odno\u015bnie do redagowania dokument\u00f3w zgodnie z polskimi normami i zwyczajami oraz wskaz\u00f3wki, jak te zalecenia zaimplementowa\u0107 w systemie LaTeX;<br \/>\n&#8211; rady dotycz\u0105ce konstrukcji i stylu pracy magisterskiej.<\/p>\n","protected":false},"excerpt":{"rendered":"<p>Autor: Tomasz Przechlewski Wydawca: Wolters Kluwer Oprawa: Mi\u0119kka Format: 17.0&#215;24.0cm [&hellip;]<\/p>\n","protected":false},"featured_media":9395,"template":"","meta":[],"product_brand":[],"product_cat":[28],"product_tag":[5466,1257],"class_list":{"0":"post-3303","1":"product","2":"type-product","3":"status-publish","4":"has-post-thumbnail","6":"product_cat-pedagogika","7":"product_tag-metodyka-pisania-prac-magisterskich-i-dyplomowych","8":"product_tag-poradniki","10":"first","11":"outofstock","12":"sale","13":"shipping-taxable","14":"purchasable","15":"product-type-simple"},"_links":{"self":[{"href":"http:\/\/ksiegarnia-akademicka.pl\/index.php\/wp-json\/wp\/v2\/product\/3303","targetHints":{"allow":["GET"]}}],"collection":[{"href":"http:\/\/ksiegarnia-akademicka.pl\/index.php\/wp-json\/wp\/v2\/product"}],"about":[{"href":"http:\/\/ksiegarnia-akademicka.pl\/index.php\/wp-json\/wp\/v2\/types\/product"}],"wp:featuredmedia":[{"embeddable":true,"href":"http:\/\/ksiegarnia-akademicka.pl\/index.php\/wp-json\/wp\/v2\/media\/9395"}],"wp:attachment":[{"href":"http:\/\/ksiegarnia-akademicka.pl\/index.php\/wp-json\/wp\/v2\/media?parent=3303"}],"wp:term":[{"taxonomy":"product_brand","embeddable":true,"href":"http:\/\/ksiegarnia-akademicka.pl\/index.php\/wp-json\/wp\/v2\/product_brand?post=3303"},{"taxonomy":"product_cat","embeddable":true,"href":"http:\/\/ksiegarnia-akademicka.pl\/index.php\/wp-json\/wp\/v2\/product_cat?post=3303"},{"taxonomy":"product_tag","embeddable":true,"href":"http:\/\/ksiegarnia-akademicka.pl\/index.php\/wp-json\/wp\/v2\/product_tag?post=3303"}],"curies":[{"name":"wp","href":"https:\/\/api.w.org\/{rel}","templated":true}]}}