{"id":2880,"date":"2018-05-22T12:46:48","date_gmt":"2018-05-22T10:46:48","guid":{"rendered":"http:\/\/ksiegarnia-akademicka.pl\/index.php\/product\/prawo-rzeczowe-i-rodzinne-kazusy\/"},"modified":"2025-11-05T12:01:56","modified_gmt":"2025-11-05T11:01:56","slug":"prawo-rzeczowe-i-rodzinne-kazusy","status":"publish","type":"product","link":"http:\/\/ksiegarnia-akademicka.pl\/index.php\/product\/prawo-rzeczowe-i-rodzinne-kazusy\/","title":{"rendered":"Prawo rzeczowe"},"content":{"rendered":"<div class=\"grupa seria\"><span class=\"meta-head-blue\">Nale\u017cy do serii: <\/span>SKRYPTY BECKA<\/div>\n<div class=\"grupa osoby\"><span class=\"meta-head-blue\">Autor: <\/span>Dada\u0144ska Katarzyna Anna<\/div>\n<div class=\"grupa wydawca\"><span class=\"meta-head\">Wydawca:<\/span>\u00a0C.H. Beck<\/div>\n<div class=\"grupa dane\">\n<div>Oprawa:\u00a0<span class=\"meta-value-bold\">Mi\u0119kka<\/span><\/div>\n<div>Format:\u00a0<span class=\"meta-value-bold\">16.5&#215;23.8cm<\/span><\/div>\n<div>Liczba stron:\u00a0<span class=\"meta-value-bold\">578<\/span><\/div>\n<div>Wydanie:\u00a0<span class=\"meta-value-bold\">6<\/span><\/div>\n<div>Rok wydania:\u00a0<span class=\"meta-value-bold\">2025<\/span><\/div>\n<div>J\u0119zyk wydania:\u00a0<span class=\"meta-value-bold\">polski<\/span><\/div>\n<\/div>\n<div><\/div>\n<div>Ksi\u0105\u017cka \u201ePrawo rzeczowe\u201d obejmuje problematyk\u0119 zawart\u0105 w Ksi\u0119dze drugiej Kodeksu cywilnego (art. 140\u2013352), a tak\u017ce w ustawach szczeg\u00f3\u0142owych odnosz\u0105cych si\u0119 do omawianych zagadnie\u0144 z zakresu prawa rzeczowego.<\/p>\n<p>Przedstawiono w niej m.in. zagadnienia dotycz\u0105ce:<\/p>\n<p>poj\u0119cia, tre\u015bci i wykonywania prawa w\u0142asno\u015bci,<br \/>\nwsp\u00f3\u0142w\u0142asno\u015bci,<br \/>\nodr\u0119bnej w\u0142asno\u015bci lokalu,<br \/>\nu\u017cytkowania wieczystego,<br \/>\nograniczonych praw rzeczowych,<br \/>\nksi\u0105g wieczystych,<br \/>\nposiadania.<br \/>\nW skrypcie uwzgl\u0119dniono zmiany stanu prawnego wprowadzone m.in. przez:<\/p>\n<p>ustaw\u0119 z 13.7.2023 r. o zmianie ustawy o gospodarowaniu nieruchomo\u015bciami rolnymi Skarbu Pa\u0144stwa oraz niekt\u00f3rych innych ustaw (Dz.U. z 2023 r. poz. 1933); ustawa ta uchyli\u0142a w art. 172 KC \u00a7 3, kt\u00f3ry wprowadza\u0142 specjalne przes\u0142anki zasiedzenia nieruchomo\u015bci rolnej,<br \/>\nustaw\u0119 z 20.5.2021 r. o ochronie praw nabywcy lokalu mieszkalnego lub domu jednorodzinnego oraz Deweloperskim Funduszu Gwarancyjnym (tekst jedn. Dz.U. z 2024 r. poz. 695); ustawa ta wprowadzi\u0142a now\u0105 regulacje umowy deweloperskiej i um\u00f3w do niej podobnych,<br \/>\nustaw\u0119 z 14.5.2020 r. o zmianie niekt\u00f3rych ustaw w zakresie dzia\u0142a\u0144 os\u0142onowych w zwi\u0105zku z rozprzestrzenieniem si\u0119 wirusa SARS-CoV-2 (Dz.U. z 2020 r. poz. 875 ze zm.); ustawa ta wprowadzi\u0142a do KC umow\u0119 przew\u0142aszczenia na zabezpieczenie funkcjonuj\u0105c\u0105 wcze\u015bniej w ramach re\u017cimu swobody kontraktowej &#8211; art. 3531 KC.<br \/>\nSz\u00f3ste wydanie uzupe\u0142niono o aktualn\u0105 literatur\u0119 przedmiotu oraz najnowsze orzecznictwo S\u0105du Najwy\u017cszego, Naczelnego S\u0105du Administracyjnego oraz s\u0105d\u00f3w powszechnych.<\/p><\/div>\n","protected":false},"excerpt":{"rendered":"<p>Nale\u017cy do serii: SKRYPTY BECKA Autor: Dada\u0144ska Katarzyna Anna Wydawca:\u00a0C.H. [&hellip;]<\/p>\n","protected":false},"featured_media":21344,"template":"","meta":[],"product_brand":[],"product_cat":[7491,7530,18],"product_tag":[615,2630,691],"class_list":{"0":"post-2880","1":"product","2":"type-product","3":"status-publish","4":"has-post-thumbnail","6":"product_cat-cywilne","7":"product_cat-nowosci","8":"product_cat-prawo","9":"product_tag-prawo-cywilne","10":"product_tag-prawo-rzeczowe","11":"product_tag-seria-skrypty-becka","13":"first","14":"instock","15":"sale","16":"shipping-taxable","17":"purchasable","18":"product-type-simple"},"_links":{"self":[{"href":"http:\/\/ksiegarnia-akademicka.pl\/index.php\/wp-json\/wp\/v2\/product\/2880","targetHints":{"allow":["GET"]}}],"collection":[{"href":"http:\/\/ksiegarnia-akademicka.pl\/index.php\/wp-json\/wp\/v2\/product"}],"about":[{"href":"http:\/\/ksiegarnia-akademicka.pl\/index.php\/wp-json\/wp\/v2\/types\/product"}],"wp:featuredmedia":[{"embeddable":true,"href":"http:\/\/ksiegarnia-akademicka.pl\/index.php\/wp-json\/wp\/v2\/media\/21344"}],"wp:attachment":[{"href":"http:\/\/ksiegarnia-akademicka.pl\/index.php\/wp-json\/wp\/v2\/media?parent=2880"}],"wp:term":[{"taxonomy":"product_brand","embeddable":true,"href":"http:\/\/ksiegarnia-akademicka.pl\/index.php\/wp-json\/wp\/v2\/product_brand?post=2880"},{"taxonomy":"product_cat","embeddable":true,"href":"http:\/\/ksiegarnia-akademicka.pl\/index.php\/wp-json\/wp\/v2\/product_cat?post=2880"},{"taxonomy":"product_tag","embeddable":true,"href":"http:\/\/ksiegarnia-akademicka.pl\/index.php\/wp-json\/wp\/v2\/product_tag?post=2880"}],"curies":[{"name":"wp","href":"https:\/\/api.w.org\/{rel}","templated":true}]}}