{"id":2862,"date":"2018-05-22T12:46:45","date_gmt":"2018-05-22T10:46:45","guid":{"rendered":"http:\/\/ksiegarnia-akademicka.pl\/index.php\/product\/autodesk-inventor-2011pl-2011-metodyka-projektowania\/"},"modified":"2019-01-03T14:50:38","modified_gmt":"2019-01-03T13:50:38","slug":"autodesk-inventor-2011pl-2011-metodyka-projektowania","status":"publish","type":"product","link":"http:\/\/ksiegarnia-akademicka.pl\/index.php\/product\/autodesk-inventor-2011pl-2011-metodyka-projektowania\/","title":{"rendered":"Projektowanie element\u00f3w maszyn z wykorzystaniem programu Autodesk Inventor"},"content":{"rendered":"<p>Autor:<br \/>\nPawe\u0142 P\u0142uciennik<br \/>\nWydawca: Wydawnictwo Naukowe PWN<br \/>\nOprawa: Mi\u0119kka<br \/>\nFormat: 16.5&#215;23.5cm<br \/>\nLiczba stron: 320<br \/>\nWydanie: 1<br \/>\nRok wydania: 2017<\/p>\n<p>Niniejsza publikacja skierowana jest przede wszystkim do student\u00f3w uczelni technicznych przyst\u0119puj\u0105cych do projektowania i oblicze\u0144 reduktor\u00f3w. Dzi\u0119ki niej bez trudu opracuj\u0105 projekt przek\u0142adni z\u0119batej na studiach in\u017cynierskich oraz fragmentu uk\u0142adu nap\u0119dowego na studiach drugiego stopnia. Zawarte w ksi\u0105\u017cce przyk\u0142ady dotycz\u0105 projektowania i oblicze\u0144 rzeczywistych, najcz\u0119\u015bciej wyst\u0119puj\u0105cych w budowie maszyn, element\u00f3w przek\u0142adni.<br \/>\nKsi\u0105\u017cka jest kontynuacj\u0105 serii publikacji Autora u\u0142atwiaj\u0105cych wykonanie oblicze\u0144 projektowych przy u\u017cyciu programu Autodesk Inventor. Jest swoistym przewodnikiem po funkcjach programu pomocnych przy projektowaniu skomplikowanych cz\u0119\u015bci maszyn i ich mechanizm\u00f3w. Szczeg\u00f3ln\u0105 uwag\u0119 zwr\u00f3cono na zasady obliczania reduktora jedno i dwustopniowego z przek\u0142adni\u0105 z\u0119bat\u0105 o z\u0119bach sko\u015bnych.<br \/>\nSprawd\u017a, jak poprawnie przeprowadzi\u0107 analiz\u0119 wymiarow\u0105 wa\u0142\u00f3w reduktor\u00f3w. Poznaj zasady doboru \u015brednic ko\u0144cowych czop\u00f3w wa\u0142\u00f3w. Zobacz, jak prawid\u0142owo skonstruowa\u0107 korpus reduktora.<\/p>\n","protected":false},"excerpt":{"rendered":"<p>Autor: Pawe\u0142 P\u0142uciennik Wydawca: Wydawnictwo Naukowe PWN Oprawa: Mi\u0119kka Format: [&hellip;]<\/p>\n","protected":false},"featured_media":10007,"template":"","meta":[],"product_brand":[],"product_cat":[7709,41],"product_tag":[5185,179],"class_list":{"0":"post-2862","1":"product","2":"type-product","3":"status-publish","4":"has-post-thumbnail","6":"product_cat-mechanika","7":"product_cat-nauki-techniczne","8":"product_tag-autodes-inventor","9":"product_tag-projektowanie","11":"first","12":"instock","13":"sale","14":"shipping-taxable","15":"purchasable","16":"product-type-simple"},"_links":{"self":[{"href":"http:\/\/ksiegarnia-akademicka.pl\/index.php\/wp-json\/wp\/v2\/product\/2862","targetHints":{"allow":["GET"]}}],"collection":[{"href":"http:\/\/ksiegarnia-akademicka.pl\/index.php\/wp-json\/wp\/v2\/product"}],"about":[{"href":"http:\/\/ksiegarnia-akademicka.pl\/index.php\/wp-json\/wp\/v2\/types\/product"}],"wp:featuredmedia":[{"embeddable":true,"href":"http:\/\/ksiegarnia-akademicka.pl\/index.php\/wp-json\/wp\/v2\/media\/10007"}],"wp:attachment":[{"href":"http:\/\/ksiegarnia-akademicka.pl\/index.php\/wp-json\/wp\/v2\/media?parent=2862"}],"wp:term":[{"taxonomy":"product_brand","embeddable":true,"href":"http:\/\/ksiegarnia-akademicka.pl\/index.php\/wp-json\/wp\/v2\/product_brand?post=2862"},{"taxonomy":"product_cat","embeddable":true,"href":"http:\/\/ksiegarnia-akademicka.pl\/index.php\/wp-json\/wp\/v2\/product_cat?post=2862"},{"taxonomy":"product_tag","embeddable":true,"href":"http:\/\/ksiegarnia-akademicka.pl\/index.php\/wp-json\/wp\/v2\/product_tag?post=2862"}],"curies":[{"name":"wp","href":"https:\/\/api.w.org\/{rel}","templated":true}]}}