{"id":2838,"date":"2018-05-22T12:46:42","date_gmt":"2018-05-22T10:46:42","guid":{"rendered":"http:\/\/ksiegarnia-akademicka.pl\/index.php\/product\/elektryczne-i-elektroniczne-czujniki-temperatury-cd-rom\/"},"modified":"2018-12-04T15:38:01","modified_gmt":"2018-12-04T14:38:01","slug":"elektryczne-i-elektroniczne-czujniki-temperatury-cd-rom","status":"publish","type":"product","link":"http:\/\/ksiegarnia-akademicka.pl\/index.php\/product\/elektryczne-i-elektroniczne-czujniki-temperatury-cd-rom\/","title":{"rendered":"Elektryczne i elektroniczne czujniki temperatury (+ CD-ROM)"},"content":{"rendered":"<p>Autor:<br \/>\nMariusz R. Rz\u0105sa<br \/>\nBoles\u0142aw Kiczma<br \/>\nWydawca: Wydawnictwa Komunikacji i \u0141\u0105czno\u015bci WK\u0141<br \/>\nOprawa: Mi\u0119kka<br \/>\nFormat: 17.0&#215;24.0cm<br \/>\nLiczba stron: 214<br \/>\nWydanie: 1<br \/>\nRok wydania: 2016<\/p>\n<p>Przyst\u0119pnie opracowany, zwi\u0119z\u0142y, bogato ilustrowany podr\u0119cznik o charakterze teoretyczno-praktycznym, po\u015bwi\u0119cony elektrycznym i elektronicznym czujnikom temperatury. W cz\u0119\u015bci teoretycznej zawarto opis zasady dzia\u0142ania i metod pomiaru temperatury ze zwr\u00f3ceniem szczeg\u00f3lnej uwagi na praktyczny charakter informacji oraz podaniem przyk\u0142ad\u00f3w rozwi\u0105za\u0144 uk\u0142adowych po\u0142\u0105czenia r\u00f3\u017cnego rodzaju czujnik\u00f3w (rezystancyjnych, p\u00f3\u0142przewodnikowych, termopar). W cz\u0119\u015bci praktycznej w uj\u0119ciu katalogowym syntetycznie przedstawiono typowe scalone czujniki temperatury wyst\u0119puj\u0105ce na rynku (z wyj\u015bciem analogowym, progowym i cyfrowym).<\/p>\n","protected":false},"excerpt":{"rendered":"<p>Autor: Mariusz R. Rz\u0105sa Boles\u0142aw Kiczma Wydawca: Wydawnictwa Komunikacji i [&hellip;]<\/p>\n","protected":false},"featured_media":8978,"template":"","meta":[],"product_brand":[],"product_cat":[41],"product_tag":[5161,1876,1853],"class_list":{"0":"post-2838","1":"product","2":"type-product","3":"status-publish","4":"has-post-thumbnail","6":"product_cat-nauki-techniczne","7":"product_tag-czujniki-temperatury","8":"product_tag-elektronika-samochodowa","9":"product_tag-pojazdy-samochodowe","11":"first","12":"instock","13":"sale","14":"shipping-taxable","15":"purchasable","16":"product-type-simple"},"_links":{"self":[{"href":"http:\/\/ksiegarnia-akademicka.pl\/index.php\/wp-json\/wp\/v2\/product\/2838","targetHints":{"allow":["GET"]}}],"collection":[{"href":"http:\/\/ksiegarnia-akademicka.pl\/index.php\/wp-json\/wp\/v2\/product"}],"about":[{"href":"http:\/\/ksiegarnia-akademicka.pl\/index.php\/wp-json\/wp\/v2\/types\/product"}],"wp:featuredmedia":[{"embeddable":true,"href":"http:\/\/ksiegarnia-akademicka.pl\/index.php\/wp-json\/wp\/v2\/media\/8978"}],"wp:attachment":[{"href":"http:\/\/ksiegarnia-akademicka.pl\/index.php\/wp-json\/wp\/v2\/media?parent=2838"}],"wp:term":[{"taxonomy":"product_brand","embeddable":true,"href":"http:\/\/ksiegarnia-akademicka.pl\/index.php\/wp-json\/wp\/v2\/product_brand?post=2838"},{"taxonomy":"product_cat","embeddable":true,"href":"http:\/\/ksiegarnia-akademicka.pl\/index.php\/wp-json\/wp\/v2\/product_cat?post=2838"},{"taxonomy":"product_tag","embeddable":true,"href":"http:\/\/ksiegarnia-akademicka.pl\/index.php\/wp-json\/wp\/v2\/product_tag?post=2838"}],"curies":[{"name":"wp","href":"https:\/\/api.w.org\/{rel}","templated":true}]}}