{"id":2830,"date":"2018-05-22T12:46:41","date_gmt":"2018-05-22T10:46:41","guid":{"rendered":"http:\/\/ksiegarnia-akademicka.pl\/index.php\/product\/ubezpieczenia-spoleczne-2012-meritum\/"},"modified":"2022-11-02T09:33:34","modified_gmt":"2022-11-02T08:33:34","slug":"ubezpieczenia-spoleczne-2012-meritum","status":"publish","type":"product","link":"http:\/\/ksiegarnia-akademicka.pl\/index.php\/product\/ubezpieczenia-spoleczne-2012-meritum\/","title":{"rendered":"Meritum Ubezpieczenia spo\u0142eczne"},"content":{"rendered":"<p>Redakcja naukowa: Jerzy Ku\u017aniar<br \/>\nEwa Dziubi\u0144ska-Lechnio, Magdalena Kostrzewa, Piotr Kostrzewa, Eliza Skowro\u0144ska, Agnieszka \u015al\u0105zak, Joanna Suchanowska<br \/>\nWydawnictwo: Wolters Kluwer Polska<br \/>\nRok publikacji: 2022<br \/>\nWydanie: 9<br \/>\nLiczba stron: 1704<br \/>\nSeria: Meritum<br \/>\nRodzaj: Poradnik<br \/>\nFormat: B5<\/p>\n<p>Poradnik omawia zagadnienia zwi\u0105zane z systemem ubezpiecze\u0144 spo\u0142ecznych i \u015bwiadczeniami ubezpieczeniowymi, maj\u0105c na uwadze przede wszystkim praktyczne, przyst\u0119pne przedstawienie tematu. Nie jest to wi\u0119c komentarz do ustawy o systemie ubezpiecze\u0144 spo\u0142ecznych, ale swoisty poradnik przybli\u017caj\u0105cy w spos\u00f3b przyst\u0119pny zasady funkcjonowania w praktyce systemu ubezpiecze\u0144 spo\u0142ecznych, jak i wszystkich zwi\u0105zanych z nim \u015bwiadcze\u0144. Zaprezentowane zagadnienia maj\u0105 szerokie uj\u0119cie, gdy\u017c dotycz\u0105 r\u00f3wnie\u017c \u015bwiadcze\u0144 emerytalno-rentowych, \u015bwiadcze\u0144 znajduj\u0105cych si\u0119 poza ubezpieczeniami spo\u0142ecznym, tj. \u015bwiadcze\u0144 rodzinnych. Om\u00f3wiono tak\u017ce zasady koordynacji system\u00f3w zabezpieczenia spo\u0142ecznego pa\u0144stw UE.<\/p>\n<p>Nowo\u015bci w &#8222;Meritum. Ubezpieczenia spo\u0142eczne&#8221;, wyd. 9 \u2013 szczeg\u00f3\u0142owo om\u00f3wiono m.in. nast\u0119puj\u0105ce zagadnienia:<br \/>\n\u2022 ulga na start &#8211; czym jest, komu przys\u0142uguje<br \/>\n\u2022 \u201ema\u0142y ZUS plus\u201d \u2013 kt\u00f3rzy przedsi\u0119biorcy i na jakich warunkach mog\u0105 korzysta\u0107 z tej formy op\u0142acania sk\u0142adek<br \/>\n\u2022 zawieszenie\/wznowienie dzia\u0142alno\u015bci gospodarczej a podleganie ubezpieczeniom spo\u0142ecznym<br \/>\n\u2022 ubezpieczenie akcjonariuszy prostej sp\u00f3\u0142ki akcyjnej, kt\u00f3rych wk\u0142adem jest \u015bwiadczenie pracy lub us\u0142ug<br \/>\n\u2022 nowe zasady przys\u0142ugiwania zasi\u0142ku chorobowego w 2022 roku<br \/>\n\u2022 zasi\u0142ek chorobowy a COVID-19<br \/>\n\u2022 nowe dokumenty (formularze) wymagane do wyp\u0142aty zasi\u0142ku opieku\u0144czego<br \/>\n\u2022 dokumentowanie nieobecno\u015bci w pracy w okresie pandemicznym a wyp\u0142ata zasi\u0142ku chorobowego<br \/>\n\u2022 regulacje zwi\u0105zane z zasi\u0142kiem chorobowym dla obywateli Ukrainy<br \/>\n\u2022 zasi\u0142ek chorobowy dla os\u00f3b prowadz\u0105cych dzia\u0142alno\u015b\u0107 gospodarcz\u0105\/os\u00f3b wsp\u00f3\u0142pracuj\u0105cych \u2013 nowe regulacje<br \/>\n\u2022 nowe, istotne dla wyp\u0142aty \u015bwiadcze\u0144 \u2013 definicje utraty dochodu<br \/>\n\u2022 forma rzeczowa wyp\u0142aty \u015bwiadczenia rodzinnego<br \/>\n\u2022 zmienione zasady dokumentowania przy ubieganiu si\u0119 o zasi\u0142ek rodzinny<br \/>\n\u2022 wymogi przy ubieganiu si\u0119 o specjalny zasi\u0142ek opieku\u0144czy<br \/>\n\u2022 rodzinny kapita\u0142 opieku\u0144czy \u2013 nowe \u015bwiadczenie na rzecz rodzin z dzie\u0107mi na utrzymaniu (wysoko\u015b\u0107, zasady przyznawania, wymagane dokumenty)<br \/>\n\u2022 \u015bwiadczenie \u201eDobry start\u201d<br \/>\n\u2022 nowe zasady i kwoty zasi\u0142k\u00f3w wolne od potr\u0105ce\u0144 i egzekucji<br \/>\n\u2022 nowe regulacje dotycz\u0105ce uprawnie\u0144 do \u015bwiadcze\u0144 rodzinnych (dot. m.in. cudzoziemc\u00f3w)<br \/>\n\u2022 p\u0142atnik sk\u0142adek na ubezpieczenie w przypadku sukcesji przedsi\u0119biorstwa<br \/>\n\u2022 om\u00f3wienie ubezpieczenia doktorant\u00f3w \u2013 zakresu, ram czasowych ubezpieczenia<br \/>\n\u2022 obowi\u0105zek informowania ZUS o umowach o dzie\u0142o<br \/>\n\u2022 om\u00f3wienie nowego typu \u015bwiadczenia \u2013 \u015bwiadczenia teleinformatycznego \u2013 komu i na jakich zasadach przys\u0142uguje<br \/>\n\u2022 zmiany w warunkach przyznawania renty z tytu\u0142u niezdolno\u015bci do pracy<br \/>\n\u2022 om\u00f3wienie zasad funkcjonowania subkonta w ZUS<br \/>\n\u2022 zmiany w przys\u0142ugiwaniu okresowej emerytury kapita\u0142owej<br \/>\n\u2022 dziedziczenie \u015brodk\u00f3w po cz\u0142onkach OFE<br \/>\n\u2022 \u015bwiadczenia przyznawane przez Prezesa ZUS (przyznawane w drodze wyj\u0105tku, rodzicielskie \u015bwiadczenie uzupe\u0142niaj\u0105ce)<br \/>\n\u2022 \u015bwiadczenie wyr\u00f3wnawcze dla os\u00f3b uprawnionych do wcze\u015bniejszej emerytury z tytu\u0142u opieki nad dzie\u0107mi wymagaj\u0105cymi sta\u0142ej opieki<br \/>\n\u2022 \u015bwiadczenie wyr\u00f3wnawcze dla dzia\u0142acza opozycji antykomunistycznej\/osoby represjonowanej z powod\u00f3w politycznych<br \/>\n\u2022 dodatki i inne \u015bwiadczenia poza ubezpieczeniowe (m.in. piel\u0119gnacyjny, kombatancki, za tajne nauczanie, rycza\u0142t energetyczny, ekwiwalent pieni\u0119\u017cny z tytu\u0142u prawa do bezp\u0142atnego w\u0119gla, deputat w\u0119g\u0142owy)<br \/>\n\u2022 nowe formularze ZUS-owskie \u2013 wzory wype\u0142niania<br \/>\n\u2022 najnowsze, aktualne interpretacje ZUS-u, m.in. w kwestii ubezpieczenia zleceniobiorc\u00f3w<br \/>\n\u2022 om\u00f3wienie najnowszego orzecznictwa z zakresu ubezpiecze\u0144 spo\u0142ecznych.<\/p>\n<p>Publikacja jest przeznaczona dla pracownik\u00f3w dzia\u0142\u00f3w kadr, ksi\u0119gowo\u015bci, biur ksi\u0119gowo-rachunkowych oraz terenowych oddzia\u0142\u00f3w ZUS i jednostek pomocy spo\u0142ecznej.<\/p>\n","protected":false},"excerpt":{"rendered":"<p>Redakcja naukowa: Jerzy Ku\u017aniar Ewa Dziubi\u0144ska-Lechnio, Magdalena Kostrzewa, Piotr Kostrzewa, [&hellip;]<\/p>\n","protected":false},"featured_media":15659,"template":"","meta":[],"product_brand":[],"product_cat":[18,7550],"product_tag":[5152,1257,793,649],"class_list":{"0":"post-2830","1":"product","2":"type-product","3":"status-publish","4":"has-post-thumbnail","6":"product_cat-prawo","7":"product_cat-prawo-pracy","8":"product_tag-meritum","9":"product_tag-poradniki","10":"product_tag-prawo-pracy","11":"product_tag-prawo-ubezpieczen-spolecznych","13":"first","14":"instock","15":"sale","16":"shipping-taxable","17":"purchasable","18":"product-type-simple"},"_links":{"self":[{"href":"http:\/\/ksiegarnia-akademicka.pl\/index.php\/wp-json\/wp\/v2\/product\/2830","targetHints":{"allow":["GET"]}}],"collection":[{"href":"http:\/\/ksiegarnia-akademicka.pl\/index.php\/wp-json\/wp\/v2\/product"}],"about":[{"href":"http:\/\/ksiegarnia-akademicka.pl\/index.php\/wp-json\/wp\/v2\/types\/product"}],"wp:featuredmedia":[{"embeddable":true,"href":"http:\/\/ksiegarnia-akademicka.pl\/index.php\/wp-json\/wp\/v2\/media\/15659"}],"wp:attachment":[{"href":"http:\/\/ksiegarnia-akademicka.pl\/index.php\/wp-json\/wp\/v2\/media?parent=2830"}],"wp:term":[{"taxonomy":"product_brand","embeddable":true,"href":"http:\/\/ksiegarnia-akademicka.pl\/index.php\/wp-json\/wp\/v2\/product_brand?post=2830"},{"taxonomy":"product_cat","embeddable":true,"href":"http:\/\/ksiegarnia-akademicka.pl\/index.php\/wp-json\/wp\/v2\/product_cat?post=2830"},{"taxonomy":"product_tag","embeddable":true,"href":"http:\/\/ksiegarnia-akademicka.pl\/index.php\/wp-json\/wp\/v2\/product_tag?post=2830"}],"curies":[{"name":"wp","href":"https:\/\/api.w.org\/{rel}","templated":true}]}}