{"id":2817,"date":"2018-05-22T12:46:39","date_gmt":"2018-05-22T10:46:39","guid":{"rendered":"http:\/\/ksiegarnia-akademicka.pl\/index.php\/product\/ksztaltowanie-sie-ustroju-iii-rzeczypospolitej\/"},"modified":"2021-03-16T12:13:38","modified_gmt":"2021-03-16T11:13:38","slug":"ksztaltowanie-sie-ustroju-iii-rzeczypospolitej","status":"publish","type":"product","link":"http:\/\/ksiegarnia-akademicka.pl\/index.php\/product\/ksztaltowanie-sie-ustroju-iii-rzeczypospolitej\/","title":{"rendered":"Kszta\u0142towanie si\u0119 ustroju III Rzeczypospolitej"},"content":{"rendered":"<p>Autor:<br \/>\nAndrzej Stelmachowski<br \/>\nWydawca: \u0141o\u015bgraf<br \/>\nFormat: 14.8&#215;20.5<br \/>\nLiczba stron: 196<br \/>\nRok wydania: 2012<\/p>\n<p>Andrzej Stanis\u0142aw Ksawery Stelmachowski, syn Wis\u0142awy z Majewskich i Bronis\u0142awa Stelmachowskiego, urodzi\u0142 si\u0119 28 stycznia 1925 r. w Poznaniu, zmar\u0142 6 kwietnia 2009 r. w Warszawie. Uczony, wybitny prawnik, nauczyciel akademicki i organizator \u017cycia naukowego (autor ponad 200 publikacji naukowych), spo\u0142ecznik i polityk, jeden z tw\u00f3rc\u00f3w Polski Odrodzonej; marsza\u0142ek Senatu, minister edukacji, prezes Stowarzyszenia &#8222;Wsp\u00f3lnota Polska&#8221; w latach 1990- -2008. Doradca Prezydenta RP ds. Polonii. \u015awiadek historii i jej wsp\u00f3\u0142tw\u00f3rca. Wsz\u0119dzie i zawsze prezentowa\u0142 trwa\u0142y system warto\u015bci, po\u015br\u00f3d kt\u00f3rych najwa\u017cniejsze by\u0142y: prawo\u015b\u0107, wierno\u015b\u0107 przekonaniom, odpowiedzialno\u015b\u0107, troska o dobro wsp\u00f3lne i kierowanie si\u0119 spo\u0142eczn\u0105 nauk\u0105 Ko\u015bcio\u0142a. \u017bycie profesora obj\u0119\u0142o cztery r\u00f3\u017cne etapy najnowszej historii Polski: 14 lat w II Rzeczypospolitej (dzieci\u0144stwo), 5 lat w Pa\u0144stwie Podziemnym, 44 la ta w PRL -u i 20 lat w III Rzeczypospolitej.<br \/>\n&#8230;nale\u017ca\u0142em do niewielkiego grona os\u00f3b, kt\u00f3re by\u0142y aktorami wydarze\u0144 Wielkiego Prze\u0142omu. (&#8230;) S\u0105dzi\u0142em wi\u0119c, \u017ce by\u0142oby rzecz\u0105 s\u0142uszn\u0105 podj\u0105\u0107 pr\u00f3b\u0119 wskazania na kszta\u0142towanie si\u0119 tego \u0142a\u0144cucha przyczyn i skutk\u00f3w, kt\u00f3ry doprowadzi\u0142 do odzyskania niepodleg\u0142o\u015bci doby wsp\u00f3\u0142czesnej. Mam te\u017c pe\u0142n\u0105 \u015bwiadomo\u015b\u0107, \u017ce proces budowy III Rzeczypospolitej jeszcze si\u0119 nie zako\u0144czy\u0142. Niemniej jednak jej kszta\u0142t jest na tyle przes\u0105dzony, \u017ce mo\u017cna podj\u0105\u0107 pr\u00f3b\u0119 pewnej rekapitulacji wydarze\u0144. Owa rekapitulacja by\u0142a przedmiotem wyk\u0142adu monograficznego, jaki przez okres trzech lat mia\u0142em dla student\u00f3w Uniwersytetu Warszawskiego. Tre\u015b\u0107 tego wyk\u0142adu zawarta jest w niniejszej pracy. Nie jest ona systematycznym podr\u0119cznikiem, nie jest r\u00f3wnie\u017c monografi\u0105 obudowan\u0105 warsztatem naukowym i licznymi przypisami. Jest to raczej szkic, kt\u00f3ry pozwoli &#8211; w zamierzeniu autora &#8211; na wyrobienie sobie przez czytelnika w\u0142asnego pogl\u0105du na nie\u0142atw\u0105 histori\u0119 narodu polskiego doby wsp\u00f3\u0142czesnej, widzian\u0105 w toku jej stawania si\u0119. P r z y n o s i t e \u017c o k r u c h y t y c h f a k t \u00f3 w i d o k u m e n t \u00f3 w , k t \u00f3 r e d o t y c h c z a s n i e b y \u0142 y p u b l i k o w a n e . Przybli\u017cy to zapewne poznanie prawdy tak\u0105, jak\u0105 ona by\u0142a &#8211; nawet je\u017celi nie przystaje ona do rozpowszechnionych schemat\u00f3w.<\/p>\n","protected":false},"excerpt":{"rendered":"<p>Autor: Andrzej Stelmachowski Wydawca: \u0141o\u015bgraf Format: 14.8&#215;20.5 Liczba stron: 196 [&hellip;]<\/p>\n","protected":false},"featured_media":8022,"template":"","meta":[],"product_brand":[],"product_cat":[7496,27,7507,18],"product_tag":[67,873,5148],"class_list":{"0":"post-2817","1":"product","2":"type-product","3":"status-publish","4":"has-post-thumbnail","6":"product_cat-konstytucyjne","7":"product_cat-nauki-spoleczne","8":"product_cat-politologia","9":"product_cat-prawo","10":"product_tag-historia-polski","11":"product_tag-prawo-konstytucyjne","12":"product_tag-ustroj-rp","14":"first","15":"instock","16":"sale","17":"shipping-taxable","18":"purchasable","19":"product-type-simple"},"_links":{"self":[{"href":"http:\/\/ksiegarnia-akademicka.pl\/index.php\/wp-json\/wp\/v2\/product\/2817","targetHints":{"allow":["GET"]}}],"collection":[{"href":"http:\/\/ksiegarnia-akademicka.pl\/index.php\/wp-json\/wp\/v2\/product"}],"about":[{"href":"http:\/\/ksiegarnia-akademicka.pl\/index.php\/wp-json\/wp\/v2\/types\/product"}],"wp:featuredmedia":[{"embeddable":true,"href":"http:\/\/ksiegarnia-akademicka.pl\/index.php\/wp-json\/wp\/v2\/media\/8022"}],"wp:attachment":[{"href":"http:\/\/ksiegarnia-akademicka.pl\/index.php\/wp-json\/wp\/v2\/media?parent=2817"}],"wp:term":[{"taxonomy":"product_brand","embeddable":true,"href":"http:\/\/ksiegarnia-akademicka.pl\/index.php\/wp-json\/wp\/v2\/product_brand?post=2817"},{"taxonomy":"product_cat","embeddable":true,"href":"http:\/\/ksiegarnia-akademicka.pl\/index.php\/wp-json\/wp\/v2\/product_cat?post=2817"},{"taxonomy":"product_tag","embeddable":true,"href":"http:\/\/ksiegarnia-akademicka.pl\/index.php\/wp-json\/wp\/v2\/product_tag?post=2817"}],"curies":[{"name":"wp","href":"https:\/\/api.w.org\/{rel}","templated":true}]}}