{"id":2746,"date":"2018-05-22T12:46:30","date_gmt":"2018-05-22T10:46:30","guid":{"rendered":"http:\/\/ksiegarnia-akademicka.pl\/index.php\/product\/pedagogika-przedszkolna\/"},"modified":"2019-12-02T09:13:09","modified_gmt":"2019-12-02T08:13:09","slug":"pedagogika-przedszkolna","status":"publish","type":"product","link":"http:\/\/ksiegarnia-akademicka.pl\/index.php\/product\/pedagogika-przedszkolna\/","title":{"rendered":"Pedagogika przedszkolna Nowa podstawa programowa"},"content":{"rendered":"<p>Anna Klim-Klimaszewska<br \/>\nWydawca: Erica<br \/>\nOprawa: Mi\u0119kka ze skrzyde\u0142kami<br \/>\nFormat: 16.0&#215;23.0cm<br \/>\nLiczba stron: 376<br \/>\nWydanie: 2<br \/>\nRok wydania: 2011<\/p>\n<p>Nowe, rozszerzone wydanie, oparte o bie\u017c\u0105c\u0105 podstaw\u0105 programow\u0105.<br \/>\nProf. nzw. dr hab. Anna Klim-Klimaszewska, pedagog, ca\u0142o\u015bciowo opisuje zagadnienia stanowi\u0105ce podstaw\u0119 pracy z dzie\u0107mi w wieku przedszkolnym.<br \/>\nW ksi\u0105\u017cce zamieszczone s\u0105 nie tylko teoretyczne podstawy edukacji dzieci w wieku przedszkolnym, ale r\u00f3wnie\u017c scenariusze praktycznych zaj\u0119\u0107, kt\u00f3rych celem jest prawid\u0142owe wychowanie dzieci.<br \/>\nUnikatowa pozycja na rynku wydawniczym polecana nauczycielom przedszkolnym, studentom pedagogiki, rodzicom, a tak\u017ce wszystkim zainteresowanym tematem.<\/p>\n","protected":false},"excerpt":{"rendered":"<p>Anna Klim-Klimaszewska Wydawca: Erica Oprawa: Mi\u0119kka ze skrzyde\u0142kami Format: 16.0&#215;23.0cm [&hellip;]<\/p>\n","protected":false},"featured_media":7600,"template":"","meta":[],"product_brand":[],"product_cat":[28],"product_tag":[51,5116],"class_list":{"0":"post-2746","1":"product","2":"type-product","3":"status-publish","4":"has-post-thumbnail","6":"product_cat-pedagogika","7":"product_tag-pedagogika","8":"product_tag-pedagogika-przedszkolna","10":"first","11":"outofstock","12":"sale","13":"shipping-taxable","14":"purchasable","15":"product-type-simple"},"_links":{"self":[{"href":"http:\/\/ksiegarnia-akademicka.pl\/index.php\/wp-json\/wp\/v2\/product\/2746","targetHints":{"allow":["GET"]}}],"collection":[{"href":"http:\/\/ksiegarnia-akademicka.pl\/index.php\/wp-json\/wp\/v2\/product"}],"about":[{"href":"http:\/\/ksiegarnia-akademicka.pl\/index.php\/wp-json\/wp\/v2\/types\/product"}],"wp:featuredmedia":[{"embeddable":true,"href":"http:\/\/ksiegarnia-akademicka.pl\/index.php\/wp-json\/wp\/v2\/media\/7600"}],"wp:attachment":[{"href":"http:\/\/ksiegarnia-akademicka.pl\/index.php\/wp-json\/wp\/v2\/media?parent=2746"}],"wp:term":[{"taxonomy":"product_brand","embeddable":true,"href":"http:\/\/ksiegarnia-akademicka.pl\/index.php\/wp-json\/wp\/v2\/product_brand?post=2746"},{"taxonomy":"product_cat","embeddable":true,"href":"http:\/\/ksiegarnia-akademicka.pl\/index.php\/wp-json\/wp\/v2\/product_cat?post=2746"},{"taxonomy":"product_tag","embeddable":true,"href":"http:\/\/ksiegarnia-akademicka.pl\/index.php\/wp-json\/wp\/v2\/product_tag?post=2746"}],"curies":[{"name":"wp","href":"https:\/\/api.w.org\/{rel}","templated":true}]}}